{"id":18698,"date":"2017-11-21T10:09:35","date_gmt":"2017-11-21T10:09:35","guid":{"rendered":"http:\/\/www.bendel.de\/impreso\/"},"modified":"2024-04-17T17:14:31","modified_gmt":"2024-04-17T17:14:31","slug":"impreso-2","status":"publish","type":"page","link":"https:\/\/bendel.de\/es\/impreso-2\/","title":{"rendered":"Impreso"},"content":{"rendered":"<p>[et_pb_section fb_built=\u00bb1&#8243; _builder_version=\u00bb4.16&#8243; global_colors_info=\u00bb{}\u00bb][et_pb_row _builder_version=\u00bb4.16&#8243; background_size=\u00bbinitial\u00bb background_position=\u00bbtop_left\u00bb background_repeat=\u00bbrepeat\u00bb global_colors_info=\u00bb{}\u00bb][et_pb_column type=\u00bb4_4&#8243; _builder_version=\u00bb4.16&#8243; custom_padding=\u00bb|||\u00bb global_colors_info=\u00bb{}\u00bb custom_padding__hover=\u00bb|||\u00bb][et_pb_text _builder_version=\u00bb4.24.2&#8243; hover_enabled=\u00bb0&#8243; global_colors_info=\u00bb{}\u00bb sticky_enabled=\u00bb0&#8243;]<\/p>\n<h5>Responsable:<\/h5>\n<p>BENDEL Werkzeuge GmbH &amp; Co.KG<br \/>Wilhelm-Schulze-Str. 8-10<br \/>D-29549 Bad Bevensen\/Alemania<\/p>\n<div class=\"rt-grid-6 rt-omega\">\n<div class=\"rt-block \">\n<div class=\"module-surround\">\n<div class=\"module-content\">\n<div class=\"custom\">\n<p>Tel\u00e9fono: +49 (0) 5821 9897-0<br \/>Email: info@bendel.de<\/p>\n<h5>Juzgado competente:<\/h5>\n<p>Juzgado de primera instancia de L\u00fcneburg &#8211; HRA 200522<\/p>\n<h5>N\u00famero fiscal:<\/h5>\n<p>N\u00famero de identificaci\u00f3n del impuesto sobre el volumen de ventas: DE 255 092 551 <span lang=\"EN-GB\">N\u00ba de reg. WEEE DE 58512437<\/span><\/p>\n<h5>Socia responsable personalmente:<\/h5>\n<p>BENDEL GmbH\/Sede Bad Bevensen<br \/>Gerente: Christian Matzen<br \/>Juzgado de primera instancia de L\u00fcneburg &#8211; HRA 200952<\/p>\n<h5>\u00a0<strong>Responsable del contenido:<\/strong><\/h5>\n<p>BENDEL Werkzeuge GmbH &amp; Co. KG<br \/>Persona de contacto: Christian Matzen<\/p>\n<h5>Exclusi\u00f3n de responsabilidad:<\/h5>\n<p>BENDEL Werkzeuge GmbH &amp; Co. KG compila los contenidos de estas p\u00e1ginas de Internet con el m\u00e1ximo esmero y procura su actualizaci\u00f3n regular. No obstante, las indicaciones sirven exclusivamente para informaci\u00f3n general no vinculante y no sustituyen a un asesoramiento individual en detalle. BENDEL Werkzeuge GmbH &amp; Co. KG no asume ninguna garant\u00eda sobre la actualidad, correcci\u00f3n e integridad de las informaciones en estas p\u00e1ginas o para el acceso permanente sin interferencias. En caso de enlaces (Links) con p\u00e1ginas de Internet de terceros, BENDEL Werkzeuge GmbH &amp; Co. KG no asume ninguna responsabilidad por los contenidos de las p\u00e1ginas enlazadas. Con el accionamiento del enlace usted abandonar\u00e1 la oferta de informaci\u00f3n de BENDEL Werkzeuge GmbH &amp; Co. KG. Por ello, para las ofertas de terceros pueden estar vigentes reglamentos diferentes, especialmente en lo referente a la protecci\u00f3n de datos. En adelante, BENDEL Werkzeuge GmbH &amp; Co. KG excluye su responsabilidad en las prestaciones de servicios, en especial en la descarga de los archivos puestos a disposici\u00f3n por BENDEL Werkzeuge GmbH &amp; Co. KG en las p\u00e1ginas de Internet de BENDEL Werkzeuge GmbH &amp; Co. KG, para prevaricaciones negligentes leves. <strong>\u00a9 Copyright BENDEL Werkzeuge GmbH &amp; Co. KG, Bad Bevensen, Alemania<\/strong> Reservados todos los derechos. Textos, im\u00e1genes, gr\u00e1ficos, sonido, animaciones y v\u00eddeos, as\u00ed como su disposici\u00f3n en<a href=\"https:\/\/www.bendel.de\">www.bendel.de<\/a>La p\u00e1gina Web est\u00e1 sujeta a la protecci\u00f3n de los derechos de autor y otras leyes de protecci\u00f3n. El contenido de esta p\u00e1gina Web no debe ser copiado, difundido, modificado, ni se debe dar acceso al mismo a terceros con finalidades comerciales. Algunas p\u00e1ginas contienen adem\u00e1s im\u00e1genes que est\u00e1n sujetas al Copyright de terceros.<\/p>\n<hr \/>\n<h5>\u00a0<\/h5>\n<h5>Realizaci\u00f3n:<\/h5>\n<p>Concepci\u00f3n, dise\u00f1o y redacci\u00f3n: www.ONO-design.de Annette Roemer Helenenstra\u00dfe 11 22765 Hamburg Tel\u00e9fono 040 4803469<\/p>\n<h5>Material fotogr\u00e1fico sujeto a protecci\u00f3n por derechos de autor:<\/h5>\n<p>bendel shutterstock<\/p>\n<\/div>\n<\/div>\n<\/div>\n<\/div>\n<\/div>\n<p>[\/et_pb_text][\/et_pb_column][\/et_pb_row][\/et_pb_section]<\/p>\n","protected":false},"excerpt":{"rendered":"<p>Responsable: BENDEL Werkzeuge GmbH &amp; Co.KGWilhelm-Schulze-Str. 8-10D-29549 Bad Bevensen\/Alemania Tel\u00e9fono: +49 (0) 5821 9897-0Email: info@bendel.de Juzgado competente: Juzgado de primera instancia de L\u00fcneburg &#8211; HRA 200522 N\u00famero fiscal: N\u00famero de identificaci\u00f3n del impuesto sobre el volumen de ventas: DE 255 092 551 N\u00ba de reg. WEEE DE 58512437 Socia responsable personalmente: BENDEL GmbH\/Sede Bad BevensenGerente: [&hellip;]<\/p>\n","protected":false},"author":8,"featured_media":0,"parent":0,"menu_order":271,"comment_status":"closed","ping_status":"closed","template":"","meta":{"_et_pb_use_builder":"on","_et_pb_old_content":"","_et_gb_content_width":"","footnotes":""},"class_list":["post-18698","page","type-page","status-publish","hentry"],"_links":{"self":[{"href":"https:\/\/bendel.de\/es\/wp-json\/wp\/v2\/pages\/18698","targetHints":{"allow":["GET"]}}],"collection":[{"href":"https:\/\/bendel.de\/es\/wp-json\/wp\/v2\/pages"}],"about":[{"href":"https:\/\/bendel.de\/es\/wp-json\/wp\/v2\/types\/page"}],"author":[{"embeddable":true,"href":"https:\/\/bendel.de\/es\/wp-json\/wp\/v2\/users\/8"}],"replies":[{"embeddable":true,"href":"https:\/\/bendel.de\/es\/wp-json\/wp\/v2\/comments?post=18698"}],"version-history":[{"count":7,"href":"https:\/\/bendel.de\/es\/wp-json\/wp\/v2\/pages\/18698\/revisions"}],"predecessor-version":[{"id":28320,"href":"https:\/\/bendel.de\/es\/wp-json\/wp\/v2\/pages\/18698\/revisions\/28320"}],"wp:attachment":[{"href":"https:\/\/bendel.de\/es\/wp-json\/wp\/v2\/media?parent=18698"}],"curies":[{"name":"wp","href":"https:\/\/api.w.org\/{rel}","templated":true}]}}