{"id":18724,"date":"2017-11-21T10:09:37","date_gmt":"2017-11-21T10:09:37","guid":{"rendered":"http:\/\/www.bendel.de\/sobre-nosotros\/"},"modified":"2025-02-25T12:16:12","modified_gmt":"2025-02-25T12:16:12","slug":"sobre-nosotros","status":"publish","type":"page","link":"https:\/\/bendel.de\/es\/sobre-nosotros\/","title":{"rendered":"Sobre nosotros"},"content":{"rendered":"<p>[et_pb_section fb_built=\u00bb1&#8243; inner_shadow=\u00bbon\u00bb fullwidth=\u00bbon\u00bb admin_label=\u00bbsection\u00bb _builder_version=\u00bb4.16&#8243; background_color=\u00bb#001f54&#8243; custom_padding=\u00bb50px||50px|\u00bb global_colors_info=\u00bb{}\u00bb][et_pb_fullwidth_header title=\u00bbSobre nosotros:\u00bb content_max_width=\u00bbnone\u00bb _builder_version=\u00bb4.16&#8243; title_font=\u00bb||||\u00bb title_font_size=\u00bb36px\u00bb background_color=\u00bbrgba(255, 255, 255, 0)\u00bb button_one_letter_spacing_hover=\u00bb0&#8243; button_two_letter_spacing_hover=\u00bb0&#8243; global_colors_info=\u00bb{}\u00bb button_one_text_size__hover_enabled=\u00bboff\u00bb button_two_text_size__hover_enabled=\u00bboff\u00bb button_one_text_color__hover_enabled=\u00bboff\u00bb button_two_text_color__hover_enabled=\u00bboff\u00bb button_one_border_width__hover_enabled=\u00bboff\u00bb button_two_border_width__hover_enabled=\u00bboff\u00bb button_one_border_color__hover_enabled=\u00bboff\u00bb button_two_border_color__hover_enabled=\u00bboff\u00bb button_one_border_radius__hover_enabled=\u00bboff\u00bb button_two_border_radius__hover_enabled=\u00bboff\u00bb button_one_letter_spacing__hover_enabled=\u00bbon\u00bb button_one_letter_spacing__hover=\u00bb0&#8243; button_two_letter_spacing__hover_enabled=\u00bbon\u00bb button_two_letter_spacing__hover=\u00bb0&#8243; button_one_bg_color__hover_enabled=\u00bboff\u00bb button_two_bg_color__hover_enabled=\u00bboff\u00bb]<strong>El objetivo de nuestra empresa es la distribuci\u00f3n de herramientas, accesorios y art\u00edculos de desgaste neum\u00e1ticos para la industria y el mundo del autom\u00f3vil.<\/strong> En paralelo en los \u00faltimos a\u00f1os nos hemos especializado en el desarrollo de innovaciones en herramientas y en su introducci\u00f3n en el mercado. Muchos de nuestros productos est\u00e1n asegurados por derechos de protecci\u00f3n y de marca.<\/p>\n<p style=\"text-align: left;\"><strong>Hasta hoy estamos representados en todo el mundo con m\u00e1s de 1.500 art\u00edculos de nuestros productos en m\u00e1s de 56 pa\u00edses. Entre otros: Europa, Norteam\u00e9rica, Sudam\u00e9rica, Oriente Medio, Jap\u00f3n, Australia, Rusia, Taiwan.<\/strong><\/p>\n<p>Nuestra mentalidad de calidad la llevamos en la conciencia, satisfacer las exigencias de nuestros clientes con los m\u00e1ximos criterios de calidad y con la funcionalidad de nuestros productos.<br \/>\n[\/et_pb_fullwidth_header][\/et_pb_section][et_pb_section fb_built=\u00bb1&#8243; admin_label=\u00bbsection\u00bb _builder_version=\u00bb4.16&#8243; custom_padding=\u00bb||0px|\u00bb global_colors_info=\u00bb{}\u00bb][et_pb_row column_structure=\u00bb1_3,1_3,1_3&#8243; admin_label=\u00bbrow\u00bb _builder_version=\u00bb4.16&#8243; background_size=\u00bbinitial\u00bb background_position=\u00bbtop_left\u00bb background_repeat=\u00bbrepeat\u00bb custom_padding=\u00bb0px||100px|\u00bb global_colors_info=\u00bb{}\u00bb][et_pb_column type=\u00bb1_3&#8243; _builder_version=\u00bb4.16&#8243; background_position=\u00bbtop_left\u00bb custom_padding=\u00bb|||\u00bb global_colors_info=\u00bb{}\u00bb custom_padding__hover=\u00bb|||\u00bb][et_pb_text _builder_version=\u00bb4.24.2&#8243; background_size=\u00bbinitial\u00bb background_position=\u00bbtop_left\u00bb background_repeat=\u00bbrepeat\u00bb module_alignment=\u00bbleft\u00bb border_style=\u00bbsolid\u00bb global_colors_info=\u00bb{}\u00bb]<\/p>\n<h2>Christian Matzen<\/h2>\n<p><strong>Gerente<\/strong><br \/>\n<strong>+49 5821-9897-0<br \/>\n<\/strong><a href=\"mailto:info@bendel.de\">info@bendel.de<\/a>[\/et_pb_text][et_pb_text _builder_version=\u00bb4.27.4&#8243; background_size=\u00bbinitial\u00bb background_position=\u00bbtop_left\u00bb background_repeat=\u00bbrepeat\u00bb module_alignment=\u00bbleft\u00bb hover_enabled=\u00bb0&#8243; global_colors_info=\u00bb{}\u00bb sticky_enabled=\u00bb0&#8243;]<\/p>\n<h2>Brian Backhaus<\/h2>\n<p><strong>Responsable de Ventas Internacionales<\/strong><br \/>\n<strong>+49 5821-9897-0<br \/>\n<\/strong><a href=\"mailto:brian.backhaus@bendel.de\">brian.backhaus@bendel.de<\/a>[\/et_pb_text][et_pb_text _builder_version=\u00bb4.27.4&#8243; background_size=\u00bbinitial\u00bb background_position=\u00bbtop_left\u00bb background_repeat=\u00bbrepeat\u00bb module_alignment=\u00bbleft\u00bb hover_enabled=\u00bb0&#8243; border_style=\u00bbsolid\u00bb global_colors_info=\u00bb{}\u00bb sticky_enabled=\u00bb0&#8243;]<\/p>\n<h2>Michael Schop<\/h2>\n<p><strong>Responsable de Compras y Contabilidad<\/strong><br \/>\n<strong>+49 5821-9897-0<br \/>\n<\/strong><a href=\"mailto:schop@bendel.de\">schop@bendel.de<\/a>[\/et_pb_text][et_pb_text _builder_version=\u00bb4.16&#8243; background_size=\u00bbinitial\u00bb background_position=\u00bbtop_left\u00bb background_repeat=\u00bbrepeat\u00bb module_alignment=\u00bbleft\u00bb global_colors_info=\u00bb{}\u00bb]<\/p>\n<h2>Siegfried K\u00f6hn<\/h2>\n<p><strong>Direcci\u00f3n de servicio y log\u00edstica<br \/>\n<\/strong><strong>+49 5821-9897-0<br \/>\n<\/strong><a href=\"mailto:info@bendel.de\">info@bendel.de<\/a>[\/et_pb_text][\/et_pb_column][et_pb_column type=\u00bb1_3&#8243; _builder_version=\u00bb4.16&#8243; background_position=\u00bbtop_left\u00bb custom_padding=\u00bb|||\u00bb global_colors_info=\u00bb{}\u00bb custom_padding__hover=\u00bb|||\u00bb][et_pb_text _builder_version=\u00bb4.20.2&#8243; background_size=\u00bbinitial\u00bb background_position=\u00bbtop_left\u00bb background_repeat=\u00bbrepeat\u00bb module_alignment=\u00bbleft\u00bb global_colors_info=\u00bb{}\u00bb]<\/p>\n<div style=\"visibility:hidden\">\n<h2>&nbsp;<\/h2>\n<p><strong>&nbsp;<\/strong><br \/>\n<strong>&nbsp;<\/strong><br \/>\n<a href=\"#\">&nbsp;<\/a>\n<\/div>\n<p>[\/et_pb_text][et_pb_text _builder_version=\u00bb4.27.4&#8243; background_size=\u00bbinitial\u00bb background_position=\u00bbtop_left\u00bb background_repeat=\u00bbrepeat\u00bb module_alignment=\u00bbleft\u00bb hover_enabled=\u00bb0&#8243; global_colors_info=\u00bb{}\u00bb sticky_enabled=\u00bb0&#8243;]<\/p>\n<h2>Alana Storm-Ohm<\/h2>\n<p><strong>Responsable de Ventas Nacionales <\/strong><br \/>\n<strong>+49 5821-9897-0<\/strong><br \/>\n<\/strong><a href=\"mailto:alana.storm-ohm@bendel.de\">alana.storm-ohm@bendel.de<\/a>[\/et_pb_text][et_pb_text _builder_version=\u00bb4.16&#8243; background_size=\u00bbinitial\u00bb background_position=\u00bbtop_left\u00bb background_repeat=\u00bbrepeat\u00bb module_alignment=\u00bbleft\u00bb global_colors_info=\u00bb{}\u00bb]<\/p>\n<h2>Carsten Hanke<\/h2>\n<p><strong>Direcci\u00f3n de almac\u00e9n<\/strong><br \/>\n<strong>+49 5821-9897-0<\/strong><br \/>\n<a href=\"mailto:info@bendel.de\">info@bendel.de<\/a>[\/et_pb_text][\/et_pb_column][et_pb_column type=\u00bb1_3&#8243; _builder_version=\u00bb4.16&#8243; background_position=\u00bbtop_left\u00bb custom_padding=\u00bb|||\u00bb global_colors_info=\u00bb{}\u00bb custom_padding__hover=\u00bb|||\u00bb][et_pb_text _builder_version=\u00bb4.20.2&#8243; background_size=\u00bbinitial\u00bb background_position=\u00bbtop_left\u00bb background_repeat=\u00bbrepeat\u00bb module_alignment=\u00bbleft\u00bb global_colors_info=\u00bb{}\u00bb]<\/p>\n<div style=\"visibility:hidden\">\n<h2>&nbsp;<\/h2>\n<p><strong>&nbsp;<\/strong><br \/>\n<strong>&nbsp;<\/strong><br \/>\n<a href=\"#\">&nbsp;<\/a>\n<\/div>\n<p>[\/et_pb_text][et_pb_text _builder_version=\u00bb4.20.2&#8243; background_size=\u00bbinitial\u00bb background_position=\u00bbtop_left\u00bb background_repeat=\u00bbrepeat\u00bb module_alignment=\u00bbleft\u00bb global_colors_info=\u00bb{}\u00bb]<\/p>\n<div style=\"visibility:hidden\">\n<h2>&nbsp;<\/h2>\n<p><strong>&nbsp;<\/strong><br \/>\n<strong>&nbsp;<\/strong><br \/>\n<a href=\"#\">&nbsp;<\/a>\n<\/div>\n<p>[\/et_pb_text][et_pb_text _builder_version=\u00bb4.16&#8243; background_size=\u00bbinitial\u00bb background_position=\u00bbtop_left\u00bb background_repeat=\u00bbrepeat\u00bb module_alignment=\u00bbleft\u00bb global_colors_info=\u00bb{}\u00bb]<\/p>\n<h2>Rico Romey<\/h2>\n<p><strong>Direcci\u00f3n de secuenciaci\u00f3n \/ OEM<\/strong><br \/>\n<strong>+49 5821-9897-0<\/strong><br \/>\n<a href=\"mailto:info@bendel.de\">info@bendel.de<\/a>[\/et_pb_text][\/et_pb_column][\/et_pb_row][\/et_pb_section][et_pb_section fb_built=\u00bb1&#8243; inner_shadow=\u00bbon\u00bb admin_label=\u00bbsection\u00bb _builder_version=\u00bb4.16&#8243; background_color=\u00bb#001f54&#8243; global_colors_info=\u00bb{}\u00bb][et_pb_row column_structure=\u00bb1_3,1_3,1_3&#8243; admin_label=\u00bbrow\u00bb _builder_version=\u00bb4.16&#8243; background_size=\u00bbinitial\u00bb background_position=\u00bbtop_left\u00bb background_repeat=\u00bbrepeat\u00bb global_colors_info=\u00bb{}\u00bb][et_pb_column type=\u00bb1_3&#8243; _builder_version=\u00bb4.16&#8243; custom_padding=\u00bb|||\u00bb global_colors_info=\u00bb{}\u00bb custom_padding__hover=\u00bb|||\u00bb][et_pb_text _builder_version=\u00bb4.16&#8243; header_font_size=\u00bb31px\u00bb background_size=\u00bbinitial\u00bb background_position=\u00bbtop_left\u00bb background_repeat=\u00bbrepeat\u00bb text_orientation=\u00bbcenter\u00bb background_layout=\u00bbdark\u00bb module_alignment=\u00bbcenter\u00bb border_style=\u00bbsolid\u00bb global_colors_info=\u00bb{}\u00bb]<\/p>\n<h2 style=\"text-align: left;\"><span style=\"font-size: 24pt;\">Historia:<\/span><\/h2>\n<p style=\"text-align: left;\"><strong>Nuestra historia comienza en 1991 con la fundaci\u00f3n de \u00abBENDEL HANDELSVERTRETUNGEN\u201c, la cual principalmente organizaba la distribuci\u00f3n de \u00abHirane Autospotter\u00bb en Alemania a trav\u00e9s de una extensa red de grandes comercios.<\/strong><\/p>\n<p>[\/et_pb_text][\/et_pb_column][et_pb_column type=\u00bb1_3&#8243; _builder_version=\u00bb4.16&#8243; custom_padding=\u00bb|||\u00bb global_colors_info=\u00bb{}\u00bb custom_padding__hover=\u00bb|||\u00bb][et_pb_text _builder_version=\u00bb4.16&#8243; background_size=\u00bbinitial\u00bb background_position=\u00bbtop_left\u00bb background_repeat=\u00bbrepeat\u00bb text_orientation=\u00bbcenter\u00bb background_layout=\u00bbdark\u00bb module_alignment=\u00bbcenter\u00bb border_style=\u00bbsolid\u00bb global_colors_info=\u00bb{}\u00bb]<\/p>\n<p style=\"text-align: left;\">En <strong>1993<\/strong> adquirimos \u00abDouble Dynasty Co. Ltd.\u00bb de Taiwan la representaci\u00f3n de \u00abCartool\u00bb para herramientas de aire comprimido.<\/p>\n<p style=\"text-align: left;\">En <strong>1994<\/strong> se ampli\u00f3 la marca Cartool y herramientas especiales y de carrocer\u00eda para el sector del autom\u00f3vil.<\/p>\n<p style=\"text-align: left;\">En <strong>1995<\/strong> adquisici\u00f3n de un bien inmobiliario industrial y construcci\u00f3n de las oficinas y almac\u00e9n<\/p>\n<p style=\"text-align: left;\">En <strong>1996<\/strong> traslado y ocupaci\u00f3n en Wilhelm-Schulze Str. 8-10 en 29549 Bad Bevensen<\/p>\n<p style=\"text-align: left;\">En <strong>1997<\/strong> BENDEL WERKZEUGE, vendedor registrado<\/p>\n<p style=\"text-align: left;\">En <strong>1999<\/strong> adquisici\u00f3n de las primeras licencias comerciales basadas en derechos de protecci\u00f3n<\/p>\n<p>[\/et_pb_text][\/et_pb_column][et_pb_column type=\u00bb1_3&#8243; _builder_version=\u00bb4.16&#8243; custom_padding=\u00bb|||\u00bb global_colors_info=\u00bb{}\u00bb custom_padding__hover=\u00bb|||\u00bb][et_pb_text _builder_version=\u00bb4.16&#8243; background_size=\u00bbinitial\u00bb background_position=\u00bbtop_left\u00bb background_repeat=\u00bbrepeat\u00bb text_orientation=\u00bbcenter\u00bb background_layout=\u00bbdark\u00bb module_alignment=\u00bbcenter\u00bb border_style=\u00bbsolid\u00bb global_colors_info=\u00bb{}\u00bb]<\/p>\n<p style=\"text-align: left;\">En <strong>2004<\/strong> introducci\u00f3n de los equipos de limpieza Tornador\u00ae<\/p>\n<p style=\"text-align: left;\">En <strong>2008<\/strong> adquisici\u00f3n de las licencias en exclusiva para la tecnolog\u00eda EARS\u00ae<\/p>\n<p style=\"text-align: left;\">En <strong>2008<\/strong> adquisici\u00f3n del bien inmobiliario EARS-Europe<\/p>\n<p style=\"text-align: left;\">En <strong>2010<\/strong> adquisici\u00f3n de las patentes EARS\u00ae a nivel mundial<\/p>\n<p style=\"text-align: left;\">En <strong>2015<\/strong> introducci\u00f3n de la marca Rotatdor\u00ae<\/p>\n<p>[\/et_pb_text][\/et_pb_column][\/et_pb_row][\/et_pb_section][et_pb_section fb_built=\u00bb1&#8243; inner_shadow=\u00bbon\u00bb admin_label=\u00bbsection\u00bb _builder_version=\u00bb4.16&#8243; background_color=\u00bb#dddddd\u00bb global_colors_info=\u00bb{}\u00bb][et_pb_row column_structure=\u00bb1_2,1_2&#8243; admin_label=\u00bbrow\u00bb _builder_version=\u00bb4.16&#8243; background_size=\u00bbinitial\u00bb background_position=\u00bbtop_left\u00bb background_repeat=\u00bbrepeat\u00bb global_colors_info=\u00bb{}\u00bb][et_pb_column type=\u00bb1_2&#8243; _builder_version=\u00bb4.16&#8243; custom_padding=\u00bb|||\u00bb global_colors_info=\u00bb{}\u00bb custom_padding__hover=\u00bb|||\u00bb][et_pb_text _builder_version=\u00bb4.16&#8243; header_font_size=\u00bb31px\u00bb background_size=\u00bbinitial\u00bb background_position=\u00bbtop_left\u00bb background_repeat=\u00bbrepeat\u00bb text_orientation=\u00bbcenter\u00bb module_alignment=\u00bbcenter\u00bb border_style=\u00bbsolid\u00bb global_colors_info=\u00bb{}\u00bb]<\/p>\n<h2 style=\"text-align: left;\"><span style=\"font-size: 24pt;\">Declaraci\u00f3n de principios:<\/span><\/h2>\n<p style=\"text-align: left;\"><strong>BENDEL WERKZEUGE GmbH &amp; Co. KG es una empresa comercial bien introducida con productos y servicios para el comercio al por mayor y recompradores en el sector del autom\u00f3vil.<\/strong><\/p>\n<p style=\"text-align: left;\">Innovaci\u00f3n, calidad, cercan\u00eda al cliente y fiabilidad son las bases fundamentales de nuestra empresa.<\/p>\n<p style=\"text-align: left;\">El objetivo de nuestro negocio es tanto una alta responsabilidad frente a nuestros clientes, para ofrecerles un valor a\u00f1adido a largo plazo y de manera sostenible, como tambi\u00e9n una responsabilidad social contribuyendo a la protecci\u00f3n y al mantenimiento del medio ambiente a trav\u00e9s de una actuaci\u00f3n sostenible.<\/p>\n<p style=\"text-align: left;\">No sentimos inspirados por el concepto de la \u00abEconom\u00eda para servir al bien com\u00fan\u00bb: La econom\u00eda debe servir a las personas y no al contrario.<\/p>\n<p>[\/et_pb_text][\/et_pb_column][et_pb_column type=\u00bb1_2&#8243; _builder_version=\u00bb4.16&#8243; custom_padding=\u00bb|||\u00bb global_colors_info=\u00bb{}\u00bb custom_padding__hover=\u00bb|||\u00bb][et_pb_text _builder_version=\u00bb4.16&#8243; background_size=\u00bbinitial\u00bb background_position=\u00bbtop_left\u00bb background_repeat=\u00bbrepeat\u00bb text_orientation=\u00bbcenter\u00bb module_alignment=\u00bbcenter\u00bb border_style=\u00bbsolid\u00bb global_colors_info=\u00bb{}\u00bb]<\/p>\n<h2 style=\"text-align: left;\"><span style=\"font-size: 24pt;\">Competencias:<\/span><\/h2>\n<p style=\"text-align: left;\">Nuestra estructura de empresa asegura procesos de decisi\u00f3n r\u00e1pidos, flexibles y conformes al mercado. Una gran parte de nuestra gama de productos est\u00e1 protegida por derechos de protecci\u00f3n y de marca y de este modo asegura para nuestros clientes caracter\u00edsticas exclusivas.<\/p>\n<p style=\"text-align: left;\"><strong>Suministramos muchos de nuestros productos tambi\u00e9n en presentaci\u00f3n de cliente con todos los certificados necesarios conforme a los est\u00e1ndares t\u00e9cnicos de seguridad m\u00e1s modernos.<\/strong><\/p>\n<p>[\/et_pb_text][\/et_pb_column][\/et_pb_row][\/et_pb_section][et_pb_section fb_built=\u00bb1&#8243; _builder_version=\u00bb4.16&#8243; background_color=\u00bb#0f00a7&#8243; custom_padding=\u00bb||0px|\u00bb global_colors_info=\u00bb{}\u00bb][et_pb_row _builder_version=\u00bb4.16&#8243; background_size=\u00bbinitial\u00bb background_position=\u00bbtop_left\u00bb background_repeat=\u00bbrepeat\u00bb global_colors_info=\u00bb{}\u00bb][et_pb_column type=\u00bb4_4&#8243; _builder_version=\u00bb4.16&#8243; custom_padding=\u00bb|||\u00bb global_colors_info=\u00bb{}\u00bb custom_padding__hover=\u00bb|||\u00bb][et_pb_text _builder_version=\u00bb4.16&#8243; background_layout=\u00bbdark\u00bb module_alignment=\u00bbleft\u00bb border_style=\u00bbsolid\u00bb global_colors_info=\u00bb{}\u00bb]<\/p>\n<h2><span style=\"font-size: 24pt;\">Nuestra marcas:<\/span><\/h2>\n<p>[\/et_pb_text][\/et_pb_column][\/et_pb_row][\/et_pb_section][et_pb_section fb_built=\u00bb1&#8243; inner_shadow=\u00bbon\u00bb admin_label=\u00bbsection\u00bb _builder_version=\u00bb4.16&#8243; background_color=\u00bb#f5f5f5&#8243; custom_padding=\u00bb0px|||\u00bb global_colors_info=\u00bb{}\u00bb][et_pb_row column_structure=\u00bb1_3,1_3,1_3&#8243; admin_label=\u00bbrow\u00bb _builder_version=\u00bb4.16&#8243; background_size=\u00bbinitial\u00bb background_position=\u00bbtop_left\u00bb background_repeat=\u00bbrepeat\u00bb global_colors_info=\u00bb{}\u00bb][et_pb_column type=\u00bb1_3&#8243; _builder_version=\u00bb4.16&#8243; custom_padding=\u00bb|||\u00bb global_colors_info=\u00bb{}\u00bb custom_padding__hover=\u00bb|||\u00bb][et_pb_image src=\u00bbhttps:\/\/www.bendel.de\/wp-content\/uploads\/2017\/06\/bendel.jpg\u00bb show_bottom_space=\u00bboff\u00bb align=\u00bbcenter\u00bb align_tablet=\u00bbcenter\u00bb align_phone=\u00bb\u00bb align_last_edited=\u00bbon|desktop\u00bb _builder_version=\u00bb4.16&#8243; animation_style=\u00bbslide\u00bb animation_direction=\u00bbleft\u00bb animation_duration=\u00bb500ms\u00bb animation_intensity_slide=\u00bb10%\u00bb border_style=\u00bbsolid\u00bb sticky=\u00bbon\u00bb always_center_on_mobile=\u00bbon\u00bb global_colors_info=\u00bb{}\u00bb][\/et_pb_image][\/et_pb_column][et_pb_column type=\u00bb1_3&#8243; _builder_version=\u00bb4.16&#8243; custom_padding=\u00bb|||\u00bb global_colors_info=\u00bb{}\u00bb custom_padding__hover=\u00bb|||\u00bb][et_pb_image src=\u00bbhttps:\/\/www.bendel.de\/wp-content\/uploads\/2017\/07\/Tornador_typo.png\u00bb url=\u00bbhttp:\/\/www.tornador-gun.de\/\u00bb url_new_window=\u00bbon\u00bb show_bottom_space=\u00bboff\u00bb align=\u00bbcenter\u00bb force_fullwidth=\u00bbon\u00bb align_tablet=\u00bbcenter\u00bb align_phone=\u00bb\u00bb align_last_edited=\u00bbon|desktop\u00bb _builder_version=\u00bb4.16&#8243; animation_style=\u00bbslide\u00bb animation_direction=\u00bbleft\u00bb animation_duration=\u00bb500ms\u00bb animation_intensity_slide=\u00bb10%\u00bb border_style=\u00bbsolid\u00bb sticky=\u00bbon\u00bb always_center_on_mobile=\u00bbon\u00bb global_colors_info=\u00bb{}\u00bb][\/et_pb_image][\/et_pb_column][et_pb_column type=\u00bb1_3&#8243; _builder_version=\u00bb4.16&#8243; custom_padding=\u00bb|||\u00bb global_colors_info=\u00bb{}\u00bb custom_padding__hover=\u00bb|||\u00bb][et_pb_image src=\u00bbhttps:\/\/www.bendel.de\/wp-content\/uploads\/2017\/07\/Rotador_typo.png\u00bb url=\u00bbhttp:\/\/www.rotador.de\/\u00bb url_new_window=\u00bbon\u00bb show_bottom_space=\u00bboff\u00bb align=\u00bbcenter\u00bb force_fullwidth=\u00bbon\u00bb align_tablet=\u00bbcenter\u00bb align_phone=\u00bb\u00bb align_last_edited=\u00bbon|desktop\u00bb _builder_version=\u00bb4.16&#8243; animation_style=\u00bbslide\u00bb animation_direction=\u00bbleft\u00bb animation_duration=\u00bb500ms\u00bb animation_intensity_slide=\u00bb10%\u00bb border_style=\u00bbsolid\u00bb sticky=\u00bbon\u00bb always_center_on_mobile=\u00bbon\u00bb global_colors_info=\u00bb{}\u00bb][\/et_pb_image][\/et_pb_column][\/et_pb_row][\/et_pb_section]<\/p>\n","protected":false},"excerpt":{"rendered":"<p>El objetivo de nuestra empresa es la distribuci\u00f3n de herramientas, accesorios y art\u00edculos de desgaste neum\u00e1ticos para la industria y el mundo del autom\u00f3vil. En paralelo en los \u00faltimos a\u00f1os nos hemos especializado en el desarrollo de innovaciones en herramientas y en su introducci\u00f3n en el mercado. Muchos de nuestros productos est\u00e1n asegurados por derechos [&hellip;]<\/p>\n","protected":false},"author":8,"featured_media":0,"parent":0,"menu_order":270,"comment_status":"closed","ping_status":"closed","template":"","meta":{"_et_pb_use_builder":"on","_et_pb_old_content":"","_et_gb_content_width":"","footnotes":""},"class_list":["post-18724","page","type-page","status-publish","hentry"],"_links":{"self":[{"href":"https:\/\/bendel.de\/es\/wp-json\/wp\/v2\/pages\/18724","targetHints":{"allow":["GET"]}}],"collection":[{"href":"https:\/\/bendel.de\/es\/wp-json\/wp\/v2\/pages"}],"about":[{"href":"https:\/\/bendel.de\/es\/wp-json\/wp\/v2\/types\/page"}],"author":[{"embeddable":true,"href":"https:\/\/bendel.de\/es\/wp-json\/wp\/v2\/users\/8"}],"replies":[{"embeddable":true,"href":"https:\/\/bendel.de\/es\/wp-json\/wp\/v2\/comments?post=18724"}],"version-history":[{"count":45,"href":"https:\/\/bendel.de\/es\/wp-json\/wp\/v2\/pages\/18724\/revisions"}],"predecessor-version":[{"id":28477,"href":"https:\/\/bendel.de\/es\/wp-json\/wp\/v2\/pages\/18724\/revisions\/28477"}],"wp:attachment":[{"href":"https:\/\/bendel.de\/es\/wp-json\/wp\/v2\/media?parent=18724"}],"curies":[{"name":"wp","href":"https:\/\/api.w.org\/{rel}","templated":true}]}}