{"id":18748,"date":"2017-11-21T10:09:39","date_gmt":"2017-11-21T10:09:39","guid":{"rendered":"http:\/\/www.bendel.de\/accesorios-para-sierras\/"},"modified":"2023-05-05T21:29:38","modified_gmt":"2023-05-05T21:29:38","slug":"accesorios-para-sierras","status":"publish","type":"page","link":"https:\/\/bendel.de\/es\/accesorios-para-sierras\/","title":{"rendered":"Accesorios para sierras"},"content":{"rendered":"<p>[et_pb_section fb_built=\u00bb1&#8243; admin_label=\u00bbsection\u00bb _builder_version=\u00bb4.16&#8243; background_color=\u00bb#dddddd\u00bb global_colors_info=\u00bb{}\u00bb][et_pb_row _builder_version=\u00bb4.16&#8243; background_size=\u00bbinitial\u00bb background_position=\u00bbtop_left\u00bb background_repeat=\u00bbrepeat\u00bb global_colors_info=\u00bb{}\u00bb][et_pb_column type=\u00bb4_4&#8243; _builder_version=\u00bb4.16&#8243; custom_padding=\u00bb|||\u00bb global_colors_info=\u00bb{}\u00bb custom_padding__hover=\u00bb|||\u00bb][et_pb_text _builder_version=\u00bb4.16&#8243; border_style=\u00bbsolid\u00bb global_colors_info=\u00bb{}\u00bb]<\/p>\n<h2>Accesorios para sierras<\/h2>\n<p>[\/et_pb_text][et_pb_divider color=\u00bb#ffffff\u00bb divider_position=\u00bbcenter\u00bb divider_weight=\u00bb3&#8243; disabled_on=\u00bbon|on|off\u00bb _builder_version=\u00bb4.16&#8243; hide_on_mobile=\u00bbon\u00bb global_colors_info=\u00bb{}\u00bb][\/et_pb_divider][et_pb_text _builder_version=\u00bb4.21.0&#8243; border_style=\u00bbsolid\u00bb global_colors_info=\u00bb{}\u00bb]<\/p>\n<h3><strong>Hojas de sierra, adecuadas para SIG en dise\u00f1o bimet\u00e1lico, 5 piezas por tama\u00f1o, surtidas.<\/strong><\/h3>\n<p>El rendimiento de una hoja de sierra depende de la calidad del material, el tipo de dentado Estos factores, junto con un manejo correcto de la m\u00e1quina y la elecci\u00f3n adecuada de la hoja de sierra para el material a cortar, garantizan un resultado de serrado \u00f3ptimo..<\/p>\n<p>Bi-metal: uni\u00f3n flexible, soldada por l\u00e1ser, de acero de cinta para muelles aleado y resistente al calor en el acero r\u00e1pido en la zona de corte dentada para las m\u00e1s altas exigencias. <\/p>\n<p><strong>Ventajas sobre el acero r\u00e1pido macizo:<\/strong><\/p>\n<ul>\n<li>excelente rendimiento de corte<\/li>\n<li>mayor duraci\u00f3n de la herramienta<\/li>\n<li>alta resistencia a la rotura<\/li>\n<\/ul>\n<p>Dise\u00f1o con mango de leva \u00fanica. La forma de la hoja est\u00e1 dise\u00f1ada para serrar chapa y piezas de carrocer\u00eda de autom\u00f3viles por lo que es especialmente adecuada para la reparaci\u00f3n de carrocer\u00edas.<\/p>\n<p><strong>Dimensiones: 95 x 12,3 x 0,63mm <\/strong>[\/et_pb_text][et_pb_gallery gallery_ids=\u00bb27820,27863,27824,27828,27832,27836&#8243; posts_number=\u00bb15&#8243; zoom_icon_color=\u00bb#0f00a7&#8243; _builder_version=\u00bb4.21.0&#8243; title_font_size=\u00bb14&#8243; border_style=\u00bbsolid\u00bb global_colors_info=\u00bb{}\u00bb][\/et_pb_gallery][et_pb_divider color=\u00bb#ffffff\u00bb divider_position=\u00bbcenter\u00bb divider_weight=\u00bb3&#8243; disabled_on=\u00bbon|on|off\u00bb _builder_version=\u00bb4.16&#8243; hide_on_mobile=\u00bbon\u00bb global_colors_info=\u00bb{}\u00bb][\/et_pb_divider][et_pb_text _builder_version=\u00bb4.21.0&#8243; border_style=\u00bbsolid\u00bb global_colors_info=\u00bb{}\u00bb]<\/p>\n<h3><strong>Hojas de sierra, dise\u00f1o bimet\u00e1lico est\u00e1ndar, 5 piezas por tama\u00f1o surtidas<\/strong><\/h3>\n<p>El rendimiento de una hoja de sierra depende de la calidad del material, el tipo de dentado Estos factores, junto con un manejo correcto de la m\u00e1quina y la elecci\u00f3n adecuada de la hoja de sierra para el material a cortar, garantizan un resultado de serrado \u00f3ptimo.<\/p>\n<p>Bi-metal: Combinaci\u00f3n flexible, soldada con l\u00e1ser, de acero de banda de resorte aleado y resistente al calor en el acero en la parte posterior de la hoja y acero r\u00e1pido de alto rendimiento en la zona de corte dentada m\u00e1xima exigencia. <\/p>\n<p><strong>Ventajas sobre el acero r\u00e1pido macizo:<\/strong><\/p>\n<ul>\n<li>excelente rendimiento de corte<\/li>\n<li>mayor duraci\u00f3n de la herramienta<\/li>\n<li>alta resistencia a la rotura<\/li>\n<\/ul>\n<p>La forma recta de la hoja est\u00e1 dise\u00f1ada para serrar chapa y piezas de carrocer\u00eda, por lo que es especialmente adecuada para la reparaci\u00f3n de carrocer\u00edas.<\/p>\n<p><strong>Dimensiones: 95 x 12,3 x 0,63mm  <\/strong>[\/et_pb_text][et_pb_gallery gallery_ids=\u00bb27840,27867,27844,27848,27852,27856&#8243; posts_number=\u00bb15&#8243; zoom_icon_color=\u00bb#0f00a7&#8243; _builder_version=\u00bb4.21.0&#8243; title_font_size=\u00bb14&#8243; hover_enabled=\u00bb0&#8243; border_style=\u00bbsolid\u00bb global_colors_info=\u00bb{}\u00bb sticky_enabled=\u00bb0&#8243;][\/et_pb_gallery][\/et_pb_column][\/et_pb_row][\/et_pb_section]<\/p>\n","protected":false},"excerpt":{"rendered":"<p>Accesorios para sierras Hojas de sierra, adecuadas para SIG en dise\u00f1o bimet\u00e1lico, 5 piezas por tama\u00f1o, surtidas. El rendimiento de una hoja de sierra depende de la calidad del material, el tipo de dentado Estos factores, junto con un manejo correcto de la m\u00e1quina y la elecci\u00f3n adecuada de la hoja de sierra para el [&hellip;]<\/p>\n","protected":false},"author":8,"featured_media":0,"parent":0,"menu_order":205,"comment_status":"closed","ping_status":"closed","template":"","meta":{"_et_pb_use_builder":"on","_et_pb_old_content":"","_et_gb_content_width":"","footnotes":""},"class_list":["post-18748","page","type-page","status-publish","hentry"],"_links":{"self":[{"href":"https:\/\/bendel.de\/es\/wp-json\/wp\/v2\/pages\/18748","targetHints":{"allow":["GET"]}}],"collection":[{"href":"https:\/\/bendel.de\/es\/wp-json\/wp\/v2\/pages"}],"about":[{"href":"https:\/\/bendel.de\/es\/wp-json\/wp\/v2\/types\/page"}],"author":[{"embeddable":true,"href":"https:\/\/bendel.de\/es\/wp-json\/wp\/v2\/users\/8"}],"replies":[{"embeddable":true,"href":"https:\/\/bendel.de\/es\/wp-json\/wp\/v2\/comments?post=18748"}],"version-history":[{"count":11,"href":"https:\/\/bendel.de\/es\/wp-json\/wp\/v2\/pages\/18748\/revisions"}],"predecessor-version":[{"id":27894,"href":"https:\/\/bendel.de\/es\/wp-json\/wp\/v2\/pages\/18748\/revisions\/27894"}],"wp:attachment":[{"href":"https:\/\/bendel.de\/es\/wp-json\/wp\/v2\/media?parent=18748"}],"curies":[{"name":"wp","href":"https:\/\/api.w.org\/{rel}","templated":true}]}}