{"id":18795,"date":"2017-11-21T10:09:43","date_gmt":"2017-11-21T10:09:43","guid":{"rendered":"http:\/\/www.bendel.de\/lijadora-de-banda-c-3535\/"},"modified":"2019-12-03T09:32:37","modified_gmt":"2019-12-03T09:32:37","slug":"lijadora-de-banda-c-3535","status":"publish","type":"page","link":"https:\/\/bendel.de\/es\/lijadora-de-banda-c-3535\/","title":{"rendered":"Lijadora de banda C-3535"},"content":{"rendered":"<p>[et_pb_section fb_built=\u00bb1&#8243; fullwidth=\u00bbon\u00bb _builder_version=\u00bb3.22&#8243;][et_pb_fullwidth_menu menu_id=\u00bb46&#8243; submenu_direction=\u00bbdownwards\u00bb fullwidth_menu=\u00bbon\u00bb dropdown_menu_bg_color=\u00bbrgba(0,17,73,0.68)\u00bb _builder_version=\u00bb3.0.47&#8243; menu_font=\u00bbSource Sans Pro|on||on|\u00bb menu_font_size=\u00bb16px\u00bb background_color=\u00bb#0f00a7&#8243; text_orientation=\u00bbcenter\u00bb background_layout=\u00bbdark\u00bb saved_tabs=\u00bball\u00bb][\/et_pb_fullwidth_menu][\/et_pb_section][et_pb_section fb_built=\u00bb1&#8243; specialty=\u00bbon\u00bb admin_label=\u00bbSection\u00bb _builder_version=\u00bb3.22&#8243;][et_pb_column type=\u00bb1_2&#8243; _builder_version=\u00bb3.25&#8243; custom_padding=\u00bb|||\u00bb custom_padding__hover=\u00bb|||\u00bb][et_pb_text _builder_version=\u00bb3.27.4&#8243; background_size=\u00bbinitial\u00bb background_position=\u00bbtop_left\u00bb background_repeat=\u00bbrepeat\u00bb module_alignment=\u00bbleft\u00bb border_style=\u00bbsolid\u00bb]<\/p>\n<h2><strong>C-3535<\/strong><\/h2>\n<h2>Lijadora de banda de 10 mm con empu\u00f1adura de pl\u00e1stico silenciosa<\/h2>\n<p>&nbsp;<\/p>\n<h3>N\u00ba de art.: 600 435<\/h3>\n<p>[\/et_pb_text][et_pb_image src=\u00bbhttps:\/\/www.bendel.de\/wp-content\/uploads\/2017\/01\/Bandschleifer-C-3535.jpg\u00bb alt=\u00bbLijadora de banda C-3535&#8243; title_text=\u00bbLijadora de banda C-3535&#8243; show_in_lightbox=\u00bbon\u00bb align_tablet=\u00bbcenter\u00bb align_last_edited=\u00bbon|desktop\u00bb _builder_version=\u00bb3.23&#8243; use_border_color=\u00bboff\u00bb border_color=\u00bb#ffffff\u00bb border_style=\u00bbsolid\u00bb animation=\u00bboff\u00bb sticky=\u00bboff\u00bb always_center_on_mobile=\u00bbon\u00bb][\/et_pb_image][et_pb_text _builder_version=\u00bb3.27.4&#8243; background_size=\u00bbinitial\u00bb background_position=\u00bbtop_left\u00bb background_repeat=\u00bbrepeat\u00bb module_alignment=\u00bbleft\u00bb custom_margin=\u00bb||0px|\u00bb border_style=\u00bbsolid\u00bb saved_tabs=\u00bball\u00bb]<\/p>\n<h5>PLANO DE EXPLOSI\u00d3N:<\/h5>\n<p>[\/et_pb_text][et_pb_button button_url=\u00bbhttps:\/\/bendel.de\/wp-content\/uploads\/2019\/12\/C-3535-ab-2019.pdf\u00bb url_new_window=\u00bbon\u00bb button_text=\u00bbPDF Download\u00bb button_alignment=\u00bbleft\u00bb _builder_version=\u00bb4.0.7&#8243; custom_button=\u00bbon\u00bb button_text_size=\u00bb15&#8243; button_text_color=\u00bb#ffffff\u00bb button_bg_color=\u00bb#0f00a7&#8243; button_border_width=\u00bb7&#8243; button_font=\u00bbSource Sans Pro|on|||\u00bb button_icon=\u00bb%%59%%\u00bb button_icon_color=\u00bb#ffffff\u00bb hover_enabled=\u00bb0&#8243; button_border_radius_hover=\u00bb4&#8243; button_text_size__hover_enabled=\u00bboff\u00bb button_one_text_size__hover_enabled=\u00bboff\u00bb button_two_text_size__hover_enabled=\u00bboff\u00bb button_text_color__hover_enabled=\u00bboff\u00bb button_one_text_color__hover_enabled=\u00bboff\u00bb button_two_text_color__hover_enabled=\u00bboff\u00bb button_border_width__hover_enabled=\u00bboff\u00bb button_one_border_width__hover_enabled=\u00bboff\u00bb button_two_border_width__hover_enabled=\u00bboff\u00bb button_border_color__hover_enabled=\u00bboff\u00bb button_one_border_color__hover_enabled=\u00bboff\u00bb button_two_border_color__hover_enabled=\u00bboff\u00bb button_border_radius__hover_enabled=\u00bbon\u00bb button_border_radius__hover=\u00bb4&#8243; button_one_border_radius__hover_enabled=\u00bboff\u00bb button_two_border_radius__hover_enabled=\u00bboff\u00bb button_letter_spacing__hover_enabled=\u00bboff\u00bb button_one_letter_spacing__hover_enabled=\u00bboff\u00bb button_two_letter_spacing__hover_enabled=\u00bboff\u00bb button_bg_color__hover_enabled=\u00bboff\u00bb button_one_bg_color__hover_enabled=\u00bboff\u00bb button_two_bg_color__hover_enabled=\u00bboff\u00bb][\/et_pb_button][\/et_pb_column][et_pb_column type=\u00bb1_2&#8243; specialty_columns=\u00bb2&#8243; _builder_version=\u00bb3.25&#8243; custom_padding=\u00bb|||\u00bb custom_padding__hover=\u00bb|||\u00bb][et_pb_row_inner admin_label=\u00bbZeile\u00bb _builder_version=\u00bb3.25&#8243;][et_pb_column_inner saved_specialty_column_type=\u00bb1_2&#8243; _builder_version=\u00bb3.25&#8243; custom_padding=\u00bb|||\u00bb custom_padding__hover=\u00bb|||\u00bb][et_pb_text _builder_version=\u00bb3.27.4&#8243; module_alignment=\u00bbleft\u00bb border_color_all=\u00bb#ffffff\u00bb use_border_color=\u00bboff\u00bb border_color=\u00bb#ffffff\u00bb border_style=\u00bbsolid\u00bb saved_tabs=\u00bball\u00bb]<\/p>\n<hr class=\"linie100g\" \/>\n<h6>\n<table id=\"tablepress-662\" class=\"tablepress tablepress-id-662\">\n<tbody>\n<tr class=\"row-1\">\n\t<td class=\"column-1\">Revoluciones a ralent\u00ed<\/td><td class=\"column-2\">18.000 r.p.m<\/td>\n<\/tr>\n<tr class=\"row-2\">\n\t<td class=\"column-1\">Tama\u00f1o de banda<\/td><td class=\"column-2\">10 x 330 mm<\/td>\n<\/tr>\n<tr class=\"row-3\">\n\t<td class=\"column-1\">Peso<\/td><td class=\"column-2\">0,7 kg<\/td>\n<\/tr>\n<tr class=\"row-4\">\n\t<td class=\"column-1\">Longitud<\/td><td class=\"column-2\">305 mm<\/td>\n<\/tr>\n<tr class=\"row-5\">\n\t<td class=\"column-1\">Nivel de vibraciones<\/td><td class=\"column-2\">2m\/seg\u00b2<\/td>\n<\/tr>\n<tr class=\"row-6\">\n\t<td class=\"column-1\">Presi\u00f3n de aire<\/td><td class=\"column-2\">6,3 bares<\/td>\n<\/tr>\n<tr class=\"row-7\">\n\t<td class=\"column-1\">Conexi\u00f3n de aire comprimido<\/td><td class=\"column-2\">1\/4\"<\/td>\n<\/tr>\n<tr class=\"row-8\">\n\t<td class=\"column-1\">Presi\u00f3n ac\u00fastica<\/td><td class=\"column-2\">80,9 dB\/A<\/td>\n<\/tr>\n<\/tbody>\n<\/table>\n<!-- #tablepress-662 from cache --><\/h6>\n<hr class=\"linie100g\" \/>\n[\/et_pb_text][et_pb_text _builder_version=\u00bb3.27.4&#8243; background_size=\u00bbinitial\u00bb background_position=\u00bbtop_left\u00bb background_repeat=\u00bbrepeat\u00bb module_alignment=\u00bbleft\u00bb use_border_color=\u00bboff\u00bb border_color=\u00bb#ffffff\u00bb border_style=\u00bbsolid\u00bb]<strong>Lijadora de banda de 10 mm silenciosa y de bajas vibraciones con empu\u00f1adura de pl\u00e1stico aislada.<\/strong> Para el ajuste de la posici\u00f3n de trabajo \u00f3ptima, la empu\u00f1adura se puede girar en 360\u00b0alrededor del rodillo de trabajo. Cambio de banda de lijado sencillo por medio del dispositivo de sujeci\u00f3n r\u00e1pida. Al ajuste del suministro de aire se lleva a cabo a trav\u00e9s de una v\u00e1lvula reguladora. <strong>Ideal para trabajos de lijado en carrocer\u00eda, para reparaciones de pl\u00e1stico r\u00e1pidas, para todos los trabajos de lijado lugares estrechos y de dif\u00edcil acceso, para limpiar cordones de soldadura y para la reparaci\u00f3n de pl\u00e1stico.<\/strong><br \/>\n[\/et_pb_text][\/et_pb_column_inner][\/et_pb_row_inner][\/et_pb_column][\/et_pb_section][et_pb_section fb_built=\u00bb1&#8243; _builder_version=\u00bb3.22&#8243; background_color=\u00bb#dddddd\u00bb custom_padding=\u00bb0px||0px|\u00bb transparent_background=\u00bboff\u00bb make_fullwidth=\u00bboff\u00bb use_custom_width=\u00bboff\u00bb width_unit=\u00bbon\u00bb][et_pb_row _builder_version=\u00bb3.25&#8243; background_size=\u00bbinitial\u00bb background_position=\u00bbtop_left\u00bb background_repeat=\u00bbrepeat\u00bb][et_pb_column type=\u00bb4_4&#8243; _builder_version=\u00bb3.25&#8243; custom_padding=\u00bb|||\u00bb custom_padding__hover=\u00bb|||\u00bb][et_pb_text _builder_version=\u00bb3.27.4&#8243; background_size=\u00bbinitial\u00bb background_position=\u00bbtop_left\u00bb background_repeat=\u00bbrepeat\u00bb module_alignment=\u00bbleft\u00bb use_border_color=\u00bboff\u00bb border_color=\u00bb#ffffff\u00bb border_style=\u00bbsolid\u00bb]<\/p>\n<h5>ACCESORIOS:<\/h5>\n<p>[\/et_pb_text][et_pb_gallery gallery_ids=\u00bb13308,13311,13314,13317,13320,13371,13380,13383,13386,13389,13392,13395,13398&#8243; posts_number=\u00bb14&#8243; _builder_version=\u00bb3.0.87&#8243; title_font_size=\u00bb14&#8243; caption_line_height=\u00bb14px\u00bb use_border_color=\u00bboff\u00bb border_color=\u00bb#ffffff\u00bb border_style=\u00bbsolid\u00bb saved_tabs=\u00bball\u00bb][\/et_pb_gallery][et_pb_divider color=\u00bb#ffffff\u00bb divider_position=\u00bbcenter\u00bb divider_weight=\u00bb3&#8243; disabled_on=\u00bbon|on|off\u00bb _builder_version=\u00bb3.2&#8243; hide_on_mobile=\u00bbon\u00bb][\/et_pb_divider][\/et_pb_column][\/et_pb_row][\/et_pb_section][et_pb_section fb_built=\u00bb1&#8243; _builder_version=\u00bb3.22&#8243; background_color=\u00bb#dddddd\u00bb custom_padding=\u00bb0px||0px|\u00bb transparent_background=\u00bboff\u00bb make_fullwidth=\u00bboff\u00bb use_custom_width=\u00bboff\u00bb width_unit=\u00bbon\u00bb][et_pb_row _builder_version=\u00bb3.25&#8243; background_size=\u00bbinitial\u00bb background_position=\u00bbtop_left\u00bb background_repeat=\u00bbrepeat\u00bb][et_pb_column type=\u00bb4_4&#8243; _builder_version=\u00bb3.25&#8243; custom_padding=\u00bb|||\u00bb custom_padding__hover=\u00bb|||\u00bb][et_pb_text _builder_version=\u00bb3.27.4&#8243; background_size=\u00bbinitial\u00bb background_position=\u00bbtop_left\u00bb background_repeat=\u00bbrepeat\u00bb module_alignment=\u00bbleft\u00bb use_border_color=\u00bboff\u00bb border_color=\u00bb#ffffff\u00bb border_style=\u00bbsolid\u00bb]<\/p>\n<h5>OTRAS VISTAS:<\/h5>\n<p>[\/et_pb_text][et_pb_gallery gallery_ids=\u00bb12168,12171,12174,12297,12300&#8243; posts_number=\u00bb8&#8243; show_title_and_caption=\u00bboff\u00bb zoom_icon_color=\u00bb#0f00a7&#8243; _builder_version=\u00bb3.0.83&#8243; title_font_size=\u00bb14&#8243; caption_line_height=\u00bb14px\u00bb pagination_font_size_tablet=\u00bb51&#8243; pagination_line_height_tablet=\u00bb2&#8243;][\/et_pb_gallery][et_pb_divider color=\u00bb#ffffff\u00bb divider_position=\u00bbcenter\u00bb divider_weight=\u00bb3&#8243; disabled_on=\u00bbon|on|off\u00bb _builder_version=\u00bb3.2&#8243; hide_on_mobile=\u00bbon\u00bb][\/et_pb_divider][\/et_pb_column][\/et_pb_row][\/et_pb_section]<\/p>\n","protected":false},"excerpt":{"rendered":"<p>C-3535 Lijadora de banda de 10 mm con empu\u00f1adura de pl\u00e1stico silenciosa &nbsp; N\u00ba de art.: 600 435 PLANO DE EXPLOSI\u00d3N: \n<table id=\"tablepress-662-no-2\" class=\"tablepress tablepress-id-662\">\n<tbody>\n<tr class=\"row-1\">\n\t<td class=\"column-1\">Revoluciones a ralent\u00ed<\/td><td class=\"column-2\">18.000 r.p.m<\/td>\n<\/tr>\n<tr class=\"row-2\">\n\t<td class=\"column-1\">Tama\u00f1o de banda<\/td><td class=\"column-2\">10 x 330 mm<\/td>\n<\/tr>\n<tr class=\"row-3\">\n\t<td class=\"column-1\">Peso<\/td><td class=\"column-2\">0,7 kg<\/td>\n<\/tr>\n<tr class=\"row-4\">\n\t<td class=\"column-1\">Longitud<\/td><td class=\"column-2\">305 mm<\/td>\n<\/tr>\n<tr class=\"row-5\">\n\t<td class=\"column-1\">Nivel de vibraciones<\/td><td class=\"column-2\">2m\/seg\u00b2<\/td>\n<\/tr>\n<tr class=\"row-6\">\n\t<td class=\"column-1\">Presi\u00f3n de aire<\/td><td class=\"column-2\">6,3 bares<\/td>\n<\/tr>\n<tr class=\"row-7\">\n\t<td class=\"column-1\">Conexi\u00f3n de aire comprimido<\/td><td class=\"column-2\">1\/4\"<\/td>\n<\/tr>\n<tr class=\"row-8\">\n\t<td class=\"column-1\">Presi\u00f3n ac\u00fastica<\/td><td class=\"column-2\">80,9 dB\/A<\/td>\n<\/tr>\n<\/tbody>\n<\/table>\n Lijadora de banda de 10 mm silenciosa y de bajas vibraciones con empu\u00f1adura de pl\u00e1stico aislada. Para el ajuste de la posici\u00f3n de trabajo \u00f3ptima, la empu\u00f1adura se puede girar en [&hellip;]<\/p>\n","protected":false},"author":8,"featured_media":0,"parent":0,"menu_order":43,"comment_status":"closed","ping_status":"closed","template":"","meta":{"_et_pb_use_builder":"on","_et_pb_old_content":"","_et_gb_content_width":"","footnotes":""},"class_list":["post-18795","page","type-page","status-publish","hentry"],"_links":{"self":[{"href":"https:\/\/bendel.de\/es\/wp-json\/wp\/v2\/pages\/18795","targetHints":{"allow":["GET"]}}],"collection":[{"href":"https:\/\/bendel.de\/es\/wp-json\/wp\/v2\/pages"}],"about":[{"href":"https:\/\/bendel.de\/es\/wp-json\/wp\/v2\/types\/page"}],"author":[{"embeddable":true,"href":"https:\/\/bendel.de\/es\/wp-json\/wp\/v2\/users\/8"}],"replies":[{"embeddable":true,"href":"https:\/\/bendel.de\/es\/wp-json\/wp\/v2\/comments?post=18795"}],"version-history":[{"count":6,"href":"https:\/\/bendel.de\/es\/wp-json\/wp\/v2\/pages\/18795\/revisions"}],"predecessor-version":[{"id":25924,"href":"https:\/\/bendel.de\/es\/wp-json\/wp\/v2\/pages\/18795\/revisions\/25924"}],"wp:attachment":[{"href":"https:\/\/bendel.de\/es\/wp-json\/wp\/v2\/media?parent=18795"}],"curies":[{"name":"wp","href":"https:\/\/api.w.org\/{rel}","templated":true}]}}