{"id":18827,"date":"2017-11-21T10:09:47","date_gmt":"2017-11-21T10:09:47","guid":{"rendered":"http:\/\/www.bendel.de\/smart-repair-set\/"},"modified":"2017-11-28T13:47:40","modified_gmt":"2017-11-28T13:47:40","slug":"smart-repair-set","status":"publish","type":"page","link":"https:\/\/bendel.de\/es\/smart-repair-set\/","title":{"rendered":"Smart-Repair Set"},"content":{"rendered":"<p>[et_pb_section bb_built=\u00bb1&#8243; admin_label=\u00bbSection\u00bb fullwidth=\u00bboff\u00bb specialty=\u00bbon\u00bb][et_pb_column type=\u00bb1_2&#8243;][et_pb_text background_layout=\u00bblight\u00bb text_orientation=\u00bbleft\u00bb border_style=\u00bbsolid\u00bb background_position=\u00bbtop_left\u00bb background_repeat=\u00bbrepeat\u00bb background_size=\u00bbinitial\u00bb _builder_version=\u00bb3.0.59&#8243; module_alignment=\u00bbleft\u00bb]<\/p>\n<h2><strong>Smart-Repair-Set<\/strong><\/h2>\n<h2>1 unidad de mordaza de tracci\u00f3n \/ presi\u00f3n patentada<\/h2>\n<p>&nbsp;<\/p>\n<h3>N\u00ba de art.: 700 315<\/h3>\n<p>[\/et_pb_text][et_pb_image src=\u00bbhttps:\/\/www.bendel.de\/wp-content\/uploads\/2017\/01\/700315-RepairSet-1.jpg\u00bb show_in_lightbox=\u00bbon\u00bb url_new_window=\u00bboff\u00bb use_overlay=\u00bboff\u00bb sticky=\u00bboff\u00bb align=\u00bbleft\u00bb always_center_on_mobile=\u00bbon\u00bb use_border_color=\u00bboff\u00bb border_color=\u00bb#ffffff\u00bb border_style=\u00bbsolid\u00bb force_fullwidth=\u00bboff\u00bb animation=\u00bbleft\u00bb animation_direction=\u00bbleft\u00bb animation_style=\u00bbslide\u00bb animation_duration=\u00bb500ms\u00bb animation_intensity_slide=\u00bb10%\u00bb show_bottom_space=\u00bbon\u00bb \/][\/et_pb_column][et_pb_column type=\u00bb1_2&#8243; specialty_columns=\u00bb2&#8243;][et_pb_row_inner admin_label=\u00bbRow\u00bb padding_mobile=\u00bboff\u00bb use_custom_gutter=\u00bboff\u00bb column_padding_mobile=\u00bbon\u00bb make_equal=\u00bbon\u00bb parallax_1=\u00bboff\u00bb parallax_method_1=\u00bboff\u00bb parallax_2=\u00bboff\u00bb parallax_method_2=\u00bboff\u00bb][et_pb_column_inner type=\u00bb4_4&#8243; saved_specialty_column_type=\u00bb1_2&#8243;][et_pb_text background_layout=\u00bblight\u00bb text_orientation=\u00bbleft\u00bb use_border_color=\u00bboff\u00bb border_color=\u00bb#ffffff\u00bb border_style=\u00bbsolid\u00bb saved_tabs=\u00bball\u00bb module_alignment=\u00bbleft\u00bb border_color_all=\u00bb#ffffff\u00bb border_style_all=\u00bbsolid\u00bb _builder_version=\u00bb3.0.89&#8243;]<\/p>\n<hr class=\"linie100g\" \/>\n<h6>Juego completo para la eliminaci\u00f3n r\u00e1pida de abolladuras<\/h6>\n<h6>\u00cdndice: 1 unidad de mordaza de tracci\u00f3n \/ presi\u00f3n patentada 1 unidad de martillo de tracci\u00f3n 1 unidad de pistola de adhesivo 9 unidades de piezas pl\u00e1sticas de tracci\u00f3n en diferentes tama\u00f1os 8 unidades barras de adhesivo<\/h6>\n<h6>Piezas de superposici\u00f3n y barras de adhesivo tambi\u00e9n disponibles como accesorios<\/h6>\n<hr class=\"linie100g\" \/>\n<p>[\/et_pb_text][et_pb_text background_layout=\u00bblight\u00bb text_orientation=\u00bbleft\u00bb border_style=\u00bbsolid\u00bb background_position=\u00bbtop_left\u00bb background_repeat=\u00bbrepeat\u00bb background_size=\u00bbinitial\u00bb _builder_version=\u00bb3.0.59&#8243; module_alignment=\u00bbleft\u00bb]<\/p>\n<p><strong>Juego de Smart Repair para la t\u00e9cnica de reparaci\u00f3n de abolladuras sin da\u00f1o en la pintura.<\/strong> Las abolladuras se cana desde el exterior tirando de la chapa: pegar las piezas de superposici\u00f3n de pl\u00e1stico con ayuda de la pistola de adhesivo sobre la abolladura y colocar la mordaza de tracci\u00f3n\/presi\u00f3n patentada. Comprimiendo cuidadosamente la mordaza de tracci\u00f3n se saca la abolladura, presionando simult\u00e1neamente sobre las superficies adyacentes. A trav\u00e9s de ello se minimiza notablemente el riesgo de sobrestiramiento. <strong>Ideal para peque\u00f1as \u00ababolladuras provocadas por los carros de la compra\u00bb.<\/strong> A continuaci\u00f3n simplemente se giran las piezas de superposici\u00f3n de pl\u00e1stico para quitarlas. En el juego se incluye igualmente un martillo de tracci\u00f3n para la reparaci\u00f3n de abolladuras tradicional en caso de deformaciones grandes. Ventajas: no es necesario repintar, no hay reducci\u00f3n del valor, apropiado para la aplicaci\u00f3n estacionaria y m\u00f3vil.<\/p>\n<p>[\/et_pb_text][\/et_pb_column_inner][\/et_pb_row_inner][\/et_pb_column][\/et_pb_section][et_pb_section bb_built=\u00bb1&#8243; fullwidth=\u00bboff\u00bb specialty=\u00bboff\u00bb transparent_background=\u00bboff\u00bb background_color=\u00bb#dddddd\u00bb allow_player_pause=\u00bboff\u00bb inner_shadow=\u00bboff\u00bb parallax=\u00bboff\u00bb parallax_method=\u00bbon\u00bb make_fullwidth=\u00bboff\u00bb use_custom_width=\u00bboff\u00bb width_unit=\u00bbon\u00bb make_equal=\u00bboff\u00bb use_custom_gutter=\u00bboff\u00bb custom_padding=\u00bb0px||0px|\u00bb][et_pb_row background_position=\u00bbtop_left\u00bb background_repeat=\u00bbrepeat\u00bb background_size=\u00bbinitial\u00bb][et_pb_column type=\u00bb4_4&#8243;][et_pb_text background_layout=\u00bblight\u00bb text_orientation=\u00bbleft\u00bb use_border_color=\u00bboff\u00bb border_color=\u00bb#ffffff\u00bb border_style=\u00bbsolid\u00bb background_position=\u00bbtop_left\u00bb background_repeat=\u00bbrepeat\u00bb background_size=\u00bbinitial\u00bb module_alignment=\u00bbleft\u00bb]<\/p>\n<h5>OTRAS VISTAS:<\/h5>\n<p>[\/et_pb_text][et_pb_gallery fullwidth=\u00bboff\u00bb posts_number=\u00bb15&#8243; orientation=\u00bblandscape\u00bb show_title_and_caption=\u00bboff\u00bb show_pagination=\u00bbon\u00bb background_layout=\u00bblight\u00bb hover_overlay_color=\u00bbrgba(255,255,255,0.9)\u00bb caption_line_height=\u00bb14px\u00bb title_font_size=\u00bb14&#8243; saved_tabs=\u00bball\u00bb gallery_ids=\u00bb7536,7549,7548,7537,7538,7539,7540,7541,7544,7542,7543,7546&#8243; _builder_version=\u00bb3.0.83&#8243; zoom_icon_color=\u00bb#0f00a7&#8243; pagination_font_size_tablet=\u00bb51&#8243; pagination_line_height_tablet=\u00bb2&#8243; \/][et_pb_divider color=\u00bb#ffffff\u00bb show_divider=\u00bbon\u00bb divider_style=\u00bbsolid\u00bb divider_position=\u00bbcenter\u00bb hide_on_mobile=\u00bbon\u00bb divider_weight=\u00bb3&#8243; disabled_on=\u00bbon|on|off\u00bb \/][\/et_pb_column][\/et_pb_row][\/et_pb_section]<\/p>\n","protected":false},"excerpt":{"rendered":"<p>Smart-Repair-Set 1 unidad de mordaza de tracci\u00f3n \/ presi\u00f3n patentada &nbsp; N\u00ba de art.: 700 315 Juego completo para la eliminaci\u00f3n r\u00e1pida de abolladuras \u00cdndice: 1 unidad de mordaza de tracci\u00f3n \/ presi\u00f3n patentada 1 unidad de martillo de tracci\u00f3n 1 unidad de pistola de adhesivo 9 unidades de piezas pl\u00e1sticas de tracci\u00f3n en diferentes [&hellip;]<\/p>\n","protected":false},"author":8,"featured_media":0,"parent":0,"menu_order":107,"comment_status":"closed","ping_status":"closed","template":"","meta":{"_et_pb_use_builder":"on","_et_pb_old_content":"","_et_gb_content_width":"","footnotes":""},"class_list":["post-18827","page","type-page","status-publish","hentry"],"_links":{"self":[{"href":"https:\/\/bendel.de\/es\/wp-json\/wp\/v2\/pages\/18827","targetHints":{"allow":["GET"]}}],"collection":[{"href":"https:\/\/bendel.de\/es\/wp-json\/wp\/v2\/pages"}],"about":[{"href":"https:\/\/bendel.de\/es\/wp-json\/wp\/v2\/types\/page"}],"author":[{"embeddable":true,"href":"https:\/\/bendel.de\/es\/wp-json\/wp\/v2\/users\/8"}],"replies":[{"embeddable":true,"href":"https:\/\/bendel.de\/es\/wp-json\/wp\/v2\/comments?post=18827"}],"version-history":[{"count":4,"href":"https:\/\/bendel.de\/es\/wp-json\/wp\/v2\/pages\/18827\/revisions"}],"predecessor-version":[{"id":21731,"href":"https:\/\/bendel.de\/es\/wp-json\/wp\/v2\/pages\/18827\/revisions\/21731"}],"wp:attachment":[{"href":"https:\/\/bendel.de\/es\/wp-json\/wp\/v2\/media?parent=18827"}],"curies":[{"name":"wp","href":"https:\/\/api.w.org\/{rel}","templated":true}]}}