{"id":18842,"date":"2017-11-21T10:09:48","date_gmt":"2017-11-21T10:09:48","guid":{"rendered":"http:\/\/www.bendel.de\/uds-80\/"},"modified":"2017-11-29T09:49:44","modified_gmt":"2017-11-29T09:49:44","slug":"uds-80","status":"publish","type":"page","link":"https:\/\/bendel.de\/es\/uds-80\/","title":{"rendered":"UDS-80"},"content":{"rendered":"<p>[et_pb_section bb_built=\u00bb1&#8243; admin_label=\u00bbSection\u00bb fullwidth=\u00bboff\u00bb specialty=\u00bbon\u00bb _builder_version=\u00bb3.0.51&#8243; background_position_1=\u00bbtop_left\u00bb background_repeat_1=\u00bbno-repeat\u00bb background_position_2=\u00bbtop_left\u00bb background_repeat_2=\u00bbno-repeat\u00bb][et_pb_column type=\u00bb1_2&#8243;][et_pb_text background_layout=\u00bblight\u00bb text_orientation=\u00bbleft\u00bb border_style=\u00bbsolid\u00bb background_position=\u00bbtop_left\u00bb background_repeat=\u00bbrepeat\u00bb background_size=\u00bbinitial\u00bb _builder_version=\u00bb3.0.55&#8243; module_alignment=\u00bbleft\u00bb]<\/p>\n<h2><strong>Juego de desmontaje UDS-80<\/strong><\/h2>\n<h2>para seguros de rueda<\/h2>\n<p>&nbsp;<\/p>\n<h3>N\u00ba de art.: 700 233<\/h3>\n<p>[\/et_pb_text][et_pb_image src=\u00bbhttps:\/\/www.bendel.de\/wp-content\/uploads\/2017\/06\/700233-UDS80.jpg\u00bb show_in_lightbox=\u00bbon\u00bb url_new_window=\u00bboff\u00bb use_overlay=\u00bboff\u00bb sticky=\u00bboff\u00bb align=\u00bbleft\u00bb always_center_on_mobile=\u00bbon\u00bb border_style=\u00bbsolid\u00bb force_fullwidth=\u00bboff\u00bb _builder_version=\u00bb3.0.51&#8243; custom_margin=\u00bb||100px|\u00bb animation_style=\u00bbslide\u00bb animation_duration=\u00bb500ms\u00bb animation_intensity_slide=\u00bb10%\u00bb animation_direction=\u00bbleft\u00bb show_bottom_space=\u00bbon\u00bb \/][et_pb_text background_layout=\u00bblight\u00bb background_position=\u00bbtop_left\u00bb background_repeat=\u00bbrepeat\u00bb background_size=\u00bbinitial\u00bb _builder_version=\u00bb3.0.83&#8243; module_alignment=\u00bbleft\u00bb custom_margin=\u00bb1px||1px|\u00bb custom_padding=\u00bb1px||1px|\u00bb]<\/p>\n<h5>MANUAL DE USO ORIGINAL:<\/h5>\n<p>[\/et_pb_text][et_pb_button button_url=\u00bbhttps:\/\/www.bendel.de\/wp-content\/uploads\/2017\/06\/700233-UDS-80kl.pdf\u00bb url_new_window=\u00bbon\u00bb button_text=\u00bbPDF Download\u00bb button_alignment=\u00bbleft\u00bb background_layout=\u00bblight\u00bb custom_button=\u00bbon\u00bb button_icon_placement=\u00bbright\u00bb button_text_size=\u00bb15&#8243; button_bg_color=\u00bb#0f00a7&#8243; button_font=\u00bbSource Sans Pro|on|||\u00bb button_icon=\u00bb%%59%%\u00bb button_icon_color=\u00bb#ffffff\u00bb button_border_radius_hover=\u00bb4&#8243; button_text_color=\u00bb#ffffff\u00bb button_border_width=\u00bb7&#8243; _builder_version=\u00bb3.0.83&#8243; custom_margin=\u00bb-5px|||\u00bb custom_padding=\u00bb-5px|||\u00bb \/][et_pb_text background_layout=\u00bblight\u00bb background_position=\u00bbtop_left\u00bb background_repeat=\u00bbrepeat\u00bb background_size=\u00bbinitial\u00bb _builder_version=\u00bb3.0.83&#8243; custom_padding=\u00bb0px||0px|\u00bb module_alignment=\u00bbleft\u00bb custom_margin=\u00bb0px||0px|\u00bb]<\/p>\n<h5>LISTA DE ASIGNACI\u00d3N:<\/h5>\n<p>[\/et_pb_text][et_pb_button button_url=\u00bbhttps:\/\/www.bendel.de\/wp-content\/uploads\/2017\/06\/700233-Zuordnungsliste-Stand-2007kl.pdf\u00bb url_new_window=\u00bbon\u00bb button_text=\u00bbPDF Download\u00bb button_alignment=\u00bbleft\u00bb background_layout=\u00bblight\u00bb custom_button=\u00bbon\u00bb button_icon_placement=\u00bbright\u00bb button_text_size=\u00bb15&#8243; button_bg_color=\u00bb#0f00a7&#8243; button_font=\u00bbSource Sans Pro|on|||\u00bb button_icon=\u00bb%%59%%\u00bb button_icon_color=\u00bb#ffffff\u00bb button_border_radius_hover=\u00bb4&#8243; button_text_color=\u00bb#ffffff\u00bb button_border_width=\u00bb7&#8243; _builder_version=\u00bb3.0.83&#8243; custom_margin=\u00bb0px|||\u00bb custom_padding=\u00bb0px|||\u00bb \/][\/et_pb_column][et_pb_column type=\u00bb1_2&#8243; specialty_columns=\u00bb2&#8243;][et_pb_row_inner admin_label=\u00bbZeile\u00bb][et_pb_column_inner type=\u00bb4_4&#8243; saved_specialty_column_type=\u00bb1_2&#8243;][et_pb_text background_layout=\u00bblight\u00bb border_style=\u00bbsolid\u00bb saved_tabs=\u00bball\u00bb _builder_version=\u00bb3.0.89&#8243; module_alignment=\u00bbleft\u00bb]<\/p>\n<hr class=\"linie100g\" \/>\n<h6>\n<table id=\"tablepress-714\" class=\"tablepress tablepress-id-714\">\n<tbody>\n<tr class=\"row-1\">\n\t<td class=\"column-1\">\u00c1mbito de suministro<\/td><td class=\"column-2\">1 uni. Casquillo 16,8 - 18,8mm<\/td>\n<\/tr>\n<tr class=\"row-2\">\n\t<td class=\"column-1\"><\/td><td class=\"column-2\">1 uni. Casquillo 17,8 - 19,8 mm<\/td>\n<\/tr>\n<tr class=\"row-3\">\n\t<td class=\"column-1\"><\/td><td class=\"column-2\">1 uni. Casquillo 18,8 - 20,8 mm<\/td>\n<\/tr>\n<tr class=\"row-4\">\n\t<td class=\"column-1\"><\/td><td class=\"column-2\">1 uni. Casquillo 19,8 - 21,8 mm<\/td>\n<\/tr>\n<tr class=\"row-5\">\n\t<td class=\"column-1\"><\/td><td class=\"column-2\">1 uni. Casquillo 20,8 - 22,8 mm<\/td>\n<\/tr>\n<tr class=\"row-6\">\n\t<td class=\"column-1\"><\/td><td class=\"column-2\">1 uni. Casquillo 21,8 - 23,8 mm<\/td>\n<\/tr>\n<tr class=\"row-7\">\n\t<td class=\"column-1\"><\/td><td class=\"column-2\">1 uni. Casquillo 22,8 - 24,8 mm<\/td>\n<\/tr>\n<tr class=\"row-8\">\n\t<td class=\"column-1\"><\/td><td class=\"column-2\">1 uni. Casquillo 23,8 - 25,8 mm<\/td>\n<\/tr>\n<tr class=\"row-9\">\n\t<td class=\"column-1\"><\/td><td class=\"column-2\">2 uni. Mandril de impacto<\/td>\n<\/tr>\n<\/tbody>\n<\/table>\n<!-- #tablepress-714 from cache --><\/h6>\n<hr class=\"linie100g\" \/>\n<p>[\/et_pb_text][et_pb_text background_layout=\u00bblight\u00bb text_orientation=\u00bbleft\u00bb border_style=\u00bbsolid\u00bb background_position=\u00bbtop_left\u00bb background_repeat=\u00bbrepeat\u00bb background_size=\u00bbinitial\u00bb _builder_version=\u00bb3.0.49&#8243; module_alignment=\u00bbleft\u00bb border_style_all=\u00bbsolid\u00bb]<\/p>\n<p><strong>\u00bfSe ha perdido la llave de seguridad de las llantas? \u00a1Con el juego de desmontaje UDS-80 esto no es un problema!<\/strong> Con bocas de diferentes dimensiones se pueden abrir todos los seguros antirrobo de llantas usuales. Estos casquillos de impacto fabricados de acero para muelles se insertan en el seguro de rueda con la ayuda de un mandril de impacto y a continuaci\u00f3n se sueltan con la llave de ruedas. Importante: la ejecuci\u00f3n estrecha de las bocas se adapta tambi\u00e9n a los estrechos orificios de fijaci\u00f3n de las llantas de dise\u00f1o. <strong>Ideal tambi\u00e9n para cuando se est\u00e1 de viaje o para casa, ya que no es necesaria ninguna otra herramienta adicional neum\u00e1tica o el\u00e9ctrica.<\/strong><\/p>\n<p>[\/et_pb_text][\/et_pb_column_inner][\/et_pb_row_inner][\/et_pb_column][\/et_pb_section][et_pb_section bb_built=\u00bb1&#8243; fullwidth=\u00bboff\u00bb specialty=\u00bboff\u00bb transparent_background=\u00bboff\u00bb background_color=\u00bb#dddddd\u00bb allow_player_pause=\u00bboff\u00bb inner_shadow=\u00bboff\u00bb parallax=\u00bboff\u00bb parallax_method=\u00bbon\u00bb make_fullwidth=\u00bboff\u00bb use_custom_width=\u00bboff\u00bb width_unit=\u00bbon\u00bb make_equal=\u00bboff\u00bb use_custom_gutter=\u00bboff\u00bb custom_padding=\u00bb0px||0px|\u00bb][et_pb_row background_position=\u00bbtop_left\u00bb background_repeat=\u00bbrepeat\u00bb background_size=\u00bbinitial\u00bb][et_pb_column type=\u00bb4_4&#8243;][et_pb_text background_layout=\u00bblight\u00bb text_orientation=\u00bbleft\u00bb use_border_color=\u00bboff\u00bb border_color=\u00bb#ffffff\u00bb border_style=\u00bbsolid\u00bb background_position=\u00bbtop_left\u00bb background_repeat=\u00bbrepeat\u00bb background_size=\u00bbinitial\u00bb module_alignment=\u00bbleft\u00bb]<\/p>\n<h5>OTRAS VISTAS:<\/h5>\n<p>[\/et_pb_text][et_pb_gallery fullwidth=\u00bboff\u00bb posts_number=\u00bb10&#8243; orientation=\u00bblandscape\u00bb show_title_and_caption=\u00bboff\u00bb show_pagination=\u00bbon\u00bb background_layout=\u00bblight\u00bb hover_overlay_color=\u00bbrgba(255,255,255,0.9)\u00bb caption_line_height=\u00bb14px\u00bb title_font_size=\u00bb14&#8243; saved_tabs=\u00bball\u00bb gallery_ids=\u00bb7504,7505,7506,7507,7508,7509,7510,7511&#8243; _builder_version=\u00bb3.0.83&#8243; zoom_icon_color=\u00bb#0f00a7&#8243; pagination_font_size_tablet=\u00bb51&#8243; pagination_line_height_tablet=\u00bb2&#8243; \/][et_pb_divider color=\u00bb#ffffff\u00bb show_divider=\u00bbon\u00bb divider_style=\u00bbsolid\u00bb divider_position=\u00bbcenter\u00bb hide_on_mobile=\u00bbon\u00bb divider_weight=\u00bb3&#8243; disabled_on=\u00bbon|on|off\u00bb \/][\/et_pb_column][\/et_pb_row][\/et_pb_section][et_pb_section bb_built=\u00bb1&#8243; fullwidth=\u00bboff\u00bb specialty=\u00bboff\u00bb transparent_background=\u00bboff\u00bb background_color=\u00bb#dddddd\u00bb allow_player_pause=\u00bboff\u00bb inner_shadow=\u00bboff\u00bb parallax=\u00bboff\u00bb parallax_method=\u00bbon\u00bb make_fullwidth=\u00bboff\u00bb use_custom_width=\u00bboff\u00bb width_unit=\u00bbon\u00bb make_equal=\u00bboff\u00bb use_custom_gutter=\u00bboff\u00bb custom_padding=\u00bb0px||0px|\u00bb][et_pb_row background_position=\u00bbtop_left\u00bb background_repeat=\u00bbrepeat\u00bb background_size=\u00bbinitial\u00bb][et_pb_column type=\u00bb4_4&#8243;][et_pb_text background_layout=\u00bblight\u00bb text_orientation=\u00bbleft\u00bb use_border_color=\u00bboff\u00bb border_color=\u00bb#ffffff\u00bb border_style=\u00bbsolid\u00bb background_position=\u00bbtop_left\u00bb background_repeat=\u00bbrepeat\u00bb background_size=\u00bbinitial\u00bb module_alignment=\u00bbleft\u00bb]<\/p>\n<h5>APLICACIONES:<\/h5>\n<p>[\/et_pb_text][et_pb_gallery gallery_ids=\u00bb7943,7944,7945,7946&#8243; fullwidth=\u00bboff\u00bb orientation=\u00bblandscape\u00bb show_title_and_caption=\u00bboff\u00bb show_pagination=\u00bbon\u00bb background_layout=\u00bblight\u00bb hover_overlay_color=\u00bbrgba(255,255,255,0.9)\u00bb caption_line_height=\u00bb14px\u00bb title_font_size=\u00bb14&#8243; posts_number=\u00bb8&#8243; _builder_version=\u00bb3.0.83&#8243; zoom_icon_color=\u00bb#0f00a7&#8243; pagination_font_size_tablet=\u00bb51&#8243; pagination_line_height_tablet=\u00bb2&#8243; \/][et_pb_divider color=\u00bb#ffffff\u00bb show_divider=\u00bbon\u00bb divider_style=\u00bbsolid\u00bb divider_position=\u00bbcenter\u00bb hide_on_mobile=\u00bbon\u00bb divider_weight=\u00bb3&#8243; disabled_on=\u00bbon|on|off\u00bb \/][\/et_pb_column][\/et_pb_row][\/et_pb_section]<\/p>\n","protected":false},"excerpt":{"rendered":"<p>Juego de desmontaje UDS-80 para seguros de rueda &nbsp; N\u00ba de art.: 700 233 MANUAL DE USO ORIGINAL: LISTA DE ASIGNACI\u00d3N: \n<table id=\"tablepress-714-no-2\" class=\"tablepress tablepress-id-714\">\n<tbody>\n<tr class=\"row-1\">\n\t<td class=\"column-1\">\u00c1mbito de suministro<\/td><td class=\"column-2\">1 uni. Casquillo 16,8 - 18,8mm<\/td>\n<\/tr>\n<tr class=\"row-2\">\n\t<td class=\"column-1\"><\/td><td class=\"column-2\">1 uni. Casquillo 17,8 - 19,8 mm<\/td>\n<\/tr>\n<tr class=\"row-3\">\n\t<td class=\"column-1\"><\/td><td class=\"column-2\">1 uni. Casquillo 18,8 - 20,8 mm<\/td>\n<\/tr>\n<tr class=\"row-4\">\n\t<td class=\"column-1\"><\/td><td class=\"column-2\">1 uni. Casquillo 19,8 - 21,8 mm<\/td>\n<\/tr>\n<tr class=\"row-5\">\n\t<td class=\"column-1\"><\/td><td class=\"column-2\">1 uni. Casquillo 20,8 - 22,8 mm<\/td>\n<\/tr>\n<tr class=\"row-6\">\n\t<td class=\"column-1\"><\/td><td class=\"column-2\">1 uni. Casquillo 21,8 - 23,8 mm<\/td>\n<\/tr>\n<tr class=\"row-7\">\n\t<td class=\"column-1\"><\/td><td class=\"column-2\">1 uni. Casquillo 22,8 - 24,8 mm<\/td>\n<\/tr>\n<tr class=\"row-8\">\n\t<td class=\"column-1\"><\/td><td class=\"column-2\">1 uni. Casquillo 23,8 - 25,8 mm<\/td>\n<\/tr>\n<tr class=\"row-9\">\n\t<td class=\"column-1\"><\/td><td class=\"column-2\">2 uni. Mandril de impacto<\/td>\n<\/tr>\n<\/tbody>\n<\/table>\n \u00bfSe ha perdido la llave de seguridad de las llantas? \u00a1Con el juego de desmontaje UDS-80 esto no es un problema! Con bocas de diferentes dimensiones se pueden abrir todos los [&hellip;]<\/p>\n","protected":false},"author":8,"featured_media":0,"parent":0,"menu_order":130,"comment_status":"closed","ping_status":"closed","template":"","meta":{"_et_pb_use_builder":"on","_et_pb_old_content":"","_et_gb_content_width":"","footnotes":""},"class_list":["post-18842","page","type-page","status-publish","hentry"],"_links":{"self":[{"href":"https:\/\/bendel.de\/es\/wp-json\/wp\/v2\/pages\/18842","targetHints":{"allow":["GET"]}}],"collection":[{"href":"https:\/\/bendel.de\/es\/wp-json\/wp\/v2\/pages"}],"about":[{"href":"https:\/\/bendel.de\/es\/wp-json\/wp\/v2\/types\/page"}],"author":[{"embeddable":true,"href":"https:\/\/bendel.de\/es\/wp-json\/wp\/v2\/users\/8"}],"replies":[{"embeddable":true,"href":"https:\/\/bendel.de\/es\/wp-json\/wp\/v2\/comments?post=18842"}],"version-history":[{"count":4,"href":"https:\/\/bendel.de\/es\/wp-json\/wp\/v2\/pages\/18842\/revisions"}],"predecessor-version":[{"id":21809,"href":"https:\/\/bendel.de\/es\/wp-json\/wp\/v2\/pages\/18842\/revisions\/21809"}],"wp:attachment":[{"href":"https:\/\/bendel.de\/es\/wp-json\/wp\/v2\/media?parent=18842"}],"curies":[{"name":"wp","href":"https:\/\/api.w.org\/{rel}","templated":true}]}}