{"id":20429,"date":"2017-11-21T18:32:49","date_gmt":"2017-11-21T18:32:49","guid":{"rendered":"http:\/\/www.bendel.de\/downloads\/"},"modified":"2025-11-19T06:01:53","modified_gmt":"2025-11-19T06:01:53","slug":"downloads","status":"publish","type":"page","link":"https:\/\/bendel.de\/es\/downloads\/","title":{"rendered":"Descargas"},"content":{"rendered":"<p>[et_pb_section fb_built=\u00bb1&#8243; admin_label=\u00bbsection\u00bb _builder_version=\u00bb4.16&#8243; global_colors_info=\u00bb{}\u00bb][et_pb_row column_structure=\u00bb1_4,1_4,1_4,1_4&#8243; admin_label=\u00bbrow\u00bb _builder_version=\u00bb4.16&#8243; background_size=\u00bbinitial\u00bb background_position=\u00bbtop_left\u00bb background_repeat=\u00bbrepeat\u00bb global_colors_info=\u00bb{}\u00bb][et_pb_column type=\u00bb1_4&#8243; _builder_version=\u00bb4.16&#8243; custom_padding=\u00bb|||\u00bb global_colors_info=\u00bb{}\u00bb custom_padding__hover=\u00bb|||\u00bb][et_pb_text _builder_version=\u00bb4.16&#8243; module_alignment=\u00bbleft\u00bb global_colors_info=\u00bb{}\u00bb]<\/p>\n<h4>Plano de explosi\u00f3n A-B<\/h4>\n<p>[\/et_pb_text][et_pb_text _builder_version=\u00bb4.27.4&#8243; module_alignment=\u00bbleft\u00bb global_colors_info=\u00bb{}\u00bb]<\/p>\n<p><a href=\"https:\/\/www.bendel.de\/wp-content\/uploads\/2017\/06\/A-2008-Zeichnung.pdf\" target=\"_blank\" rel=\"noopener noreferrer\">A-2008 Atornillador de impacto de 1\/2\u2033<\/a><\/p>\n<p><a href=\"https:\/\/www.bendel.de\/wp-content\/uploads\/2017\/06\/A-3112-3138-Zeichnung.pdf\" target=\"_blank\" rel=\"noopener noreferrer\">A-3112 Atornillador de impacto angular de 1\/2\u2033 sin retroceso<\/a><\/p>\n<p><a href=\"https:\/\/www.bendel.de\/wp-content\/uploads\/2017\/01\/b-2512.pdf\" target=\"_blank\" rel=\"noopener noreferrer\">B-2512 Carraca de 1\/2\u2033<\/a><\/p>\n<p><a href=\"https:\/\/www.bendel.de\/wp-content\/uploads\/2017\/01\/B-2214.pdf\" target=\"_blank\" rel=\"noopener noreferrer\">B-2214 Carraca de 1\/4\u2033<\/a><\/p>\n<p><a href=\"https:\/\/www.bendel.de\/wp-content\/uploads\/2017\/06\/b-2314.pdf\" target=\"_blank\" rel=\"noopener noreferrer\">B-2314 Carraca de 1\/4\u2033<\/a><\/p>\n<p><a href=\"https:\/\/www.bendel.de\/wp-content\/uploads\/2017\/06\/b-2338-.pdf\" target=\"_blank\" rel=\"noopener noreferrer\">B-2338 Carraca de 3\/8\u2033<\/a><\/p>\n<p><a href=\"https:\/\/www.bendel.de\/wp-content\/uploads\/2017\/06\/b-3038-3012.pdf\" target=\"_blank\" rel=\"noopener noreferrer\">B-3012 Carraca de 1\/2\u201c de versi\u00f3n pesada<\/a><\/p>\n<p>&nbsp;<\/p>\n<p>&nbsp;<\/p>\n<p>[\/et_pb_text][\/et_pb_column][et_pb_column type=\u00bb1_4&#8243; _builder_version=\u00bb4.16&#8243; custom_padding=\u00bb|||\u00bb global_colors_info=\u00bb{}\u00bb custom_padding__hover=\u00bb|||\u00bb][et_pb_text _builder_version=\u00bb4.16&#8243; module_alignment=\u00bbleft\u00bb global_colors_info=\u00bb{}\u00bb]<\/p>\n<h4>Plano de explosi\u00f3n C-K<\/h4>\n<p>[\/et_pb_text][et_pb_text _builder_version=\u00bb4.27.4&#8243; module_alignment=\u00bbleft\u00bb global_colors_info=\u00bb{}\u00bb]<\/p>\n<p><a href=\"https:\/\/www.bendel.de\/wp-content\/uploads\/2017\/06\/C-3672-SM-C-3672A.pdf\" target=\"_blank\" rel=\"noopener noreferrer\">C-3672 Lijadora exc\u00e9ntrica<\/a><\/p>\n<p><a href=\"https:\/\/www.bendel.de\/wp-content\/uploads\/2017\/01\/c-3535.pdf\" target=\"_blank\" rel=\"noopener noreferrer\">C-3535 Lijadora de banda de 10 mm<\/a><\/p>\n<p><a href=\"https:\/\/www.bendel.de\/wp-content\/uploads\/2017\/06\/C-3610.pdf\" target=\"_blank\" rel=\"noopener noreferrer\">C-3610 Lijadora de banda de 10 mm<\/a><\/p>\n<p><a href=\"https:\/\/www.bendel.de\/wp-content\/uploads\/2017\/01\/C-3620.pdf\" target=\"_blank\" rel=\"noopener noreferrer\">C-3620 Lijadora de banda de 20 mm<\/a><\/p>\n<p><a href=\"https:\/\/www.bendel.de\/wp-content\/uploads\/2017\/01\/C-3710-SM.pdf\" target=\"_blank\" rel=\"noopener noreferrer\">C-3710 Lijadora exc\u00e9ntrica Diamond<\/a><\/p>\n<p><a href=\"https:\/\/www.bendel.de\/wp-content\/uploads\/2017\/01\/c-3720.pdf\" target=\"_blank\" rel=\"noopener noreferrer\">C-3720 Lijadora de dedo<\/a><\/p>\n<p><a href=\"https:\/\/www.bendel.de\/wp-content\/uploads\/2017\/01\/c-3735.pdf\" target=\"_blank\" rel=\"noopener noreferrer\">C-3735 Pulidora angular<\/a><\/p>\n<p><a href=\"https:\/\/www.bendel.de\/wp-content\/uploads\/2017\/01\/C-3851-drawing.pdf\" target=\"_blank\" rel=\"noopener noreferrer\">C-3851 Lijadora de acabado<\/a><\/p>\n<p><a href=\"https:\/\/www.bendel.de\/wp-content\/uploads\/2017\/01\/c-3855.pdf\" target=\"_blank\" rel=\"noopener noreferrer\">C-3855 Pulidora de 3\u201c<\/a><\/p>\n<p><a href=\"https:\/\/www.bendel.de\/wp-content\/uploads\/2017\/01\/c-3865.pdf\" target=\"_blank\" rel=\"noopener noreferrer\">C-3865 Lijadora angular<\/a><\/p>\n<p><a href=\"https:\/\/www.bendel.de\/wp-content\/uploads\/2017\/06\/D-6011kl.pdf\" target=\"_blank\" rel=\"noopener noreferrer\">D-6011 Taladro de 3\/8\u2033<\/a><\/p>\n<p><a href=\"https:\/\/www.bendel.de\/wp-content\/uploads\/2017\/01\/d-4130.pdf\" target=\"_blank\" rel=\"noopener noreferrer\">D-4130 Sierra de carrocer\u00eda<\/a><\/p>\n<p><a href=\"https:\/\/www.bendel.de\/wp-content\/uploads\/2017\/01\/d-4135.pdf\" target=\"_blank\" rel=\"noopener noreferrer\">D-4135 Sierra de carrocer\u00eda<\/a><\/p>\n<p><a href=\"https:\/\/www.bendel.de\/wp-content\/uploads\/2017\/01\/D-4166-Spreng.pdf\" target=\"_blank\" rel=\"noopener noreferrer\">D-4166 Sierra de carrocer\u00eda<\/a><\/p>\n<p><a href=\"https:\/\/www.bendel.de\/wp-content\/uploads\/2017\/06\/D-5120ACK.pdf\" target=\"_blank\" rel=\"noopener noreferrer\">D-5120 Juego de fresa para puntos de soldadura en un malet\u00edn<\/a><\/p>\n<p><a href=\"https:\/\/www.bendel.de\/wp-content\/uploads\/2017\/06\/Hot-Stapler-Economy.pdf\" target=\"_blank\" rel=\"noopener noreferrer\">Hot Stapler &#8211; Soldador reparaci\u00f3n pl\u00e1stico Economy<\/a><\/p>\n<p><a href=\"https:\/\/www.bendel.de\/wp-content\/uploads\/2017\/01\/I-6600.pdf\" target=\"_blank\" rel=\"noopener noreferrer\">I-6600 Lijadora de v\u00e1stago de 1\/4\u2033<\/a><\/p>\n<p><a href=\"https:\/\/www.bendel.de\/wp-content\/uploads\/2017\/01\/i-6630.pdf\" target=\"_blank\" rel=\"noopener noreferrer\">I-6630 Raspador de folios<\/a><\/p>\n<p><a href=\"https:\/\/www.bendel.de\/wp-content\/uploads\/2017\/07\/I-6645-drawing.pdf\" target=\"_blank\" rel=\"noopener noreferrer\">I-6645 Lijadora de v\u00e1stago de 1\/4\u2033<\/a><\/p>\n<p><a href=\"https:\/\/www.bendel.de\/wp-content\/uploads\/2017\/01\/i-6650.pdf\" target=\"_blank\" rel=\"noopener noreferrer\">I-6650 Lijadora de v\u00e1stago de 1\/4\u2033<\/a><\/p>\n<p><a href=\"https:\/\/www.bendel.de\/wp-content\/uploads\/2017\/06\/i-9315-Zeichnung.pdf\" target=\"_blank\" rel=\"noopener noreferrer\">I-9315 Cortador radial<\/a><\/p>\n<p><a href=\"https:\/\/www.bendel.de\/wp-content\/uploads\/2017\/06\/700169-Scheibentrennwkz.pdf\" target=\"_blank\" rel=\"noopener noreferrer\">Juego de herramientas para desmontaje de cristales<\/a><\/p>\n<p>[\/et_pb_text][\/et_pb_column][et_pb_column type=\u00bb1_4&#8243; _builder_version=\u00bb4.16&#8243; custom_padding=\u00bb|||\u00bb global_colors_info=\u00bb{}\u00bb custom_padding__hover=\u00bb|||\u00bb][et_pb_text _builder_version=\u00bb4.16&#8243; module_alignment=\u00bbleft\u00bb global_colors_info=\u00bb{}\u00bb]<\/p>\n<h4>Plano de explosi\u00f3n L-Z<\/h4>\n<p>[\/et_pb_text][et_pb_text _builder_version=\u00bb4.27.4&#8243; module_alignment=\u00bbleft\u00bb hover_enabled=\u00bb0&#8243; z_index_tablet=\u00bb500&#8243; text_text_shadow_horizontal_length_tablet=\u00bb0px\u00bb text_text_shadow_vertical_length_tablet=\u00bb0px\u00bb text_text_shadow_blur_strength_tablet=\u00bb1px\u00bb link_text_shadow_horizontal_length_tablet=\u00bb0px\u00bb link_text_shadow_vertical_length_tablet=\u00bb0px\u00bb link_text_shadow_blur_strength_tablet=\u00bb1px\u00bb ul_text_shadow_horizontal_length_tablet=\u00bb0px\u00bb ul_text_shadow_vertical_length_tablet=\u00bb0px\u00bb ul_text_shadow_blur_strength_tablet=\u00bb1px\u00bb ol_text_shadow_horizontal_length_tablet=\u00bb0px\u00bb ol_text_shadow_vertical_length_tablet=\u00bb0px\u00bb ol_text_shadow_blur_strength_tablet=\u00bb1px\u00bb quote_text_shadow_horizontal_length_tablet=\u00bb0px\u00bb quote_text_shadow_vertical_length_tablet=\u00bb0px\u00bb quote_text_shadow_blur_strength_tablet=\u00bb1px\u00bb header_text_shadow_horizontal_length_tablet=\u00bb0px\u00bb header_text_shadow_vertical_length_tablet=\u00bb0px\u00bb header_text_shadow_blur_strength_tablet=\u00bb1px\u00bb header_2_text_shadow_horizontal_length_tablet=\u00bb0px\u00bb header_2_text_shadow_vertical_length_tablet=\u00bb0px\u00bb header_2_text_shadow_blur_strength_tablet=\u00bb1px\u00bb header_3_text_shadow_horizontal_length_tablet=\u00bb0px\u00bb header_3_text_shadow_vertical_length_tablet=\u00bb0px\u00bb header_3_text_shadow_blur_strength_tablet=\u00bb1px\u00bb header_4_text_shadow_horizontal_length_tablet=\u00bb0px\u00bb header_4_text_shadow_vertical_length_tablet=\u00bb0px\u00bb header_4_text_shadow_blur_strength_tablet=\u00bb1px\u00bb header_5_text_shadow_horizontal_length_tablet=\u00bb0px\u00bb header_5_text_shadow_vertical_length_tablet=\u00bb0px\u00bb header_5_text_shadow_blur_strength_tablet=\u00bb1px\u00bb header_6_text_shadow_horizontal_length_tablet=\u00bb0px\u00bb header_6_text_shadow_vertical_length_tablet=\u00bb0px\u00bb header_6_text_shadow_blur_strength_tablet=\u00bb1px\u00bb box_shadow_horizontal_tablet=\u00bb0px\u00bb box_shadow_vertical_tablet=\u00bb0px\u00bb box_shadow_blur_tablet=\u00bb40px\u00bb box_shadow_spread_tablet=\u00bb0px\u00bb global_colors_info=\u00bb{}\u00bb sticky_enabled=\u00bb0&#8243;]<\/p>\n<p><a href=\"https:\/\/www.bendel.de\/wp-content\/uploads\/2017\/01\/lr-022.pdf\" target=\"_blank\" rel=\"noopener noreferrer\">LR-022 Pistola de remaches ciegos <\/a><\/p>\n<p><a href=\"https:\/\/www.bendel.de\/wp-content\/uploads\/2017\/01\/mp-020-1.pdf\" target=\"_blank\" rel=\"noopener noreferrer\">MP-020 Mordaza de perforaci\u00f3n y colocaci\u00f3n <\/a><\/p>\n<p><a href=\"https:\/\/www.bendel.de\/wp-content\/uploads\/2017\/01\/nm-200.pdf\" target=\"_blank\" rel=\"noopener noreferrer\">NM-200 Pistola de cartucho <\/a><\/p>\n<p><a href=\"https:\/\/www.bendel.de\/wp-content\/uploads\/2017\/06\/810090-Nietzangekl.pdf\" target=\"_blank\" rel=\"noopener noreferrer\">Remachadora en maleta de pl\u00e1stico<\/a><\/p>\n<p><a href=\"https:\/\/www.bendel.de\/wp-content\/uploads\/2017\/06\/TireBooster.pdf\" target=\"_blank\" rel=\"noopener noreferrer\">Tire Booster Ayuda de inflado de neum\u00e1ticos<\/a><\/p>\n<p><a href=\"https:\/\/www.bendel.de\/wp-content\/uploads\/2017\/06\/700233-UDS-80kl.pdf\" target=\"_blank\" rel=\"noopener noreferrer\">UDS 80 Ficha de datos <\/a><\/p>\n<p><a href=\"https:\/\/www.bendel.de\/wp-content\/uploads\/2017\/06\/700233-Zuordnungsliste-Stand-2007kl.pdf\" target=\"_blank\" rel=\"noopener noreferrer\"> UDS 80 Asignaci\u00f3n<\/a><\/p>\n<p><a href=\"https:\/\/www.bendel.de\/wp-content\/uploads\/2017\/01\/z-100.pdf\" target=\"_blank\" rel=\"noopener noreferrer\">Z-100 Aspirador de aire comprimido<\/a><\/p>\n<p>&nbsp;<\/p>\n<p>&nbsp;<\/p>\n<p>[\/et_pb_text][\/et_pb_column][et_pb_column type=\u00bb1_4&#8243; _builder_version=\u00bb4.16&#8243; custom_padding=\u00bb|||\u00bb global_colors_info=\u00bb{}\u00bb custom_padding__hover=\u00bb|||\u00bb][et_pb_text _builder_version=\u00bb4.27.4&#8243; module_alignment=\u00bbleft\u00bb custom_padding=\u00bb||||false|false\u00bb global_colors_info=\u00bb{}\u00bb]<\/p>\n<h4 id=\"tw-target-text\" class=\"tw-data-text tw-ta tw-text-large\" data-placeholder=\"\u00dcbersetzung\"><span lang=\"es\">Cat\u00e1logos<\/span><\/h4>\n<p>[\/et_pb_text][et_pb_text _builder_version=\u00bb4.16&#8243; module_alignment=\u00bbleft\u00bb z_index_tablet=\u00bb500&#8243; text_text_shadow_horizontal_length_tablet=\u00bb0px\u00bb text_text_shadow_vertical_length_tablet=\u00bb0px\u00bb text_text_shadow_blur_strength_tablet=\u00bb1px\u00bb link_text_shadow_horizontal_length_tablet=\u00bb0px\u00bb link_text_shadow_vertical_length_tablet=\u00bb0px\u00bb link_text_shadow_blur_strength_tablet=\u00bb1px\u00bb ul_text_shadow_horizontal_length_tablet=\u00bb0px\u00bb ul_text_shadow_vertical_length_tablet=\u00bb0px\u00bb ul_text_shadow_blur_strength_tablet=\u00bb1px\u00bb ol_text_shadow_horizontal_length_tablet=\u00bb0px\u00bb ol_text_shadow_vertical_length_tablet=\u00bb0px\u00bb ol_text_shadow_blur_strength_tablet=\u00bb1px\u00bb quote_text_shadow_horizontal_length_tablet=\u00bb0px\u00bb quote_text_shadow_vertical_length_tablet=\u00bb0px\u00bb quote_text_shadow_blur_strength_tablet=\u00bb1px\u00bb header_text_shadow_horizontal_length_tablet=\u00bb0px\u00bb header_text_shadow_vertical_length_tablet=\u00bb0px\u00bb header_text_shadow_blur_strength_tablet=\u00bb1px\u00bb header_2_text_shadow_horizontal_length_tablet=\u00bb0px\u00bb header_2_text_shadow_vertical_length_tablet=\u00bb0px\u00bb header_2_text_shadow_blur_strength_tablet=\u00bb1px\u00bb header_3_text_shadow_horizontal_length_tablet=\u00bb0px\u00bb header_3_text_shadow_vertical_length_tablet=\u00bb0px\u00bb header_3_text_shadow_blur_strength_tablet=\u00bb1px\u00bb header_4_text_shadow_horizontal_length_tablet=\u00bb0px\u00bb header_4_text_shadow_vertical_length_tablet=\u00bb0px\u00bb header_4_text_shadow_blur_strength_tablet=\u00bb1px\u00bb header_5_text_shadow_horizontal_length_tablet=\u00bb0px\u00bb header_5_text_shadow_vertical_length_tablet=\u00bb0px\u00bb header_5_text_shadow_blur_strength_tablet=\u00bb1px\u00bb header_6_text_shadow_horizontal_length_tablet=\u00bb0px\u00bb header_6_text_shadow_vertical_length_tablet=\u00bb0px\u00bb header_6_text_shadow_blur_strength_tablet=\u00bb1px\u00bb box_shadow_horizontal_tablet=\u00bb0px\u00bb box_shadow_vertical_tablet=\u00bb0px\u00bb box_shadow_blur_tablet=\u00bb40px\u00bb box_shadow_spread_tablet=\u00bb0px\u00bb global_colors_info=\u00bb{}\u00bb]<\/p>\n<p><a href=\"https:\/\/www.bendel.de\/dokumente\/katalog-bendel-werkzeuge-2020-uk.pdf\" target=\"_blank\" rel=\"noopener noreferrer\">Bendel Werkzeuge GmbH &amp; Co.KG<\/a><\/p>\n<p><a href=\"https:\/\/www.tornador.de\/dokumente\/katalog-tornador-always-first-uk.pdf\" target=\"_blank\" rel=\"noopener noreferrer\">Tornador\u00ae \/ Rotador\u00ae<\/a><\/p>\n<p>[\/et_pb_text][\/et_pb_column][\/et_pb_row][\/et_pb_section]<\/p>\n","protected":false},"excerpt":{"rendered":"<p>Plano de explosi\u00f3n A-B A-2008 Atornillador de impacto de 1\/2\u2033 A-3112 Atornillador de impacto angular de 1\/2\u2033 sin retroceso B-2512 Carraca de 1\/2\u2033 B-2214 Carraca de 1\/4\u2033 B-2314 Carraca de 1\/4\u2033 B-2338 Carraca de 3\/8\u2033 B-3012 Carraca de 1\/2\u201c de versi\u00f3n pesada &nbsp; &nbsp;Plano de explosi\u00f3n C-K C-3672 Lijadora exc\u00e9ntrica C-3535 Lijadora de banda de [&hellip;]<\/p>\n","protected":false},"author":8,"featured_media":0,"parent":0,"menu_order":258,"comment_status":"closed","ping_status":"closed","template":"","meta":{"_et_pb_use_builder":"on","_et_pb_old_content":"<p><a href=\"https:\/\/www.bendel.de\/wp-content\/uploads\/2017\/06\/PH21_Sprengz.pdf\">PH 21 Sprengzeichnung<\/a><\/p><p><a href=\"https:\/\/www.bendel.de\/wp-content\/uploads\/2017\/06\/Z-011S-Exploded-View.pdf\">Z-011S Sprengzeichnung<\/a><\/p><p><a href=\"https:\/\/www.bendel.de\/wp-content\/uploads\/2017\/06\/Z-010S-Exploded-View.pdf\">Z-010S Sprengzeichnung<\/a><\/p>","_et_gb_content_width":"","footnotes":""},"class_list":["post-20429","page","type-page","status-publish","hentry"],"_links":{"self":[{"href":"https:\/\/bendel.de\/es\/wp-json\/wp\/v2\/pages\/20429","targetHints":{"allow":["GET"]}}],"collection":[{"href":"https:\/\/bendel.de\/es\/wp-json\/wp\/v2\/pages"}],"about":[{"href":"https:\/\/bendel.de\/es\/wp-json\/wp\/v2\/types\/page"}],"author":[{"embeddable":true,"href":"https:\/\/bendel.de\/es\/wp-json\/wp\/v2\/users\/8"}],"replies":[{"embeddable":true,"href":"https:\/\/bendel.de\/es\/wp-json\/wp\/v2\/comments?post=20429"}],"version-history":[{"count":71,"href":"https:\/\/bendel.de\/es\/wp-json\/wp\/v2\/pages\/20429\/revisions"}],"predecessor-version":[{"id":29020,"href":"https:\/\/bendel.de\/es\/wp-json\/wp\/v2\/pages\/20429\/revisions\/29020"}],"wp:attachment":[{"href":"https:\/\/bendel.de\/es\/wp-json\/wp\/v2\/media?parent=20429"}],"curies":[{"name":"wp","href":"https:\/\/api.w.org\/{rel}","templated":true}]}}