{"id":19205,"date":"2017-11-21T10:28:36","date_gmt":"2017-11-21T10:28:36","guid":{"rendered":"http:\/\/www.bendel.de\/accessoires-pour-scies\/"},"modified":"2023-05-05T21:20:35","modified_gmt":"2023-05-05T21:20:35","slug":"accessoires-pour-scies","status":"publish","type":"page","link":"https:\/\/bendel.de\/fr\/accessoires-pour-scies\/","title":{"rendered":"Accessoires pour scies"},"content":{"rendered":"<p>[et_pb_section fb_built=\u00a0\u00bb1&Prime; admin_label=\u00a0\u00bbsection\u00a0\u00bb _builder_version=\u00a0\u00bb4.16&Prime; background_color=\u00a0\u00bb#dddddd\u00a0\u00bb global_colors_info=\u00a0\u00bb{}\u00a0\u00bb][et_pb_row _builder_version=\u00a0\u00bb4.16&Prime; background_size=\u00a0\u00bbinitial\u00a0\u00bb background_position=\u00a0\u00bbtop_left\u00a0\u00bb background_repeat=\u00a0\u00bbrepeat\u00a0\u00bb global_colors_info=\u00a0\u00bb{}\u00a0\u00bb][et_pb_column type=\u00a0\u00bb4_4&Prime; _builder_version=\u00a0\u00bb4.16&Prime; custom_padding=\u00a0\u00bb|||\u00a0\u00bb global_colors_info=\u00a0\u00bb{}\u00a0\u00bb custom_padding__hover=\u00a0\u00bb|||\u00a0\u00bb][et_pb_text _builder_version=\u00a0\u00bb4.16&Prime; border_style=\u00a0\u00bbsolid\u00a0\u00bb global_colors_info=\u00a0\u00bb{}\u00a0\u00bb]<\/p>\n<h2>Accessoires pour scies<\/h2>\n<p>[\/et_pb_text][et_pb_divider color=\u00a0\u00bb#ffffff\u00a0\u00bb divider_position=\u00a0\u00bbcenter\u00a0\u00bb divider_weight=\u00a0\u00bb3&Prime; disabled_on=\u00a0\u00bbon|on|off\u00a0\u00bb _builder_version=\u00a0\u00bb4.16&Prime; hide_on_mobile=\u00a0\u00bbon\u00a0\u00bb global_colors_info=\u00a0\u00bb{}\u00a0\u00bb][\/et_pb_divider][et_pb_text _builder_version=\u00a0\u00bb4.21.0&Prime; border_style=\u00a0\u00bbsolid\u00a0\u00bb global_colors_info=\u00a0\u00bb{}\u00a0\u00bb]<\/p>\n<h3><strong>Lames de scie, adapt\u00e9es \u00e0 SIG en version bi-m\u00e9tal, 5 pcs. assorties par taille<\/strong><\/h3>\n<p>Les performances d&rsquo;une lame de scie d\u00e9pendent de la qualit\u00e9 du mat\u00e9riau, du type de denture et de la g\u00e9om\u00e9trie de la lame.  Ces facteurs, associ\u00e9s \u00e0 une manipulation correcte de la machine et au bon choix de la lame de scie pour le mat\u00e9riau \u00e0 usiner, garantissent un r\u00e9sultat de sciage optimal.<\/p>\n<p>Bim\u00e9tal : assemblage flexible, soud\u00e9 au laser, d&rsquo;une bande d&rsquo;acier \u00e0 ressort alli\u00e9 et r\u00e9sistant \u00e0 la chaleur dans la partie sup\u00e9rieure de la lame et de l&rsquo;acier rapide haute performance dans la zone de coupe dent\u00e9e pour les applications les plus exigeantes.<\/p>\n<p><strong>Avantages par rapport \u00e0 l&rsquo;acier rapide massif:<\/strong><\/p>\n<ul>\n<li>performance de coupe exceptionnelle<\/li>\n<li>meilleure dur\u00e9e de vie<\/li>\n<li>haute r\u00e9sistance \u00e0 la rupture<\/li>\n<\/ul>\n<p>Version avec tige \u00e0 une seule came. La forme de la lame est con\u00e7ue pour le sciage de t\u00f4les et de pi\u00e8ces de carrosserie et est donc particuli\u00e8rement adapt\u00e9e aux r\u00e9parations de carrosserie.<\/p>\n<p><strong>Dimensions : 95 x 12,3 x 0,63mm <\/strong>[\/et_pb_text][et_pb_gallery gallery_ids=\u00a0\u00bb27819,27862,27823,27827,27831,27835&Prime; posts_number=\u00a0\u00bb15&Prime; zoom_icon_color=\u00a0\u00bb#0f00a7&Prime; _builder_version=\u00a0\u00bb4.21.0&Prime; title_font_size=\u00a0\u00bb14&Prime; border_style=\u00a0\u00bbsolid\u00a0\u00bb global_colors_info=\u00a0\u00bb{}\u00a0\u00bb][\/et_pb_gallery][et_pb_divider color=\u00a0\u00bb#ffffff\u00a0\u00bb divider_position=\u00a0\u00bbcenter\u00a0\u00bb divider_weight=\u00a0\u00bb3&Prime; disabled_on=\u00a0\u00bbon|on|off\u00a0\u00bb _builder_version=\u00a0\u00bb4.16&Prime; hide_on_mobile=\u00a0\u00bbon\u00a0\u00bb global_colors_info=\u00a0\u00bb{}\u00a0\u00bb][\/et_pb_divider][et_pb_text _builder_version=\u00a0\u00bb4.21.0&Prime; border_style=\u00a0\u00bbsolid\u00a0\u00bb global_colors_info=\u00a0\u00bb{}\u00a0\u00bb]<\/p>\n<h3><strong>Lames de scie, ex\u00e9cution standard bi-m\u00e9tal, 5 pcs. assorties par taille<\/strong><\/h3>\n<p>Les performances d&rsquo;une lame de scie d\u00e9pendent de la qualit\u00e9 du mat\u00e9riau, du type de denture et de la g\u00e9om\u00e9trie de la lame.  Ces facteurs, associ\u00e9s \u00e0 une manipulation correcte de la machine et au bon choix de la lame de scie pour le mat\u00e9riau \u00e0 usiner, garantissent un r\u00e9sultat de sciage optimal.<\/p>\n<p>Bim\u00e9tal : assemblage flexible, soud\u00e9 au laser, d&rsquo;une bande d&rsquo;acier \u00e0 ressort alli\u00e9 et r\u00e9sistant \u00e0 la chaleur dans la partie sup\u00e9rieure de la lame et de l&rsquo;acier rapide haute performance dans la zone de coupe dent\u00e9e pour les applications les plus exigeantes. <\/p>\n<p><strong>Avantages par rapport \u00e0 l&rsquo;acier rapide complet:<\/strong><\/p>\n<ul>\n<li>performance de coupe exceptionnelle<\/li>\n<li>meilleure dur\u00e9e de vie<\/li>\n<li>haute r\u00e9sistance \u00e0 la rupture<\/li>\n<\/ul>\n<p>Version \u00e0 tige droite : la forme de la lame est con\u00e7ue pour le sciage de t\u00f4les et de pi\u00e8ces de carrosserie et convient donc particuli\u00e8rement aux r\u00e9parations de carrosserie.<\/p>\n<p><strong>Dimensions : 95 x 12,3 x 0,63mm  <\/strong>[\/et_pb_text][et_pb_gallery gallery_ids=\u00a0\u00bb27839,27866,27843,27847,27851,27855&Prime; posts_number=\u00a0\u00bb15&Prime; zoom_icon_color=\u00a0\u00bb#0f00a7&Prime; _builder_version=\u00a0\u00bb4.21.0&Prime; title_font_size=\u00a0\u00bb14&Prime; hover_enabled=\u00a0\u00bb0&Prime; border_style=\u00a0\u00bbsolid\u00a0\u00bb global_colors_info=\u00a0\u00bb{}\u00a0\u00bb sticky_enabled=\u00a0\u00bb0&Prime;][\/et_pb_gallery][\/et_pb_column][\/et_pb_row][\/et_pb_section]<\/p>\n","protected":false},"excerpt":{"rendered":"<p>Accessoires pour scies Lames de scie, adapt\u00e9es \u00e0 SIG en version bi-m\u00e9tal, 5 pcs. assorties par taille Les performances d&rsquo;une lame de scie d\u00e9pendent de la qualit\u00e9 du mat\u00e9riau, du type de denture et de la g\u00e9om\u00e9trie de la lame. Ces facteurs, associ\u00e9s \u00e0 une manipulation correcte de la machine et au bon choix de [&hellip;]<\/p>\n","protected":false},"author":8,"featured_media":0,"parent":0,"menu_order":205,"comment_status":"closed","ping_status":"closed","template":"","meta":{"_et_pb_use_builder":"on","_et_pb_old_content":"","_et_gb_content_width":"","footnotes":""},"class_list":["post-19205","page","type-page","status-publish","hentry"],"_links":{"self":[{"href":"https:\/\/bendel.de\/fr\/wp-json\/wp\/v2\/pages\/19205","targetHints":{"allow":["GET"]}}],"collection":[{"href":"https:\/\/bendel.de\/fr\/wp-json\/wp\/v2\/pages"}],"about":[{"href":"https:\/\/bendel.de\/fr\/wp-json\/wp\/v2\/types\/page"}],"author":[{"embeddable":true,"href":"https:\/\/bendel.de\/fr\/wp-json\/wp\/v2\/users\/8"}],"replies":[{"embeddable":true,"href":"https:\/\/bendel.de\/fr\/wp-json\/wp\/v2\/comments?post=19205"}],"version-history":[{"count":11,"href":"https:\/\/bendel.de\/fr\/wp-json\/wp\/v2\/pages\/19205\/revisions"}],"predecessor-version":[{"id":27887,"href":"https:\/\/bendel.de\/fr\/wp-json\/wp\/v2\/pages\/19205\/revisions\/27887"}],"wp:attachment":[{"href":"https:\/\/bendel.de\/fr\/wp-json\/wp\/v2\/media?parent=19205"}],"curies":[{"name":"wp","href":"https:\/\/api.w.org\/{rel}","templated":true}]}}