{"id":19301,"date":"2017-11-21T10:28:45","date_gmt":"2017-11-21T10:28:45","guid":{"rendered":"http:\/\/www.bendel.de\/kit-de-rparation-de-filetages\/"},"modified":"2017-12-08T13:01:45","modified_gmt":"2017-12-08T13:01:45","slug":"kit-de-rparation-de-filetages","status":"publish","type":"page","link":"https:\/\/bendel.de\/fr\/kit-de-rparation-de-filetages\/","title":{"rendered":"Kit de r&eacute;paration de filetages"},"content":{"rendered":"<p>[et_pb_section bb_built=\u00a0\u00bb1&Prime; admin_label=\u00a0\u00bbSection\u00a0\u00bb fullwidth=\u00a0\u00bboff\u00a0\u00bb specialty=\u00a0\u00bbon\u00a0\u00bb][et_pb_column type=\u00a0\u00bb1_2&Prime;][et_pb_text background_layout=\u00a0\u00bblight\u00a0\u00bb text_orientation=\u00a0\u00bbleft\u00a0\u00bb border_style=\u00a0\u00bbsolid\u00a0\u00bb _builder_version=\u00a0\u00bb3.0.55&Prime; module_alignment=\u00a0\u00bbleft\u00a0\u00bb]<\/p>\n<h2><strong>Kit de r\u00e9paration et de nettoyage de filetages<\/strong><\/h2>\n<p>&nbsp;<\/p>\n<h3>R\u00e9f.art.\u00a0: 700 260<\/h3>\n<p>[\/et_pb_text][et_pb_image src=\u00a0\u00bbhttps:\/\/www.bendel.de\/wp-content\/uploads\/2017\/06\/700260-GewindeRepsatz.jpg\u00a0\u00bb show_in_lightbox=\u00a0\u00bbon\u00a0\u00bb url_new_window=\u00a0\u00bboff\u00a0\u00bb use_overlay=\u00a0\u00bboff\u00a0\u00bb sticky=\u00a0\u00bboff\u00a0\u00bb align=\u00a0\u00bbleft\u00a0\u00bb always_center_on_mobile=\u00a0\u00bbon\u00a0\u00bb border_style=\u00a0\u00bbsolid\u00a0\u00bb force_fullwidth=\u00a0\u00bboff\u00a0\u00bb _builder_version=\u00a0\u00bb3.0.49&Prime; animation_style=\u00a0\u00bbslide\u00a0\u00bb animation_duration=\u00a0\u00bb500ms\u00a0\u00bb animation_intensity_slide=\u00a0\u00bb10%\u00a0\u00bb animation_direction=\u00a0\u00bbleft\u00a0\u00bb show_bottom_space=\u00a0\u00bbon\u00a0\u00bb \/][\/et_pb_column][et_pb_column type=\u00a0\u00bb1_2&Prime; specialty_columns=\u00a0\u00bb2&Prime;][et_pb_row_inner admin_label=\u00a0\u00bbRow\u00a0\u00bb padding_mobile=\u00a0\u00bboff\u00a0\u00bb use_custom_gutter=\u00a0\u00bboff\u00a0\u00bb column_padding_mobile=\u00a0\u00bbon\u00a0\u00bb make_equal=\u00a0\u00bbon\u00a0\u00bb parallax_1=\u00a0\u00bboff\u00a0\u00bb parallax_method_1=\u00a0\u00bboff\u00a0\u00bb parallax_2=\u00a0\u00bboff\u00a0\u00bb parallax_method_2=\u00a0\u00bboff\u00a0\u00bb][et_pb_column_inner type=\u00a0\u00bb4_4&Prime; saved_specialty_column_type=\u00a0\u00bb1_2&Prime;][et_pb_text background_layout=\u00a0\u00bblight\u00a0\u00bb saved_tabs=\u00a0\u00bball\u00a0\u00bb _builder_version=\u00a0\u00bb3.0.91&Prime; module_alignment=\u00a0\u00bbleft\u00a0\u00bb]<\/p>\n<hr class=\"linie100g\" \/>\n<h6>\n<table id=\"tablepress-803\" class=\"tablepress tablepress-id-803\">\n<tbody>\n<tr class=\"row-1\">\n\t<td class=\"column-1\">Contenu<\/td><td class=\"column-2\">Taraud M12 x 1,25<\/td>\n<\/tr>\n<tr class=\"row-2\">\n\t<td class=\"column-1\">1 exemplaire par pi\u00e8ce<\/td><td class=\"column-2\">Taraud M12 x 1,50<\/td>\n<\/tr>\n<tr class=\"row-3\">\n\t<td class=\"column-1\"><\/td><td class=\"column-2\">Taraud M14 x 1,50<\/td>\n<\/tr>\n<tr class=\"row-4\">\n\t<td class=\"column-1\"><\/td><td class=\"column-2\">\u00c9crou-fili\u00e8re M12 x 1,25<\/td>\n<\/tr>\n<tr class=\"row-5\">\n\t<td class=\"column-1\"><\/td><td class=\"column-2\">\u00c9crou-fili\u00e8re M12 x 1,50<\/td>\n<\/tr>\n<tr class=\"row-6\">\n\t<td class=\"column-1\"><\/td><td class=\"column-2\">\u00c9crou-fili\u00e8re M14 x 1,50<\/td>\n<\/tr>\n<tr class=\"row-7\">\n\t<td class=\"column-1\"><\/td><td class=\"column-2\">Tourne-\u00e0-gauche M4-12<\/td>\n<\/tr>\n<tr class=\"row-8\">\n\t<td class=\"column-1\"><\/td><td class=\"column-2\">Calibre de filetage, m\u00e9trique<\/td>\n<\/tr>\n<tr class=\"row-9\">\n\t<td class=\"column-1\"><\/td><td class=\"column-2\">Foret de pr\u00e9-per\u00e7age HSS 6,5 mm<\/td>\n<\/tr>\n<tr class=\"row-10\">\n\t<td class=\"column-1\"><\/td><td class=\"column-2\">Foret de pr\u00e9-per\u00e7age HSS 7,5 mm<\/td>\n<\/tr>\n<tr class=\"row-11\">\n\t<td class=\"column-1\"><\/td><td class=\"column-2\">Extracteur de vis M12\/14<\/td>\n<\/tr>\n<\/tbody>\n<\/table>\n<!-- #tablepress-803 from cache --><\/h6>\n<hr class=\"linie100g\" \/>\n<p>[\/et_pb_text][et_pb_text background_layout=\u00a0\u00bblight\u00a0\u00bb text_orientation=\u00a0\u00bbleft\u00a0\u00bb border_style=\u00a0\u00bbsolid\u00a0\u00bb _builder_version=\u00a0\u00bb3.0.49&Prime; module_alignment=\u00a0\u00bbleft\u00a0\u00bb border_style_all=\u00a0\u00bbsolid\u00a0\u00bb]<\/p>\n<p><strong>Qu&rsquo;il soit question d&rsquo;une vis cass\u00e9e, d&rsquo;un trou taraud\u00e9 trop \u00e9troit ou d&rsquo;un filetage rouill\u00e9 ou fauss\u00e9\u00a0:<\/strong> il est souvent n\u00e9cessaire de couper un filetage ou de remettre en forme un filetage existant. Avec ses tarauds, ses \u00e9crous-fili\u00e8res, son tourne-\u00e0-gauche et son porte-fili\u00e8re, ce kit contient tous les outils permettant de nettoyer ou de recouper des filetages m\u00e2les ou femelles. <strong>Il convient tr\u00e8s bien aux boulons de roues, goujons, \u00e9crous de roues ou filets de moyeux de roues.<\/strong><\/p>\n<p>[\/et_pb_text][\/et_pb_column_inner][\/et_pb_row_inner][\/et_pb_column][\/et_pb_section][et_pb_section bb_built=\u00a0\u00bb1&Prime; fullwidth=\u00a0\u00bboff\u00a0\u00bb specialty=\u00a0\u00bboff\u00a0\u00bb transparent_background=\u00a0\u00bboff\u00a0\u00bb background_color=\u00a0\u00bb#dddddd\u00a0\u00bb allow_player_pause=\u00a0\u00bboff\u00a0\u00bb inner_shadow=\u00a0\u00bboff\u00a0\u00bb parallax=\u00a0\u00bboff\u00a0\u00bb parallax_method=\u00a0\u00bbon\u00a0\u00bb make_fullwidth=\u00a0\u00bboff\u00a0\u00bb use_custom_width=\u00a0\u00bboff\u00a0\u00bb width_unit=\u00a0\u00bbon\u00a0\u00bb make_equal=\u00a0\u00bboff\u00a0\u00bb use_custom_gutter=\u00a0\u00bboff\u00a0\u00bb custom_padding=\u00a0\u00bb0px||0px|\u00a0\u00bb _builder_version=\u00a0\u00bb3.0.83&Prime;][et_pb_row background_position=\u00a0\u00bbtop_left\u00a0\u00bb background_repeat=\u00a0\u00bbrepeat\u00a0\u00bb background_size=\u00a0\u00bbinitial\u00a0\u00bb _builder_version=\u00a0\u00bb3.0.83&Prime;][et_pb_column type=\u00a0\u00bb4_4&Prime;][et_pb_text background_layout=\u00a0\u00bblight\u00a0\u00bb background_position=\u00a0\u00bbtop_left\u00a0\u00bb background_repeat=\u00a0\u00bbrepeat\u00a0\u00bb background_size=\u00a0\u00bbinitial\u00a0\u00bb module_alignment=\u00a0\u00bbleft\u00a0\u00bb _builder_version=\u00a0\u00bb3.0.83&Prime;]<\/p>\n<h5>AUTRES VUES\u00a0:<\/h5>\n<p>[\/et_pb_text][et_pb_gallery fullwidth=\u00a0\u00bboff\u00a0\u00bb posts_number=\u00a0\u00bb10&Prime; orientation=\u00a0\u00bblandscape\u00a0\u00bb show_title_and_caption=\u00a0\u00bboff\u00a0\u00bb show_pagination=\u00a0\u00bbon\u00a0\u00bb background_layout=\u00a0\u00bblight\u00a0\u00bb hover_overlay_color=\u00a0\u00bbrgba(255,255,255,0.9)\u00a0\u00bb caption_line_height=\u00a0\u00bb14px\u00a0\u00bb title_font_size=\u00a0\u00bb14&Prime; saved_tabs=\u00a0\u00bball\u00a0\u00bb gallery_ids=\u00a0\u00bb7534,7528,7529,7532,7530,7531,7527,7533&Prime; _builder_version=\u00a0\u00bb3.0.83&Prime; zoom_icon_color=\u00a0\u00bb#0f00a7&Prime; pagination_font_size_tablet=\u00a0\u00bb51&Prime; pagination_line_height_tablet=\u00a0\u00bb2&Prime; custom_margin=\u00a0\u00bb0px|0px|0px|0px\u00a0\u00bb custom_padding=\u00a0\u00bb0px|0px|0px|0px\u00a0\u00bb \/][et_pb_divider show_divider=\u00a0\u00bbon\u00a0\u00bb divider_position=\u00a0\u00bbcenter\u00a0\u00bb hide_on_mobile=\u00a0\u00bbon\u00a0\u00bb divider_weight=\u00a0\u00bb3&Prime; disabled_on=\u00a0\u00bbon|on|off\u00a0\u00bb _builder_version=\u00a0\u00bb3.0.83&Prime; \/][\/et_pb_column][\/et_pb_row][\/et_pb_section]<\/p>\n","protected":false},"excerpt":{"rendered":"<p>Kit de r\u00e9paration et de nettoyage de filetages &nbsp; R\u00e9f.art.\u00a0: 700 260 \n<table id=\"tablepress-803-no-2\" class=\"tablepress tablepress-id-803\">\n<tbody>\n<tr class=\"row-1\">\n\t<td class=\"column-1\">Contenu<\/td><td class=\"column-2\">Taraud M12 x 1,25<\/td>\n<\/tr>\n<tr class=\"row-2\">\n\t<td class=\"column-1\">1 exemplaire par pi\u00e8ce<\/td><td class=\"column-2\">Taraud M12 x 1,50<\/td>\n<\/tr>\n<tr class=\"row-3\">\n\t<td class=\"column-1\"><\/td><td class=\"column-2\">Taraud M14 x 1,50<\/td>\n<\/tr>\n<tr class=\"row-4\">\n\t<td class=\"column-1\"><\/td><td class=\"column-2\">\u00c9crou-fili\u00e8re M12 x 1,25<\/td>\n<\/tr>\n<tr class=\"row-5\">\n\t<td class=\"column-1\"><\/td><td class=\"column-2\">\u00c9crou-fili\u00e8re M12 x 1,50<\/td>\n<\/tr>\n<tr class=\"row-6\">\n\t<td class=\"column-1\"><\/td><td class=\"column-2\">\u00c9crou-fili\u00e8re M14 x 1,50<\/td>\n<\/tr>\n<tr class=\"row-7\">\n\t<td class=\"column-1\"><\/td><td class=\"column-2\">Tourne-\u00e0-gauche M4-12<\/td>\n<\/tr>\n<tr class=\"row-8\">\n\t<td class=\"column-1\"><\/td><td class=\"column-2\">Calibre de filetage, m\u00e9trique<\/td>\n<\/tr>\n<tr class=\"row-9\">\n\t<td class=\"column-1\"><\/td><td class=\"column-2\">Foret de pr\u00e9-per\u00e7age HSS 6,5 mm<\/td>\n<\/tr>\n<tr class=\"row-10\">\n\t<td class=\"column-1\"><\/td><td class=\"column-2\">Foret de pr\u00e9-per\u00e7age HSS 7,5 mm<\/td>\n<\/tr>\n<tr class=\"row-11\">\n\t<td class=\"column-1\"><\/td><td class=\"column-2\">Extracteur de vis M12\/14<\/td>\n<\/tr>\n<\/tbody>\n<\/table>\n Qu&rsquo;il soit question d&rsquo;une vis cass\u00e9e, d&rsquo;un trou taraud\u00e9 trop \u00e9troit ou d&rsquo;un filetage rouill\u00e9 ou fauss\u00e9\u00a0: il est souvent n\u00e9cessaire de couper un filetage ou de remettre en forme un filetage existant. Avec ses tarauds, ses \u00e9crous-fili\u00e8res, son tourne-\u00e0-gauche [&hellip;]<\/p>\n","protected":false},"author":8,"featured_media":0,"parent":0,"menu_order":133,"comment_status":"closed","ping_status":"closed","template":"","meta":{"_et_pb_use_builder":"on","_et_pb_old_content":"","_et_gb_content_width":"","footnotes":""},"class_list":["post-19301","page","type-page","status-publish","hentry"],"_links":{"self":[{"href":"https:\/\/bendel.de\/fr\/wp-json\/wp\/v2\/pages\/19301","targetHints":{"allow":["GET"]}}],"collection":[{"href":"https:\/\/bendel.de\/fr\/wp-json\/wp\/v2\/pages"}],"about":[{"href":"https:\/\/bendel.de\/fr\/wp-json\/wp\/v2\/types\/page"}],"author":[{"embeddable":true,"href":"https:\/\/bendel.de\/fr\/wp-json\/wp\/v2\/users\/8"}],"replies":[{"embeddable":true,"href":"https:\/\/bendel.de\/fr\/wp-json\/wp\/v2\/comments?post=19301"}],"version-history":[{"count":7,"href":"https:\/\/bendel.de\/fr\/wp-json\/wp\/v2\/pages\/19301\/revisions"}],"predecessor-version":[{"id":22975,"href":"https:\/\/bendel.de\/fr\/wp-json\/wp\/v2\/pages\/19301\/revisions\/22975"}],"wp:attachment":[{"href":"https:\/\/bendel.de\/fr\/wp-json\/wp\/v2\/media?parent=19301"}],"curies":[{"name":"wp","href":"https:\/\/api.w.org\/{rel}","templated":true}]}}