{"id":19337,"date":"2017-11-21T10:28:47","date_gmt":"2017-11-21T10:28:47","guid":{"rendered":"http:\/\/www.bendel.de\/outillage-pneumatique-divers\/"},"modified":"2017-12-11T10:19:22","modified_gmt":"2017-12-11T10:19:22","slug":"outillage-pneumatique-divers","status":"publish","type":"page","link":"https:\/\/bendel.de\/fr\/outillage-pneumatique-divers\/","title":{"rendered":"Outillage pneumatique divers"},"content":{"rendered":"<p>[et_pb_section bb_built=\u00a0\u00bb1&Prime; admin_label=\u00a0\u00bbsection\u00a0\u00bb][et_pb_row admin_label=\u00a0\u00bbrow\u00a0\u00bb background_position=\u00a0\u00bbtop_left\u00a0\u00bb background_repeat=\u00a0\u00bbrepeat\u00a0\u00bb background_size=\u00a0\u00bbinitial\u00a0\u00bb][et_pb_column type=\u00a0\u00bb4_4&Prime;][et_pb_text background_layout=\u00a0\u00bblight\u00a0\u00bb use_border_color=\u00a0\u00bboff\u00a0\u00bb background_position=\u00a0\u00bbtop_left\u00a0\u00bb background_repeat=\u00a0\u00bbrepeat\u00a0\u00bb background_size=\u00a0\u00bbinitial\u00a0\u00bb _builder_version=\u00a0\u00bb3.0.91&Prime;]<\/p>\n<style type=\"text\/css\">\r\n\t#foogallery-gallery-22225 .fg-image {\r\n        width: 300px;\r\n    }\r\n<\/style>\r\n\t\t\t\t<div class=\"foogallery foogallery-container foogallery-default foogallery-lightbox-none fg-gutter-25 fg-center fg-default fg-light fg-loading-default fg-loaded-fade-in fg-caption-always fg-hover-fade fg-ready\" id=\"foogallery-gallery-22225\" data-foogallery=\"{&quot;item&quot;:{&quot;showCaptionTitle&quot;:true,&quot;showCaptionDescription&quot;:false},&quot;lazy&quot;:true}\" >\r\n\t<div class=\"fg-item fg-type-image fg-idle\"><figure class=\"fg-item-inner\"><a href=\"https:\/\/www.bendel.de\/fr\/riveteuse-lr-022\/\" data-caption-title=\"Riveteuse LR-022\" data-attachment-id=\"11777\" class=\"fg-thumb\"><span class=\"fg-image-wrap\"><img loading=\"lazy\" decoding=\"async\" width=\"300\" height=\"270\" class=\"skip-lazy fg-image\" data-src-fg=\"https:\/\/bendel.de\/wp-content\/uploads\/cache\/2017\/01\/LR-022-2\/3643583735.jpg\" src=\"data:image\/svg+xml,%3Csvg%20xmlns%3D%22http%3A%2F%2Fwww.w3.org%2F2000%2Fsvg%22%20width%3D%22300%22%20height%3D%22270%22%20viewBox%3D%220%200%20300%20270%22%3E%3C%2Fsvg%3E\"><\/span><span class=\"fg-image-overlay\"><\/span><\/a><figcaption class=\"fg-caption\"><div class=\"fg-caption-inner\"><div class=\"fg-caption-title\">Riveteuse LR-022<\/div><\/div><\/figcaption><\/figure><div class=\"fg-loader\"><\/div><\/div><div class=\"fg-item fg-type-image fg-idle\"><figure class=\"fg-item-inner\"><a href=\"https:\/\/www.bendel.de\/fr\/pince-soyer-et-poinonner-mp-020\/\" data-caption-title=\"Pince \u00e0 soyer et \u00e0 poin\u00e7onner MP-020\" data-attachment-id=\"11798\" class=\"fg-thumb\"><span class=\"fg-image-wrap\"><img loading=\"lazy\" decoding=\"async\" width=\"300\" height=\"270\" class=\"skip-lazy fg-image\" data-src-fg=\"https:\/\/bendel.de\/wp-content\/uploads\/cache\/2017\/01\/MP-020\/2563156100.jpg\" src=\"data:image\/svg+xml,%3Csvg%20xmlns%3D%22http%3A%2F%2Fwww.w3.org%2F2000%2Fsvg%22%20width%3D%22300%22%20height%3D%22270%22%20viewBox%3D%220%200%20300%20270%22%3E%3C%2Fsvg%3E\"><\/span><span class=\"fg-image-overlay\"><\/span><\/a><figcaption class=\"fg-caption\"><div class=\"fg-caption-inner\"><div class=\"fg-caption-title\">Pince \u00e0 soyer et \u00e0 poin\u00e7onner MP-020<\/div><\/div><\/figcaption><\/figure><div class=\"fg-loader\"><\/div><\/div><div class=\"fg-item fg-type-image fg-idle\"><figure class=\"fg-item-inner\"><a href=\"https:\/\/www.bendel.de\/fr\/pistolet-cartouche-nm-200\/\" data-caption-title=\"Pistolet \u00e0 cartouche NM-200\" data-attachment-id=\"11801\" class=\"fg-thumb\"><span class=\"fg-image-wrap\"><img loading=\"lazy\" decoding=\"async\" width=\"300\" height=\"270\" class=\"skip-lazy fg-image\" data-src-fg=\"https:\/\/bendel.de\/wp-content\/uploads\/cache\/2017\/01\/NM-200\/1721916920.jpg\" src=\"data:image\/svg+xml,%3Csvg%20xmlns%3D%22http%3A%2F%2Fwww.w3.org%2F2000%2Fsvg%22%20width%3D%22300%22%20height%3D%22270%22%20viewBox%3D%220%200%20300%20270%22%3E%3C%2Fsvg%3E\"><\/span><span class=\"fg-image-overlay\"><\/span><\/a><figcaption class=\"fg-caption\"><div class=\"fg-caption-inner\"><div class=\"fg-caption-title\">Pistolet \u00e0 cartouche NM-200<\/div><\/div><\/figcaption><\/figure><div class=\"fg-loader\"><\/div><\/div><div class=\"fg-item fg-type-image fg-idle\"><figure class=\"fg-item-inner\"><a href=\"https:\/\/www.bendel.de\/fr\/aspirateur-pneumatique-z-100\/\" data-caption-title=\"Aspirateur pneumatique Z-100\" data-attachment-id=\"11792\" class=\"fg-thumb\"><span class=\"fg-image-wrap\"><img loading=\"lazy\" decoding=\"async\" width=\"300\" height=\"270\" class=\"skip-lazy fg-image\" data-src-fg=\"https:\/\/bendel.de\/wp-content\/uploads\/cache\/2017\/01\/Z-100\/1239360924.jpg\" src=\"data:image\/svg+xml,%3Csvg%20xmlns%3D%22http%3A%2F%2Fwww.w3.org%2F2000%2Fsvg%22%20width%3D%22300%22%20height%3D%22270%22%20viewBox%3D%220%200%20300%20270%22%3E%3C%2Fsvg%3E\"><\/span><span class=\"fg-image-overlay\"><\/span><\/a><figcaption class=\"fg-caption\"><div class=\"fg-caption-inner\"><div class=\"fg-caption-title\">Aspirateur pneumatique Z-100<\/div><\/div><\/figcaption><\/figure><div class=\"fg-loader\"><\/div><\/div><div class=\"fg-item fg-type-image fg-idle\"><figure class=\"fg-item-inner\"><a href=\"https:\/\/www.bendel.de\/fr\/soufflette-z-029a\/\" data-caption-title=\"Soufflette Z-029A\" data-attachment-id=\"11771\" class=\"fg-thumb\"><span class=\"fg-image-wrap\"><img loading=\"lazy\" decoding=\"async\" width=\"300\" height=\"270\" class=\"skip-lazy fg-image\" data-src-fg=\"https:\/\/bendel.de\/wp-content\/uploads\/cache\/2017\/01\/Z-029A-1\/1478931225.jpg\" src=\"data:image\/svg+xml,%3Csvg%20xmlns%3D%22http%3A%2F%2Fwww.w3.org%2F2000%2Fsvg%22%20width%3D%22300%22%20height%3D%22270%22%20viewBox%3D%220%200%20300%20270%22%3E%3C%2Fsvg%3E\"><\/span><span class=\"fg-image-overlay\"><\/span><\/a><figcaption class=\"fg-caption\"><div class=\"fg-caption-inner\"><div class=\"fg-caption-title\">Soufflette Z-029A<\/div><\/div><\/figcaption><\/figure><div class=\"fg-loader\"><\/div><\/div><div class=\"fg-item fg-type-image fg-idle\"><figure class=\"fg-item-inner\"><a href=\"https:\/\/www.bendel.de\/fr\/soufflette-z-030\/\" data-caption-title=\"Soufflette Z-030\" data-attachment-id=\"11762\" class=\"fg-thumb\"><span class=\"fg-image-wrap\"><img loading=\"lazy\" decoding=\"async\" width=\"300\" height=\"270\" class=\"skip-lazy fg-image\" data-src-fg=\"https:\/\/bendel.de\/wp-content\/uploads\/cache\/2017\/01\/Z-030\/2146299294.jpg\" src=\"data:image\/svg+xml,%3Csvg%20xmlns%3D%22http%3A%2F%2Fwww.w3.org%2F2000%2Fsvg%22%20width%3D%22300%22%20height%3D%22270%22%20viewBox%3D%220%200%20300%20270%22%3E%3C%2Fsvg%3E\"><\/span><span class=\"fg-image-overlay\"><\/span><\/a><figcaption class=\"fg-caption\"><div class=\"fg-caption-inner\"><div class=\"fg-caption-title\">Soufflette Z-030<\/div><\/div><\/figcaption><\/figure><div class=\"fg-loader\"><\/div><\/div><div class=\"fg-item fg-type-image fg-idle\"><figure class=\"fg-item-inner\"><a href=\"https:\/\/www.bendel.de\/fr\/soufflette-z-030-20\/\" data-caption-title=\"Soufflette Z-030-20\" data-attachment-id=\"11765\" class=\"fg-thumb\"><span class=\"fg-image-wrap\"><img loading=\"lazy\" decoding=\"async\" width=\"300\" height=\"270\" class=\"skip-lazy fg-image\" data-src-fg=\"https:\/\/bendel.de\/wp-content\/uploads\/cache\/2017\/01\/Z-030XL\/1256770865.jpg\" src=\"data:image\/svg+xml,%3Csvg%20xmlns%3D%22http%3A%2F%2Fwww.w3.org%2F2000%2Fsvg%22%20width%3D%22300%22%20height%3D%22270%22%20viewBox%3D%220%200%20300%20270%22%3E%3C%2Fsvg%3E\"><\/span><span class=\"fg-image-overlay\"><\/span><\/a><figcaption class=\"fg-caption\"><div class=\"fg-caption-inner\"><div class=\"fg-caption-title\">Soufflette Z-030-20<\/div><\/div><\/figcaption><\/figure><div class=\"fg-loader\"><\/div><\/div><div class=\"fg-item fg-type-image fg-idle\"><figure class=\"fg-item-inner\"><a href=\"https:\/\/www.bendel.de\/fr\/soufflette-gros-dbit-z-040\/\" data-caption-title=\"Soufflette gros d\u00e9bit Z-040\" data-attachment-id=\"11759\" class=\"fg-thumb\"><span class=\"fg-image-wrap\"><img loading=\"lazy\" decoding=\"async\" width=\"300\" height=\"270\" class=\"skip-lazy fg-image\" data-src-fg=\"https:\/\/bendel.de\/wp-content\/uploads\/cache\/2017\/01\/SA-5902-Z-040\/3578260140.jpg\" src=\"data:image\/svg+xml,%3Csvg%20xmlns%3D%22http%3A%2F%2Fwww.w3.org%2F2000%2Fsvg%22%20width%3D%22300%22%20height%3D%22270%22%20viewBox%3D%220%200%20300%20270%22%3E%3C%2Fsvg%3E\"><\/span><span class=\"fg-image-overlay\"><\/span><\/a><figcaption class=\"fg-caption\"><div class=\"fg-caption-inner\"><div class=\"fg-caption-title\">Soufflette gros d\u00e9bit Z-040<\/div><\/div><\/figcaption><\/figure><div class=\"fg-loader\"><\/div><\/div><div class=\"fg-item fg-type-image fg-idle\"><figure class=\"fg-item-inner\"><a href=\"https:\/\/www.bendel.de\/fr\/soufflette-gros-dbit-z-041\/\" data-caption-title=\"Soufflette gros d\u00e9bit Z-041\" data-attachment-id=\"11768\" class=\"fg-thumb\"><span class=\"fg-image-wrap\"><img loading=\"lazy\" decoding=\"async\" width=\"300\" height=\"270\" class=\"skip-lazy fg-image\" data-src-fg=\"https:\/\/bendel.de\/wp-content\/uploads\/cache\/2017\/01\/Z-041\/411187909.jpg\" src=\"data:image\/svg+xml,%3Csvg%20xmlns%3D%22http%3A%2F%2Fwww.w3.org%2F2000%2Fsvg%22%20width%3D%22300%22%20height%3D%22270%22%20viewBox%3D%220%200%20300%20270%22%3E%3C%2Fsvg%3E\"><\/span><span class=\"fg-image-overlay\"><\/span><\/a><figcaption class=\"fg-caption\"><div class=\"fg-caption-inner\"><div class=\"fg-caption-title\">Soufflette gros d\u00e9bit Z-041<\/div><\/div><\/figcaption><\/figure><div class=\"fg-loader\"><\/div><\/div><div class=\"fg-item fg-type-image fg-idle\"><figure class=\"fg-item-inner\"><a href=\"https:\/\/www.bendel.de\/fr\/tire-booster\/\" data-caption-title=\"Tire-Booster\" data-attachment-id=\"11774\" class=\"fg-thumb\"><span class=\"fg-image-wrap\"><img loading=\"lazy\" decoding=\"async\" width=\"300\" height=\"270\" class=\"skip-lazy fg-image\" data-src-fg=\"https:\/\/bendel.de\/wp-content\/uploads\/cache\/2017\/01\/602540-Tire-Booster\/1553019990.jpg\" src=\"data:image\/svg+xml,%3Csvg%20xmlns%3D%22http%3A%2F%2Fwww.w3.org%2F2000%2Fsvg%22%20width%3D%22300%22%20height%3D%22270%22%20viewBox%3D%220%200%20300%20270%22%3E%3C%2Fsvg%3E\"><\/span><span class=\"fg-image-overlay\"><\/span><\/a><figcaption class=\"fg-caption\"><div class=\"fg-caption-inner\"><div class=\"fg-caption-title\">Tire-Booster<\/div><\/div><\/figcaption><\/figure><div class=\"fg-loader\"><\/div><\/div><\/div>\r\n<style type=\"text\/css\">.foogallery-default .foogallery-caption { background: #0f00a7; } .foogallery-default .foogallery-caption:hover { background: #009bf4; }<\/style>\n<p>[\/et_pb_text][\/et_pb_column][\/et_pb_row][\/et_pb_section]<\/p>\n","protected":false},"excerpt":{"rendered":"<style type=\"text\/css\">\r\n\t#foogallery-gallery-22225_1 .fg-image {\r\n        width: 300px;\r\n    }\r\n<\/style>\r\n\t\t\t\t<div class=\"foogallery foogallery-container foogallery-default foogallery-lightbox-none fg-gutter-25 fg-center fg-default fg-light fg-loading-default fg-loaded-fade-in fg-caption-always fg-hover-fade fg-ready\" id=\"foogallery-gallery-22225_1\" data-foogallery=\"{&quot;item&quot;:{&quot;showCaptionTitle&quot;:true,&quot;showCaptionDescription&quot;:false},&quot;lazy&quot;:true}\" >\r\n\t<div class=\"fg-item fg-type-image fg-idle\"><figure class=\"fg-item-inner\"><a href=\"https:\/\/www.bendel.de\/fr\/riveteuse-lr-022\/\" data-caption-title=\"Riveteuse LR-022\" data-attachment-id=\"11777\" class=\"fg-thumb\"><span class=\"fg-image-wrap\"><img loading=\"lazy\" decoding=\"async\" width=\"300\" height=\"270\" class=\"skip-lazy fg-image\" data-src-fg=\"https:\/\/bendel.de\/wp-content\/uploads\/cache\/2017\/01\/LR-022-2\/3643583735.jpg\" src=\"data:image\/svg+xml,%3Csvg%20xmlns%3D%22http%3A%2F%2Fwww.w3.org%2F2000%2Fsvg%22%20width%3D%22300%22%20height%3D%22270%22%20viewBox%3D%220%200%20300%20270%22%3E%3C%2Fsvg%3E\"><\/span><span class=\"fg-image-overlay\"><\/span><\/a><figcaption class=\"fg-caption\"><div class=\"fg-caption-inner\"><div class=\"fg-caption-title\">Riveteuse LR-022<\/div><\/div><\/figcaption><\/figure><div class=\"fg-loader\"><\/div><\/div><div class=\"fg-item fg-type-image fg-idle\"><figure class=\"fg-item-inner\"><a href=\"https:\/\/www.bendel.de\/fr\/pince-soyer-et-poinonner-mp-020\/\" data-caption-title=\"Pince \u00e0 soyer et \u00e0 poin\u00e7onner MP-020\" data-attachment-id=\"11798\" class=\"fg-thumb\"><span class=\"fg-image-wrap\"><img loading=\"lazy\" decoding=\"async\" width=\"300\" height=\"270\" class=\"skip-lazy fg-image\" data-src-fg=\"https:\/\/bendel.de\/wp-content\/uploads\/cache\/2017\/01\/MP-020\/2563156100.jpg\" src=\"data:image\/svg+xml,%3Csvg%20xmlns%3D%22http%3A%2F%2Fwww.w3.org%2F2000%2Fsvg%22%20width%3D%22300%22%20height%3D%22270%22%20viewBox%3D%220%200%20300%20270%22%3E%3C%2Fsvg%3E\"><\/span><span class=\"fg-image-overlay\"><\/span><\/a><figcaption class=\"fg-caption\"><div class=\"fg-caption-inner\"><div class=\"fg-caption-title\">Pince \u00e0 soyer et \u00e0 poin\u00e7onner MP-020<\/div><\/div><\/figcaption><\/figure><div class=\"fg-loader\"><\/div><\/div><div class=\"fg-item fg-type-image fg-idle\"><figure class=\"fg-item-inner\"><a href=\"https:\/\/www.bendel.de\/fr\/pistolet-cartouche-nm-200\/\" data-caption-title=\"Pistolet \u00e0 cartouche NM-200\" data-attachment-id=\"11801\" class=\"fg-thumb\"><span class=\"fg-image-wrap\"><img loading=\"lazy\" decoding=\"async\" width=\"300\" height=\"270\" class=\"skip-lazy fg-image\" data-src-fg=\"https:\/\/bendel.de\/wp-content\/uploads\/cache\/2017\/01\/NM-200\/1721916920.jpg\" src=\"data:image\/svg+xml,%3Csvg%20xmlns%3D%22http%3A%2F%2Fwww.w3.org%2F2000%2Fsvg%22%20width%3D%22300%22%20height%3D%22270%22%20viewBox%3D%220%200%20300%20270%22%3E%3C%2Fsvg%3E\"><\/span><span class=\"fg-image-overlay\"><\/span><\/a><figcaption class=\"fg-caption\"><div class=\"fg-caption-inner\"><div class=\"fg-caption-title\">Pistolet \u00e0 cartouche NM-200<\/div><\/div><\/figcaption><\/figure><div class=\"fg-loader\"><\/div><\/div><div class=\"fg-item fg-type-image fg-idle\"><figure class=\"fg-item-inner\"><a href=\"https:\/\/www.bendel.de\/fr\/aspirateur-pneumatique-z-100\/\" data-caption-title=\"Aspirateur pneumatique Z-100\" data-attachment-id=\"11792\" class=\"fg-thumb\"><span class=\"fg-image-wrap\"><img loading=\"lazy\" decoding=\"async\" width=\"300\" height=\"270\" class=\"skip-lazy fg-image\" data-src-fg=\"https:\/\/bendel.de\/wp-content\/uploads\/cache\/2017\/01\/Z-100\/1239360924.jpg\" src=\"data:image\/svg+xml,%3Csvg%20xmlns%3D%22http%3A%2F%2Fwww.w3.org%2F2000%2Fsvg%22%20width%3D%22300%22%20height%3D%22270%22%20viewBox%3D%220%200%20300%20270%22%3E%3C%2Fsvg%3E\"><\/span><span class=\"fg-image-overlay\"><\/span><\/a><figcaption class=\"fg-caption\"><div class=\"fg-caption-inner\"><div class=\"fg-caption-title\">Aspirateur pneumatique Z-100<\/div><\/div><\/figcaption><\/figure><div class=\"fg-loader\"><\/div><\/div><div class=\"fg-item fg-type-image fg-idle\"><figure class=\"fg-item-inner\"><a href=\"https:\/\/www.bendel.de\/fr\/soufflette-z-029a\/\" data-caption-title=\"Soufflette Z-029A\" data-attachment-id=\"11771\" class=\"fg-thumb\"><span class=\"fg-image-wrap\"><img loading=\"lazy\" decoding=\"async\" width=\"300\" height=\"270\" class=\"skip-lazy fg-image\" data-src-fg=\"https:\/\/bendel.de\/wp-content\/uploads\/cache\/2017\/01\/Z-029A-1\/1478931225.jpg\" src=\"data:image\/svg+xml,%3Csvg%20xmlns%3D%22http%3A%2F%2Fwww.w3.org%2F2000%2Fsvg%22%20width%3D%22300%22%20height%3D%22270%22%20viewBox%3D%220%200%20300%20270%22%3E%3C%2Fsvg%3E\"><\/span><span class=\"fg-image-overlay\"><\/span><\/a><figcaption class=\"fg-caption\"><div class=\"fg-caption-inner\"><div class=\"fg-caption-title\">Soufflette Z-029A<\/div><\/div><\/figcaption><\/figure><div class=\"fg-loader\"><\/div><\/div><div class=\"fg-item fg-type-image fg-idle\"><figure class=\"fg-item-inner\"><a href=\"https:\/\/www.bendel.de\/fr\/soufflette-z-030\/\" data-caption-title=\"Soufflette Z-030\" data-attachment-id=\"11762\" class=\"fg-thumb\"><span class=\"fg-image-wrap\"><img loading=\"lazy\" decoding=\"async\" width=\"300\" height=\"270\" class=\"skip-lazy fg-image\" data-src-fg=\"https:\/\/bendel.de\/wp-content\/uploads\/cache\/2017\/01\/Z-030\/2146299294.jpg\" src=\"data:image\/svg+xml,%3Csvg%20xmlns%3D%22http%3A%2F%2Fwww.w3.org%2F2000%2Fsvg%22%20width%3D%22300%22%20height%3D%22270%22%20viewBox%3D%220%200%20300%20270%22%3E%3C%2Fsvg%3E\"><\/span><span class=\"fg-image-overlay\"><\/span><\/a><figcaption class=\"fg-caption\"><div class=\"fg-caption-inner\"><div class=\"fg-caption-title\">Soufflette Z-030<\/div><\/div><\/figcaption><\/figure><div class=\"fg-loader\"><\/div><\/div><div class=\"fg-item fg-type-image fg-idle\"><figure class=\"fg-item-inner\"><a href=\"https:\/\/www.bendel.de\/fr\/soufflette-z-030-20\/\" data-caption-title=\"Soufflette Z-030-20\" data-attachment-id=\"11765\" class=\"fg-thumb\"><span class=\"fg-image-wrap\"><img loading=\"lazy\" decoding=\"async\" width=\"300\" height=\"270\" class=\"skip-lazy fg-image\" data-src-fg=\"https:\/\/bendel.de\/wp-content\/uploads\/cache\/2017\/01\/Z-030XL\/1256770865.jpg\" src=\"data:image\/svg+xml,%3Csvg%20xmlns%3D%22http%3A%2F%2Fwww.w3.org%2F2000%2Fsvg%22%20width%3D%22300%22%20height%3D%22270%22%20viewBox%3D%220%200%20300%20270%22%3E%3C%2Fsvg%3E\"><\/span><span class=\"fg-image-overlay\"><\/span><\/a><figcaption class=\"fg-caption\"><div class=\"fg-caption-inner\"><div class=\"fg-caption-title\">Soufflette Z-030-20<\/div><\/div><\/figcaption><\/figure><div class=\"fg-loader\"><\/div><\/div><div class=\"fg-item fg-type-image fg-idle\"><figure class=\"fg-item-inner\"><a href=\"https:\/\/www.bendel.de\/fr\/soufflette-gros-dbit-z-040\/\" data-caption-title=\"Soufflette gros d\u00e9bit Z-040\" data-attachment-id=\"11759\" class=\"fg-thumb\"><span class=\"fg-image-wrap\"><img loading=\"lazy\" decoding=\"async\" width=\"300\" height=\"270\" class=\"skip-lazy fg-image\" data-src-fg=\"https:\/\/bendel.de\/wp-content\/uploads\/cache\/2017\/01\/SA-5902-Z-040\/3578260140.jpg\" src=\"data:image\/svg+xml,%3Csvg%20xmlns%3D%22http%3A%2F%2Fwww.w3.org%2F2000%2Fsvg%22%20width%3D%22300%22%20height%3D%22270%22%20viewBox%3D%220%200%20300%20270%22%3E%3C%2Fsvg%3E\"><\/span><span class=\"fg-image-overlay\"><\/span><\/a><figcaption class=\"fg-caption\"><div class=\"fg-caption-inner\"><div class=\"fg-caption-title\">Soufflette gros d\u00e9bit Z-040<\/div><\/div><\/figcaption><\/figure><div class=\"fg-loader\"><\/div><\/div><div class=\"fg-item fg-type-image fg-idle\"><figure class=\"fg-item-inner\"><a href=\"https:\/\/www.bendel.de\/fr\/soufflette-gros-dbit-z-041\/\" data-caption-title=\"Soufflette gros d\u00e9bit Z-041\" data-attachment-id=\"11768\" class=\"fg-thumb\"><span class=\"fg-image-wrap\"><img loading=\"lazy\" decoding=\"async\" width=\"300\" height=\"270\" class=\"skip-lazy fg-image\" data-src-fg=\"https:\/\/bendel.de\/wp-content\/uploads\/cache\/2017\/01\/Z-041\/411187909.jpg\" src=\"data:image\/svg+xml,%3Csvg%20xmlns%3D%22http%3A%2F%2Fwww.w3.org%2F2000%2Fsvg%22%20width%3D%22300%22%20height%3D%22270%22%20viewBox%3D%220%200%20300%20270%22%3E%3C%2Fsvg%3E\"><\/span><span class=\"fg-image-overlay\"><\/span><\/a><figcaption class=\"fg-caption\"><div class=\"fg-caption-inner\"><div class=\"fg-caption-title\">Soufflette gros d\u00e9bit Z-041<\/div><\/div><\/figcaption><\/figure><div class=\"fg-loader\"><\/div><\/div><div class=\"fg-item fg-type-image fg-idle\"><figure class=\"fg-item-inner\"><a href=\"https:\/\/www.bendel.de\/fr\/tire-booster\/\" data-caption-title=\"Tire-Booster\" data-attachment-id=\"11774\" class=\"fg-thumb\"><span class=\"fg-image-wrap\"><img loading=\"lazy\" decoding=\"async\" width=\"300\" height=\"270\" class=\"skip-lazy fg-image\" data-src-fg=\"https:\/\/bendel.de\/wp-content\/uploads\/cache\/2017\/01\/602540-Tire-Booster\/1553019990.jpg\" src=\"data:image\/svg+xml,%3Csvg%20xmlns%3D%22http%3A%2F%2Fwww.w3.org%2F2000%2Fsvg%22%20width%3D%22300%22%20height%3D%22270%22%20viewBox%3D%220%200%20300%20270%22%3E%3C%2Fsvg%3E\"><\/span><span class=\"fg-image-overlay\"><\/span><\/a><figcaption class=\"fg-caption\"><div class=\"fg-caption-inner\"><div class=\"fg-caption-title\">Tire-Booster<\/div><\/div><\/figcaption><\/figure><div class=\"fg-loader\"><\/div><\/div><\/div>\r\n<style type=\"text\/css\">.foogallery-default .foogallery-caption { background: #0f00a7; } .foogallery-default .foogallery-caption:hover { background: #009bf4; }<\/style>\n","protected":false},"author":8,"featured_media":0,"parent":0,"menu_order":76,"comment_status":"closed","ping_status":"closed","template":"","meta":{"_et_pb_use_builder":"on","_et_pb_old_content":"","_et_gb_content_width":"","footnotes":""},"class_list":["post-19337","page","type-page","status-publish","hentry"],"_links":{"self":[{"href":"https:\/\/bendel.de\/fr\/wp-json\/wp\/v2\/pages\/19337","targetHints":{"allow":["GET"]}}],"collection":[{"href":"https:\/\/bendel.de\/fr\/wp-json\/wp\/v2\/pages"}],"about":[{"href":"https:\/\/bendel.de\/fr\/wp-json\/wp\/v2\/types\/page"}],"author":[{"embeddable":true,"href":"https:\/\/bendel.de\/fr\/wp-json\/wp\/v2\/users\/8"}],"replies":[{"embeddable":true,"href":"https:\/\/bendel.de\/fr\/wp-json\/wp\/v2\/comments?post=19337"}],"version-history":[{"count":6,"href":"https:\/\/bendel.de\/fr\/wp-json\/wp\/v2\/pages\/19337\/revisions"}],"predecessor-version":[{"id":23013,"href":"https:\/\/bendel.de\/fr\/wp-json\/wp\/v2\/pages\/19337\/revisions\/23013"}],"wp:attachment":[{"href":"https:\/\/bendel.de\/fr\/wp-json\/wp\/v2\/media?parent=19337"}],"curies":[{"name":"wp","href":"https:\/\/api.w.org\/{rel}","templated":true}]}}