{"id":19410,"date":"2017-07-10T12:52:57","date_gmt":"2017-07-10T12:52:57","guid":{"rendered":"http:\/\/www.bendel.de\/accessoires-pour-cliquets\/"},"modified":"2025-11-15T09:28:49","modified_gmt":"2025-11-15T09:28:49","slug":"zubehoer-fuer-ratschen","status":"publish","type":"page","link":"https:\/\/bendel.de\/fr\/zubehoer-fuer-ratschen\/","title":{"rendered":"Accessoires pour cliquets"},"content":{"rendered":"<p>[et_pb_section fb_built=\u00a0\u00bb1&Prime; admin_label=\u00a0\u00bbsection\u00a0\u00bb _builder_version=\u00a0\u00bb4.16&Prime; background_color=\u00a0\u00bb#dddddd\u00a0\u00bb global_colors_info=\u00a0\u00bb{}\u00a0\u00bb][et_pb_row _builder_version=\u00a0\u00bb4.16&Prime; background_size=\u00a0\u00bbinitial\u00a0\u00bb background_position=\u00a0\u00bbtop_left\u00a0\u00bb background_repeat=\u00a0\u00bbrepeat\u00a0\u00bb global_colors_info=\u00a0\u00bb{}\u00a0\u00bb][et_pb_column type=\u00a0\u00bb4_4&Prime; _builder_version=\u00a0\u00bb4.16&Prime; custom_padding=\u00a0\u00bb|||\u00a0\u00bb global_colors_info=\u00a0\u00bb{}\u00a0\u00bb custom_padding__hover=\u00a0\u00bb|||\u00a0\u00bb][et_pb_text _builder_version=\u00a0\u00bb4.16&Prime; module_alignment=\u00a0\u00bbleft\u00a0\u00bb global_colors_info=\u00a0\u00bb{}\u00a0\u00bb]<\/p>\n<h2>Accessoires pour cliquets<\/h2>\n<p>[\/et_pb_text][et_pb_divider color=\u00a0\u00bb#ffffff\u00a0\u00bb divider_position=\u00a0\u00bbcenter\u00a0\u00bb divider_weight=\u00a0\u00bb3&Prime; disabled_on=\u00a0\u00bbon|on|off\u00a0\u00bb _builder_version=\u00a0\u00bb4.16&Prime; hide_on_mobile=\u00a0\u00bbon\u00a0\u00bb global_colors_info=\u00a0\u00bb{}\u00a0\u00bb][\/et_pb_divider][et_pb_text _builder_version=\u00a0\u00bb4.16&Prime; module_alignment=\u00a0\u00bbleft\u00a0\u00bb border_style=\u00a0\u00bbsolid\u00a0\u00bb global_colors_info=\u00a0\u00bb{}\u00a0\u00bb]<\/p>\n<h3>Raccords pneumatiques<\/h3>\n<p><strong>Raccord filetage femelle 1\/4&Prime; ZZ-1001<\/strong><br \/>\n[\/et_pb_text][et_pb_gallery gallery_ids=\u00a0\u00bb13370,15713,13373,13376,14444,14447,13385,14450,13388,14453,13391,14456,14357,13394&Prime; posts_number=\u00a0\u00bb15&Prime; zoom_icon_color=\u00a0\u00bb#0f00a7&Prime; _builder_version=\u00a0\u00bb4.16&Prime; title_font_size=\u00a0\u00bb14&Prime; border_style=\u00a0\u00bbsolid\u00a0\u00bb global_colors_info=\u00a0\u00bb{}\u00a0\u00bb][\/et_pb_gallery][et_pb_divider color=\u00a0\u00bb#ffffff\u00a0\u00bb divider_position=\u00a0\u00bbcenter\u00a0\u00bb divider_weight=\u00a0\u00bb3&Prime; disabled_on=\u00a0\u00bbon|on|off\u00a0\u00bb _builder_version=\u00a0\u00bb4.16&Prime; hide_on_mobile=\u00a0\u00bbon\u00a0\u00bb global_colors_info=\u00a0\u00bb{}\u00a0\u00bb][\/et_pb_divider][et_pb_text _builder_version=\u00a0\u00bb4.16&Prime; module_alignment=\u00a0\u00bbleft\u00a0\u00bb border_style=\u00a0\u00bbsolid\u00a0\u00bb global_colors_info=\u00a0\u00bb{}\u00a0\u00bb]<\/p>\n<h3>Flexibles pneumatiques<\/h3>\n<h6><span style=\"font-size: 14pt;\">\n<table id=\"tablepress-108\" class=\"tablepress tablepress-id-108\">\n<tbody>\n<tr class=\"row-1\">\n\t<td class=\"column-1\">Abmessungen<\/td><td class=\"column-2\">8,0 mm ID x 12,0 mm AD<\/td>\n<\/tr>\n<tr class=\"row-2\">\n\t<td class=\"column-1\">L\u00e4nge ohne Zug<\/td><td class=\"column-2\">ca. m<\/td>\n<\/tr>\n<tr class=\"row-3\">\n\t<td class=\"column-1\">Auszugsl\u00e4nge<\/td><td class=\"column-2\">10 m<\/td>\n<\/tr>\n<tr class=\"row-4\">\n\t<td class=\"column-1\">Anschl\u00fcsse<\/td><td class=\"column-2\">\u00bc\u201c Stecknippel,<br \/>\n\u00bc\u201c Kupplung<\/td>\n<\/tr>\n<\/tbody>\n<\/table>\n<!-- #tablepress-108 from cache --><\/span><\/h6>\n<p>Flexible spiral\u00e9 en PU pr\u00eat \u00e0 raccorder. La protection anti-torsion aux deux extr\u00e9mit\u00e9s garantit davantage de stabilit\u00e9 et ainsi, une plus longue dur\u00e9e de vie. Les flexibles en polyur\u00e9thane se distinguent par les caract\u00e9ristiques suivantes\u00a0: faible poids, r\u00e9sistance \u00e0 l&rsquo;abrasion, grande flexibilit\u00e9, tr\u00e8s bonne r\u00e9sistance \u00e0 l&rsquo;huile et \u00e0 l&rsquo;essence, grande flexibilit\u00e9 \u00e0 froid, rayon de courbe minime, s\u00e9curit\u00e9 anti-torsion et tr\u00e8s bonne r\u00e9sistance \u00e0 l&rsquo;\u00e9crasement. <strong>Les flexibles spiral\u00e9s en PU repr\u00e9sentent un gain de place et sont des accessoires indispensables dans tous les ateliers professionnels.<\/strong><br \/>\n[\/et_pb_text][et_pb_gallery gallery_ids=\u00a0\u00bb13397,14459&Prime; posts_number=\u00a0\u00bb15&Prime; zoom_icon_color=\u00a0\u00bb#0f00a7&Prime; _builder_version=\u00a0\u00bb4.16&Prime; title_font_size=\u00a0\u00bb14&Prime; border_style=\u00a0\u00bbsolid\u00a0\u00bb global_colors_info=\u00a0\u00bb{}\u00a0\u00bb][\/et_pb_gallery][\/et_pb_column][\/et_pb_row][\/et_pb_section]<\/p>\n","protected":false},"excerpt":{"rendered":"<p>Accessoires pour cliquets Raccords pneumatiques Raccord filetage femelle 1\/4&Prime; ZZ-1001 Flexibles pneumatiques \n<table id=\"tablepress-108-no-2\" class=\"tablepress tablepress-id-108\">\n<tbody>\n<tr class=\"row-1\">\n\t<td class=\"column-1\">Abmessungen<\/td><td class=\"column-2\">8,0 mm ID x 12,0 mm AD<\/td>\n<\/tr>\n<tr class=\"row-2\">\n\t<td class=\"column-1\">L\u00e4nge ohne Zug<\/td><td class=\"column-2\">ca. m<\/td>\n<\/tr>\n<tr class=\"row-3\">\n\t<td class=\"column-1\">Auszugsl\u00e4nge<\/td><td class=\"column-2\">10 m<\/td>\n<\/tr>\n<tr class=\"row-4\">\n\t<td class=\"column-1\">Anschl\u00fcsse<\/td><td class=\"column-2\">\u00bc\u201c Stecknippel,<br \/>\n\u00bc\u201c Kupplung<\/td>\n<\/tr>\n<\/tbody>\n<\/table>\n Flexible spiral\u00e9 en PU pr\u00eat \u00e0 raccorder. La protection anti-torsion aux deux extr\u00e9mit\u00e9s garantit davantage de stabilit\u00e9 et ainsi, une plus longue dur\u00e9e de vie. Les flexibles en polyur\u00e9thane se distinguent par les caract\u00e9ristiques suivantes\u00a0: faible poids, r\u00e9sistance \u00e0 l&rsquo;abrasion, [&hellip;]<\/p>\n","protected":false},"author":8,"featured_media":0,"parent":0,"menu_order":208,"comment_status":"closed","ping_status":"closed","template":"","meta":{"_et_pb_use_builder":"on","_et_pb_old_content":"","_et_gb_content_width":"","footnotes":""},"class_list":["post-19410","page","type-page","status-publish","hentry"],"_links":{"self":[{"href":"https:\/\/bendel.de\/fr\/wp-json\/wp\/v2\/pages\/19410","targetHints":{"allow":["GET"]}}],"collection":[{"href":"https:\/\/bendel.de\/fr\/wp-json\/wp\/v2\/pages"}],"about":[{"href":"https:\/\/bendel.de\/fr\/wp-json\/wp\/v2\/types\/page"}],"author":[{"embeddable":true,"href":"https:\/\/bendel.de\/fr\/wp-json\/wp\/v2\/users\/8"}],"replies":[{"embeddable":true,"href":"https:\/\/bendel.de\/fr\/wp-json\/wp\/v2\/comments?post=19410"}],"version-history":[{"count":20,"href":"https:\/\/bendel.de\/fr\/wp-json\/wp\/v2\/pages\/19410\/revisions"}],"predecessor-version":[{"id":28935,"href":"https:\/\/bendel.de\/fr\/wp-json\/wp\/v2\/pages\/19410\/revisions\/28935"}],"wp:attachment":[{"href":"https:\/\/bendel.de\/fr\/wp-json\/wp\/v2\/media?parent=19410"}],"curies":[{"name":"wp","href":"https:\/\/api.w.org\/{rel}","templated":true}]}}