{"id":19414,"date":"2017-11-21T10:28:53","date_gmt":"2017-11-21T10:28:53","guid":{"rendered":"http:\/\/www.bendel.de\/tlchargements\/"},"modified":"2025-11-19T06:01:06","modified_gmt":"2025-11-19T06:01:06","slug":"tlchargements","status":"publish","type":"page","link":"https:\/\/bendel.de\/fr\/tlchargements\/","title":{"rendered":"T&eacute;l&eacute;chargements"},"content":{"rendered":"<p>[et_pb_section fb_built=\u00a0\u00bb1&Prime; admin_label=\u00a0\u00bbsection\u00a0\u00bb _builder_version=\u00a0\u00bb4.16&Prime; global_colors_info=\u00a0\u00bb{}\u00a0\u00bb][et_pb_row column_structure=\u00a0\u00bb1_4,1_4,1_4,1_4&Prime; admin_label=\u00a0\u00bbrow\u00a0\u00bb _builder_version=\u00a0\u00bb4.16&Prime; background_size=\u00a0\u00bbinitial\u00a0\u00bb background_position=\u00a0\u00bbtop_left\u00a0\u00bb background_repeat=\u00a0\u00bbrepeat\u00a0\u00bb global_colors_info=\u00a0\u00bb{}\u00a0\u00bb][et_pb_column type=\u00a0\u00bb1_4&Prime; _builder_version=\u00a0\u00bb4.16&Prime; custom_padding=\u00a0\u00bb|||\u00a0\u00bb global_colors_info=\u00a0\u00bb{}\u00a0\u00bb custom_padding__hover=\u00a0\u00bb|||\u00a0\u00bb][et_pb_text _builder_version=\u00a0\u00bb4.16&Prime; module_alignment=\u00a0\u00bbleft\u00a0\u00bb global_colors_info=\u00a0\u00bb{}\u00a0\u00bb]<\/p>\n<h4>vue \u00e9clat\u00e9e A-B<\/h4>\n<p>[\/et_pb_text][et_pb_text _builder_version=\u00a0\u00bb4.27.4&Prime; module_alignment=\u00a0\u00bbleft\u00a0\u00bb global_colors_info=\u00a0\u00bb{}\u00a0\u00bb]<\/p>\n<p><a href=\"https:\/\/www.bendel.de\/wp-content\/uploads\/2017\/06\/A-2008-Zeichnung.pdf\" target=\"_blank\" rel=\"noopener noreferrer\">A-2008 Cl\u00e9 \u00e0 chocs pneumatiques 1\/2&Prime;<\/a><\/p>\n<p><a href=\"https:\/\/www.bendel.de\/wp-content\/uploads\/2017\/06\/A-3112-3138-Zeichnung.pdf\" target=\"_blank\" rel=\"noopener noreferrer\">A-3112 Cl\u00e9 \u00e0 chocs pneumatiques 1\/2&Prime;<\/a><\/p>\n<p><a href=\"https:\/\/www.bendel.de\/wp-content\/uploads\/2017\/01\/B-2214.pdf\" target=\"_blank\" rel=\"noopener noreferrer\">B-2214 Cliquet pneumatiques 1\/4&Prime;<\/a><\/p>\n<p><a href=\"https:\/\/www.bendel.de\/wp-content\/uploads\/2017\/06\/b-2314.pdf\" target=\"_blank\" rel=\"noopener noreferrer\">B-2314 Cliquet pneumatiques 1\/4&Prime;<\/a><\/p>\n<p><a href=\"https:\/\/www.bendel.de\/wp-content\/uploads\/2017\/06\/b-2338-.pdf\" target=\"_blank\" rel=\"noopener noreferrer\">B-2338 Cliquet pneumatiques 3\/8&Prime;<\/a><\/p>\n<p><a href=\"https:\/\/www.bendel.de\/wp-content\/uploads\/2017\/01\/B-2414.pdf\" target=\"_blank\" rel=\"noopener noreferrer\">B-2414 Cliquet pneumatiques 1\/4&Prime;<\/a><\/p>\n<p><a href=\"https:\/\/www.bendel.de\/wp-content\/uploads\/2017\/01\/b-2512.pdf\" target=\"_blank\" rel=\"noopener noreferrer\">B-2512 Cliquet pneumatiques 1\/2&Prime;<\/a><\/p>\n<p><a href=\"https:\/\/www.bendel.de\/wp-content\/uploads\/2017\/06\/b-3038-3012.pdf\" target=\"_blank\" rel=\"noopener noreferrer\">B-3012 Cliquet pneumatiques 1\/2&Prime;<\/a><\/p>\n<p>&nbsp;<\/p>\n<p>&nbsp;<\/p>\n<p>[\/et_pb_text][\/et_pb_column][et_pb_column type=\u00a0\u00bb1_4&Prime; _builder_version=\u00a0\u00bb4.16&Prime; custom_padding=\u00a0\u00bb|||\u00a0\u00bb global_colors_info=\u00a0\u00bb{}\u00a0\u00bb custom_padding__hover=\u00a0\u00bb|||\u00a0\u00bb][et_pb_text _builder_version=\u00a0\u00bb4.16&Prime; module_alignment=\u00a0\u00bbleft\u00a0\u00bb global_colors_info=\u00a0\u00bb{}\u00a0\u00bb]<\/p>\n<h4>vue \u00e9clat\u00e9e C-K<\/h4>\n<p>[\/et_pb_text][et_pb_text _builder_version=\u00a0\u00bb4.27.4&Prime; module_alignment=\u00a0\u00bbleft\u00a0\u00bb global_colors_info=\u00a0\u00bb{}\u00a0\u00bb]<\/p>\n<p><a href=\"https:\/\/www.bendel.de\/wp-content\/uploads\/2017\/06\/C-3672-SM-C-3672A.pdf\" target=\"_blank\" rel=\"noopener noreferrer\">C-3672 Ponceuse excentrique<\/a><\/p>\n<p><a href=\"https:\/\/www.bendel.de\/wp-content\/uploads\/2017\/01\/c-3535.pdf\" target=\"_blank\" rel=\"noopener noreferrer\">C-3535 Ponceuse \u00e0 bande 10 mm<\/a><\/p>\n<p><a href=\"https:\/\/www.bendel.de\/wp-content\/uploads\/2017\/06\/C-3610.pdf\" target=\"_blank\" rel=\"noopener noreferrer\">C-3610 Ponceuse \u00e0 bande 10 mm<\/a><\/p>\n<p><a href=\"https:\/\/www.bendel.de\/wp-content\/uploads\/2017\/01\/C-3620.pdf\" target=\"_blank\" rel=\"noopener noreferrer\">C-3620 Ponceuse \u00e0 bande 20 mm<\/a><\/p>\n<p><a href=\"https:\/\/www.bendel.de\/wp-content\/uploads\/2017\/01\/C-3710-SM.pdf\" target=\"_blank\" rel=\"noopener noreferrer\">C-3710 Ponceuse excentrique diamant<\/a><\/p>\n<p><a href=\"https:\/\/www.bendel.de\/wp-content\/uploads\/2017\/01\/c-3720.pdf\" target=\"_blank\" rel=\"noopener noreferrer\">C-3720 Meuleuse stylo<\/a><\/p>\n<p><a href=\"https:\/\/www.bendel.de\/wp-content\/uploads\/2017\/01\/c-3735.pdf\" target=\"_blank\" rel=\"noopener noreferrer\">C-3735 Lustreuse d\u2019angle<\/a><\/p>\n<p><a href=\"https:\/\/www.bendel.de\/wp-content\/uploads\/2017\/01\/C-3851-drawing.pdf\" target=\"_blank\" rel=\"noopener noreferrer\">C-3851 Ponceuse finisseuse<\/a><\/p>\n<p><a href=\"https:\/\/www.bendel.de\/wp-content\/uploads\/2017\/01\/c-3855.pdf\" target=\"_blank\" rel=\"noopener noreferrer\">C-3855 Lustreuse 3\u2033 avec carter en plastique<\/a><\/p>\n<p><a href=\"https:\/\/www.bendel.de\/wp-content\/uploads\/2017\/01\/c-3865.pdf\" target=\"_blank\" rel=\"noopener noreferrer\">C-3865 Meuleuse d\u2019angle<\/a><\/p>\n<p><a href=\"https:\/\/www.bendel.de\/wp-content\/uploads\/2017\/01\/d-4130.pdf\" target=\"_blank\" rel=\"noopener noreferrer\">D-4130 Scie sp\u00e9ciale carrosserie<\/a><\/p>\n<p><a href=\"https:\/\/www.bendel.de\/wp-content\/uploads\/2017\/01\/d-4135.pdf\" target=\"_blank\" rel=\"noopener noreferrer\">D-4135 Scie sp\u00e9ciale carrosserie<\/a><\/p>\n<p><a href=\"https:\/\/www.bendel.de\/wp-content\/uploads\/2017\/01\/D-4166-Spreng.pdf\" target=\"_blank\" rel=\"noopener noreferrer\">D-4166 Scie sp\u00e9ciale carrosserie<\/a><\/p>\n<p><a href=\"https:\/\/www.bendel.de\/wp-content\/uploads\/2017\/06\/D-5120ACK.pdf\" target=\"_blank\" rel=\"noopener noreferrer\">D-5120 Jeu de fraises \u00e0 d\u00e9pointer<\/a><\/p>\n<p><a href=\"https:\/\/www.bendel.de\/wp-content\/uploads\/2017\/06\/D-6011kl.pdf\" target=\"_blank\" rel=\"noopener noreferrer\">D-6011 Perceuse 3\/8\u2033 avec mandrin auto-serrant<\/a><\/p>\n<p><a href=\"https:\/\/www.bendel.de\/wp-content\/uploads\/2017\/01\/I-6600.pdf\" target=\"_blank\" rel=\"noopener noreferrer\">I-6600 Meuleuses de pr\u00e9cision 1\/4\u2033<\/a><\/p>\n<p><a href=\"https:\/\/www.bendel.de\/wp-content\/uploads\/2017\/01\/i-6630.pdf\" target=\"_blank\" rel=\"noopener noreferrer\">I-6630 Gomme<\/a><\/p>\n<p><a href=\"https:\/\/www.bendel.de\/wp-content\/uploads\/2017\/07\/I-6645-drawing.pdf\" target=\"_blank\" rel=\"noopener noreferrer\">I-6645 Meuleuse d\u2019angle 1\/4\u2033 115\u00b0<\/a><\/p>\n<p><a href=\"https:\/\/www.bendel.de\/wp-content\/uploads\/2017\/01\/i-6650.pdf\" target=\"_blank\" rel=\"noopener noreferrer\">I-6650 Meuleuse d\u2019angle 1\/4\u2033<\/a><\/p>\n<p><a href=\"https:\/\/www.bendel.de\/wp-content\/uploads\/2017\/06\/i-9315-Zeichnung.pdf\" target=\"_blank\" rel=\"noopener noreferrer\">I-9315 Disqueuse longue<\/a><\/p>\n<p><a href=\"https:\/\/www.bendel.de\/wp-content\/uploads\/2017\/06\/Hot-Stapler-Economy.pdf\" target=\"_blank\" rel=\"noopener noreferrer\">Kit Agrafeuse Economy<\/a><\/p>\n<p><a href=\"https:\/\/www.bendel.de\/wp-content\/uploads\/2017\/06\/700169-Scheibentrennwkz.pdf\" target=\"_blank\" rel=\"noopener noreferrer\">Kit d\u2019outils de d\u00e9coupe de pare-brise<\/a><\/p>\n<p>[\/et_pb_text][\/et_pb_column][et_pb_column type=\u00a0\u00bb1_4&Prime; _builder_version=\u00a0\u00bb4.16&Prime; custom_padding=\u00a0\u00bb|||\u00a0\u00bb global_colors_info=\u00a0\u00bb{}\u00a0\u00bb custom_padding__hover=\u00a0\u00bb|||\u00a0\u00bb][et_pb_text _builder_version=\u00a0\u00bb4.16&Prime; module_alignment=\u00a0\u00bbleft\u00a0\u00bb global_colors_info=\u00a0\u00bb{}\u00a0\u00bb]<\/p>\n<h4>vue \u00e9clat\u00e9e L-Z<\/h4>\n<p>[\/et_pb_text][et_pb_text _builder_version=\u00a0\u00bb4.27.4&Prime; module_alignment=\u00a0\u00bbleft\u00a0\u00bb hover_enabled=\u00a0\u00bb0&Prime; z_index_tablet=\u00a0\u00bb500&Prime; text_text_shadow_horizontal_length_tablet=\u00a0\u00bb0px\u00a0\u00bb text_text_shadow_vertical_length_tablet=\u00a0\u00bb0px\u00a0\u00bb text_text_shadow_blur_strength_tablet=\u00a0\u00bb1px\u00a0\u00bb link_text_shadow_horizontal_length_tablet=\u00a0\u00bb0px\u00a0\u00bb link_text_shadow_vertical_length_tablet=\u00a0\u00bb0px\u00a0\u00bb link_text_shadow_blur_strength_tablet=\u00a0\u00bb1px\u00a0\u00bb ul_text_shadow_horizontal_length_tablet=\u00a0\u00bb0px\u00a0\u00bb ul_text_shadow_vertical_length_tablet=\u00a0\u00bb0px\u00a0\u00bb ul_text_shadow_blur_strength_tablet=\u00a0\u00bb1px\u00a0\u00bb ol_text_shadow_horizontal_length_tablet=\u00a0\u00bb0px\u00a0\u00bb ol_text_shadow_vertical_length_tablet=\u00a0\u00bb0px\u00a0\u00bb ol_text_shadow_blur_strength_tablet=\u00a0\u00bb1px\u00a0\u00bb quote_text_shadow_horizontal_length_tablet=\u00a0\u00bb0px\u00a0\u00bb quote_text_shadow_vertical_length_tablet=\u00a0\u00bb0px\u00a0\u00bb quote_text_shadow_blur_strength_tablet=\u00a0\u00bb1px\u00a0\u00bb header_text_shadow_horizontal_length_tablet=\u00a0\u00bb0px\u00a0\u00bb header_text_shadow_vertical_length_tablet=\u00a0\u00bb0px\u00a0\u00bb header_text_shadow_blur_strength_tablet=\u00a0\u00bb1px\u00a0\u00bb header_2_text_shadow_horizontal_length_tablet=\u00a0\u00bb0px\u00a0\u00bb header_2_text_shadow_vertical_length_tablet=\u00a0\u00bb0px\u00a0\u00bb header_2_text_shadow_blur_strength_tablet=\u00a0\u00bb1px\u00a0\u00bb header_3_text_shadow_horizontal_length_tablet=\u00a0\u00bb0px\u00a0\u00bb header_3_text_shadow_vertical_length_tablet=\u00a0\u00bb0px\u00a0\u00bb header_3_text_shadow_blur_strength_tablet=\u00a0\u00bb1px\u00a0\u00bb header_4_text_shadow_horizontal_length_tablet=\u00a0\u00bb0px\u00a0\u00bb header_4_text_shadow_vertical_length_tablet=\u00a0\u00bb0px\u00a0\u00bb header_4_text_shadow_blur_strength_tablet=\u00a0\u00bb1px\u00a0\u00bb header_5_text_shadow_horizontal_length_tablet=\u00a0\u00bb0px\u00a0\u00bb header_5_text_shadow_vertical_length_tablet=\u00a0\u00bb0px\u00a0\u00bb header_5_text_shadow_blur_strength_tablet=\u00a0\u00bb1px\u00a0\u00bb header_6_text_shadow_horizontal_length_tablet=\u00a0\u00bb0px\u00a0\u00bb header_6_text_shadow_vertical_length_tablet=\u00a0\u00bb0px\u00a0\u00bb header_6_text_shadow_blur_strength_tablet=\u00a0\u00bb1px\u00a0\u00bb box_shadow_horizontal_tablet=\u00a0\u00bb0px\u00a0\u00bb box_shadow_vertical_tablet=\u00a0\u00bb0px\u00a0\u00bb box_shadow_blur_tablet=\u00a0\u00bb40px\u00a0\u00bb box_shadow_spread_tablet=\u00a0\u00bb0px\u00a0\u00bb global_colors_info=\u00a0\u00bb{}\u00a0\u00bb sticky_enabled=\u00a0\u00bb0&Prime;]<\/p>\n<p><a href=\"https:\/\/www.bendel.de\/wp-content\/uploads\/2017\/01\/lr-022.pdf\" target=\"_blank\" rel=\"noopener noreferrer\">LR-022 Riveteuse<\/a><\/p>\n<p><a href=\"https:\/\/www.bendel.de\/wp-content\/uploads\/2017\/01\/mp-020-1.pdf\" target=\"_blank\" rel=\"noopener noreferrer\">MP-020 Pince \u00e0 soyer et \u00e0 poin\u00e7onner<\/a><\/p>\n<p><a href=\"https:\/\/www.bendel.de\/wp-content\/uploads\/2017\/01\/nm-200.pdf\" target=\"_blank\" rel=\"noopener noreferrer\">NM-200 Pistolet \u00e0 cartouche<\/a><\/p>\n<p><a href=\"https:\/\/www.bendel.de\/wp-content\/uploads\/2017\/06\/810090-Nietzangekl.pdf\" target=\"_blank\" rel=\"noopener noreferrer\">Pince \u00e0 riveter en coffret plastique<\/a><\/p>\n<p><a href=\"https:\/\/www.bendel.de\/wp-content\/uploads\/2017\/06\/TireBooster.pdf\" target=\"_blank\" rel=\"noopener noreferrer\">Tire Booster<\/a><\/p>\n<p><a href=\"https:\/\/www.bendel.de\/wp-content\/uploads\/2017\/06\/700233-UDS-80kl.pdf\" target=\"_blank\" rel=\"noopener noreferrer\">UDS 80 700233 fiche technique<\/a><\/p>\n<p><a href=\"https:\/\/www.bendel.de\/wp-content\/uploads\/2017\/06\/700233-Zuordnungsliste-Stand-2007kl.pdf\" target=\"_blank\" rel=\"noopener noreferrer\">UDS 80 700233 tableau des correspondances<\/a><\/p>\n<p><a href=\"https:\/\/www.bendel.de\/wp-content\/uploads\/2017\/01\/z-100.pdf\" target=\"_blank\" rel=\"noopener noreferrer\">Z-100 Aspirateur pneumatique<\/a><\/p>\n<p>&nbsp;<\/p>\n<p>[\/et_pb_text][\/et_pb_column][et_pb_column type=\u00a0\u00bb1_4&Prime; _builder_version=\u00a0\u00bb4.16&Prime; custom_padding=\u00a0\u00bb|||\u00a0\u00bb global_colors_info=\u00a0\u00bb{}\u00a0\u00bb custom_padding__hover=\u00a0\u00bb|||\u00a0\u00bb][et_pb_text _builder_version=\u00a0\u00bb4.27.4&Prime; module_alignment=\u00a0\u00bbleft\u00a0\u00bb custom_padding=\u00a0\u00bb||||false|false\u00a0\u00bb global_colors_info=\u00a0\u00bb{}\u00a0\u00bb]<\/p>\n<h4>Catalogues<\/h4>\n<p>[\/et_pb_text][et_pb_text _builder_version=\u00a0\u00bb4.16&Prime; module_alignment=\u00a0\u00bbleft\u00a0\u00bb z_index_tablet=\u00a0\u00bb500&Prime; text_text_shadow_horizontal_length_tablet=\u00a0\u00bb0px\u00a0\u00bb text_text_shadow_vertical_length_tablet=\u00a0\u00bb0px\u00a0\u00bb text_text_shadow_blur_strength_tablet=\u00a0\u00bb1px\u00a0\u00bb link_text_shadow_horizontal_length_tablet=\u00a0\u00bb0px\u00a0\u00bb link_text_shadow_vertical_length_tablet=\u00a0\u00bb0px\u00a0\u00bb link_text_shadow_blur_strength_tablet=\u00a0\u00bb1px\u00a0\u00bb ul_text_shadow_horizontal_length_tablet=\u00a0\u00bb0px\u00a0\u00bb ul_text_shadow_vertical_length_tablet=\u00a0\u00bb0px\u00a0\u00bb ul_text_shadow_blur_strength_tablet=\u00a0\u00bb1px\u00a0\u00bb ol_text_shadow_horizontal_length_tablet=\u00a0\u00bb0px\u00a0\u00bb ol_text_shadow_vertical_length_tablet=\u00a0\u00bb0px\u00a0\u00bb ol_text_shadow_blur_strength_tablet=\u00a0\u00bb1px\u00a0\u00bb quote_text_shadow_horizontal_length_tablet=\u00a0\u00bb0px\u00a0\u00bb quote_text_shadow_vertical_length_tablet=\u00a0\u00bb0px\u00a0\u00bb quote_text_shadow_blur_strength_tablet=\u00a0\u00bb1px\u00a0\u00bb header_text_shadow_horizontal_length_tablet=\u00a0\u00bb0px\u00a0\u00bb header_text_shadow_vertical_length_tablet=\u00a0\u00bb0px\u00a0\u00bb header_text_shadow_blur_strength_tablet=\u00a0\u00bb1px\u00a0\u00bb header_2_text_shadow_horizontal_length_tablet=\u00a0\u00bb0px\u00a0\u00bb header_2_text_shadow_vertical_length_tablet=\u00a0\u00bb0px\u00a0\u00bb header_2_text_shadow_blur_strength_tablet=\u00a0\u00bb1px\u00a0\u00bb header_3_text_shadow_horizontal_length_tablet=\u00a0\u00bb0px\u00a0\u00bb header_3_text_shadow_vertical_length_tablet=\u00a0\u00bb0px\u00a0\u00bb header_3_text_shadow_blur_strength_tablet=\u00a0\u00bb1px\u00a0\u00bb header_4_text_shadow_horizontal_length_tablet=\u00a0\u00bb0px\u00a0\u00bb header_4_text_shadow_vertical_length_tablet=\u00a0\u00bb0px\u00a0\u00bb header_4_text_shadow_blur_strength_tablet=\u00a0\u00bb1px\u00a0\u00bb header_5_text_shadow_horizontal_length_tablet=\u00a0\u00bb0px\u00a0\u00bb header_5_text_shadow_vertical_length_tablet=\u00a0\u00bb0px\u00a0\u00bb header_5_text_shadow_blur_strength_tablet=\u00a0\u00bb1px\u00a0\u00bb header_6_text_shadow_horizontal_length_tablet=\u00a0\u00bb0px\u00a0\u00bb header_6_text_shadow_vertical_length_tablet=\u00a0\u00bb0px\u00a0\u00bb header_6_text_shadow_blur_strength_tablet=\u00a0\u00bb1px\u00a0\u00bb box_shadow_horizontal_tablet=\u00a0\u00bb0px\u00a0\u00bb box_shadow_vertical_tablet=\u00a0\u00bb0px\u00a0\u00bb box_shadow_blur_tablet=\u00a0\u00bb40px\u00a0\u00bb box_shadow_spread_tablet=\u00a0\u00bb0px\u00a0\u00bb global_colors_info=\u00a0\u00bb{}\u00a0\u00bb]<\/p>\n<p><a href=\"https:\/\/www.bendel.de\/dokumente\/katalog-bendel-werkzeuge-2020-uk.pdf\" target=\"_blank\" rel=\"noopener noreferrer\">Bendel Werkzeuge GmbH &amp; Co.KG<\/a><\/p>\n<p><a href=\"https:\/\/www.tornador.de\/dokumente\/katalog-tornador-always-first-uk.pdf\" target=\"_blank\" rel=\"noopener noreferrer\">Tornador\u00ae \/ Rotador\u00ae<\/a><\/p>\n<p>[\/et_pb_text][\/et_pb_column][\/et_pb_row][\/et_pb_section]<\/p>\n","protected":false},"excerpt":{"rendered":"<p>vue \u00e9clat\u00e9e A-B A-2008 Cl\u00e9 \u00e0 chocs pneumatiques 1\/2&Prime; A-3112 Cl\u00e9 \u00e0 chocs pneumatiques 1\/2&Prime; B-2214 Cliquet pneumatiques 1\/4&Prime; B-2314 Cliquet pneumatiques 1\/4&Prime; B-2338 Cliquet pneumatiques 3\/8&Prime; B-2414 Cliquet pneumatiques 1\/4&Prime; B-2512 Cliquet pneumatiques 1\/2&Prime; B-3012 Cliquet pneumatiques 1\/2&Prime; &nbsp; &nbsp;vue \u00e9clat\u00e9e C-K C-3672 Ponceuse excentrique C-3535 Ponceuse \u00e0 bande 10 mm C-3610 Ponceuse \u00e0 [&hellip;]<\/p>\n","protected":false},"author":8,"featured_media":0,"parent":0,"menu_order":258,"comment_status":"closed","ping_status":"closed","template":"","meta":{"_et_pb_use_builder":"on","_et_pb_old_content":"<p><a href=\"https:\/\/www.bendel.de\/wp-content\/uploads\/2017\/06\/PH21_Sprengz.pdf\">PH 21 Sprengzeichnung<\/a><\/p><p><a href=\"https:\/\/www.bendel.de\/wp-content\/uploads\/2017\/06\/Z-011S-Exploded-View.pdf\">Z-011S Sprengzeichnung<\/a><\/p><p><a href=\"https:\/\/www.bendel.de\/wp-content\/uploads\/2017\/06\/Z-010S-Exploded-View.pdf\">Z-010S Sprengzeichnung<\/a><\/p>","_et_gb_content_width":"","footnotes":""},"class_list":["post-19414","page","type-page","status-publish","hentry"],"_links":{"self":[{"href":"https:\/\/bendel.de\/fr\/wp-json\/wp\/v2\/pages\/19414","targetHints":{"allow":["GET"]}}],"collection":[{"href":"https:\/\/bendel.de\/fr\/wp-json\/wp\/v2\/pages"}],"about":[{"href":"https:\/\/bendel.de\/fr\/wp-json\/wp\/v2\/types\/page"}],"author":[{"embeddable":true,"href":"https:\/\/bendel.de\/fr\/wp-json\/wp\/v2\/users\/8"}],"replies":[{"embeddable":true,"href":"https:\/\/bendel.de\/fr\/wp-json\/wp\/v2\/comments?post=19414"}],"version-history":[{"count":71,"href":"https:\/\/bendel.de\/fr\/wp-json\/wp\/v2\/pages\/19414\/revisions"}],"predecessor-version":[{"id":29018,"href":"https:\/\/bendel.de\/fr\/wp-json\/wp\/v2\/pages\/19414\/revisions\/29018"}],"wp:attachment":[{"href":"https:\/\/bendel.de\/fr\/wp-json\/wp\/v2\/media?parent=19414"}],"curies":[{"name":"wp","href":"https:\/\/api.w.org\/{rel}","templated":true}]}}