{"id":19422,"date":"2017-11-21T10:28:54","date_gmt":"2017-11-21T10:28:54","guid":{"rendered":"http:\/\/www.bendel.de\/mentions-lgales\/"},"modified":"2024-04-17T17:11:17","modified_gmt":"2024-04-17T17:11:17","slug":"mentions-lgales-2","status":"publish","type":"page","link":"https:\/\/bendel.de\/fr\/mentions-lgales-2\/","title":{"rendered":"Empreinte"},"content":{"rendered":"<p>[et_pb_section fb_built=\u00a0\u00bb1&Prime; _builder_version=\u00a0\u00bb4.16&Prime; global_colors_info=\u00a0\u00bb{}\u00a0\u00bb][et_pb_row _builder_version=\u00a0\u00bb4.16&Prime; background_size=\u00a0\u00bbinitial\u00a0\u00bb background_position=\u00a0\u00bbtop_left\u00a0\u00bb background_repeat=\u00a0\u00bbrepeat\u00a0\u00bb global_colors_info=\u00a0\u00bb{}\u00a0\u00bb][et_pb_column type=\u00a0\u00bb4_4&Prime; _builder_version=\u00a0\u00bb4.16&Prime; custom_padding=\u00a0\u00bb|||\u00a0\u00bb global_colors_info=\u00a0\u00bb{}\u00a0\u00bb custom_padding__hover=\u00a0\u00bb|||\u00a0\u00bb][et_pb_text _builder_version=\u00a0\u00bb4.24.2&Prime; hover_enabled=\u00a0\u00bb0&Prime; global_colors_info=\u00a0\u00bb{}\u00a0\u00bb sticky_enabled=\u00a0\u00bb0&Prime;]<\/p>\n<h5>Responsabilit\u00e9\u00a0:<\/h5>\n<p>BENDEL Werkzeuge GmbH &amp; Co.KG<br \/>Wilhelm-Schulze-Str. 8-10<br \/>D-29549 Bad Bevensen\/Allemagne<\/p>\n<div class=\"rt-grid-6 rt-omega\">\n<div class=\"rt-block \">\n<div class=\"module-surround\">\n<div class=\"module-content\">\n<div class=\"custom\">\n<p>T\u00e9l\u00e9phone\u00a0: +49 (0) 5821 9897-0<br \/>E-mail\u00a0: info@bendel.de<\/p>\n<h5>Tribunal comp\u00e9tent\u00a0:<\/h5>\n<p>Tribunal de grande instance de L\u00fcneburg &#8211; HRA 200522<\/p>\n<h5>Num\u00e9ro fiscal\u00a0:<\/h5>\n<p>Num\u00e9ro de TVA intracommunautaire\u00a0: DE 255 092 551 <span lang=\"EN-GB\">N\u00b0 d&rsquo;inscription au registre DEEE\u00a0: DE 58512437<\/span><\/p>\n<h5>Associ\u00e9 commandit\u00e9\u00a0:<\/h5>\n<p>BENDEL GmbH\/Si\u00e8ge Bad Bevensen<br \/>G\u00e9rants : Christian Matzen<br \/>Tribunal de grande instance de &#8211; HRA 200952<\/p>\n<h5>\u00a0<strong>Responsable \u00e9ditorial\u00a0:<\/strong><\/h5>\n<p>BENDEL Werkzeuge GmbH &amp; Co. KG<br \/>Interlocuteur\u00a0: Christian Matzen<\/p>\n<h5>Exclusion de responsabilit\u00e9\u00a0:<\/h5>\n<p>La soci\u00e9t\u00e9 BENDEL Werkzeuge GmbH &amp; Co. KG accorde le plus grand soin au contenu de son site Internet et veille \u00e0 sa mise \u00e0 jour r\u00e9guli\u00e8re. Celui-ci ne vise toutefois qu&rsquo;\u00e0 fournir des informations g\u00e9n\u00e9rales et non contractuelles qui ne sauraient remplacer un conseil individuel approfondi. La soci\u00e9t\u00e9 BENDEL Werkzeuge GmbH &amp; Co. KG d\u00e9cline toute responsabilit\u00e9 quant au contenu de ce site dont elle ne garantit ni l&rsquo;actualit\u00e9, ni l&rsquo;exactitude, ni l&rsquo;exhaustivit\u00e9 ou quant \u00e0 son libre acc\u00e8s en permanence. Lorsque des liens renvoient l&rsquo;internaute vers d&rsquo;autres sites, la soci\u00e9t\u00e9 BENDEL Werkzeuge GmbH &amp; Co. KG ne saurait r\u00e9pondre du contenu de ces sites. En cliquant sur le lien, vous quittez l&rsquo;offre d&rsquo;informations de la soci\u00e9t\u00e9 BENDEL Werkzeuge GmbH &amp; Co. KG. D&rsquo;autres r\u00e9glementations peuvent s&rsquo;appliquer aux offres de tiers, en particulier en ce qui concerne la protection des donn\u00e9es. De plus, la soci\u00e9t\u00e9 BENDEL Werkzeuge GmbH &amp; Co. KG exclut toute garantie dans le cadre des prestations de service, notamment pour le t\u00e9l\u00e9chargement de donn\u00e9es mises \u00e0 disposition par la soci\u00e9t\u00e9 BENDEL Werkzeuge GmbH &amp; Co. KG sur son site Internet, en cas de manquement \u00e0 une obligation due \u00e0 une l\u00e9g\u00e8re n\u00e9gligence. <strong>\u00a9 Copyright BENDEL Werkzeuge GmbH &amp; Co. KG, Bad Bevensen, Allemagne<\/strong> Tous droits r\u00e9serv\u00e9s. Le texte, les photos, les graphiques, le son, les animations et vid\u00e9os ainsi que leur disposition sur le site web<a href=\"https:\/\/www.bendel.de\">www.bendel.de<\/a>sont soumis \u00e0 la l\u00e9gislation sur le droit d\u2019auteur et autres droits de la propri\u00e9t\u00e9 intellectuelle. Le contenu de ce site Internet ne peut \u00eatre copi\u00e9, diffus\u00e9, modifi\u00e9 ou rendu accessible \u00e0 des tiers \u00e0 des fins commerciales. Certaines pages contiennent par ailleurs des photos relevant du droit d&rsquo;auteur de tiers.<\/p>\n<hr \/>\n<h5>\u00a0<\/h5>\n<h5>R\u00e9alisation\u00a0:<\/h5>\n<p>Conception, graphisme et r\u00e9daction : www.ONO-design.de Annette Roemer Helenenstra\u00dfe 11 D-22765 Hamburg T\u00e9l\u00e9phone 040 4803469<\/p>\n<h5>Cr\u00e9dits photos\u00a0:<\/h5>\n<p>bendel shutterstock<\/p>\n<\/div>\n<\/div>\n<\/div>\n<\/div>\n<\/div>\n<p>[\/et_pb_text][\/et_pb_column][\/et_pb_row][\/et_pb_section]<\/p>\n","protected":false},"excerpt":{"rendered":"<p>Responsabilit\u00e9\u00a0: BENDEL Werkzeuge GmbH &amp; Co.KGWilhelm-Schulze-Str. 8-10D-29549 Bad Bevensen\/Allemagne T\u00e9l\u00e9phone\u00a0: +49 (0) 5821 9897-0E-mail\u00a0: info@bendel.de Tribunal comp\u00e9tent\u00a0: Tribunal de grande instance de L\u00fcneburg &#8211; HRA 200522 Num\u00e9ro fiscal\u00a0: Num\u00e9ro de TVA intracommunautaire\u00a0: DE 255 092 551 N\u00b0 d&rsquo;inscription au registre DEEE\u00a0: DE 58512437 Associ\u00e9 commandit\u00e9\u00a0: BENDEL GmbH\/Si\u00e8ge Bad BevensenG\u00e9rants : Christian MatzenTribunal de grande instance [&hellip;]<\/p>\n","protected":false},"author":8,"featured_media":0,"parent":0,"menu_order":271,"comment_status":"closed","ping_status":"closed","template":"","meta":{"_et_pb_use_builder":"on","_et_pb_old_content":"","_et_gb_content_width":"","footnotes":""},"class_list":["post-19422","page","type-page","status-publish","hentry"],"_links":{"self":[{"href":"https:\/\/bendel.de\/fr\/wp-json\/wp\/v2\/pages\/19422","targetHints":{"allow":["GET"]}}],"collection":[{"href":"https:\/\/bendel.de\/fr\/wp-json\/wp\/v2\/pages"}],"about":[{"href":"https:\/\/bendel.de\/fr\/wp-json\/wp\/v2\/types\/page"}],"author":[{"embeddable":true,"href":"https:\/\/bendel.de\/fr\/wp-json\/wp\/v2\/users\/8"}],"replies":[{"embeddable":true,"href":"https:\/\/bendel.de\/fr\/wp-json\/wp\/v2\/comments?post=19422"}],"version-history":[{"count":12,"href":"https:\/\/bendel.de\/fr\/wp-json\/wp\/v2\/pages\/19422\/revisions"}],"predecessor-version":[{"id":28314,"href":"https:\/\/bendel.de\/fr\/wp-json\/wp\/v2\/pages\/19422\/revisions\/28314"}],"wp:attachment":[{"href":"https:\/\/bendel.de\/fr\/wp-json\/wp\/v2\/media?parent=19422"}],"curies":[{"name":"wp","href":"https:\/\/api.w.org\/{rel}","templated":true}]}}